{"id":1510,"date":"2025-09-17T21:15:40","date_gmt":"2025-09-17T21:15:40","guid":{"rendered":"https:\/\/verdianpower.com\/prensa\/"},"modified":"2025-09-29T13:43:39","modified_gmt":"2025-09-29T13:43:39","slug":"prensa","status":"publish","type":"page","link":"https:\/\/verdianpower.com\/pt-pt\/prensa\/","title":{"rendered":"Prensa"},"content":{"rendered":"\t\t<div data-elementor-type=\"wp-page\" data-elementor-id=\"1510\" class=\"elementor elementor-1510 elementor-139\" data-elementor-post-type=\"page\">\n\t\t\t\t<div class=\"elementor-element elementor-element-2e4a066 e-flex e-con-boxed e-con e-parent\" data-id=\"2e4a066\" data-element_type=\"container\" data-e-type=\"container\">\n\t\t\t\t\t<div class=\"e-con-inner\">\n\t\t\t\t<div class=\"elementor-element elementor-element-4aa0467 elementor-grid-4 elementor-grid-tablet-2 elementor-grid-mobile-1 elementor-widget elementor-widget-loop-grid\" data-id=\"4aa0467\" data-element_type=\"widget\" data-e-type=\"widget\" data-settings=\"{&quot;template_id&quot;:814,&quot;columns&quot;:4,&quot;pagination_type&quot;:&quot;prev_next&quot;,&quot;_skin&quot;:&quot;post&quot;,&quot;columns_tablet&quot;:&quot;2&quot;,&quot;columns_mobile&quot;:&quot;1&quot;,&quot;edit_handle_selector&quot;:&quot;[data-elementor-type=\\&quot;loop-item\\&quot;]&quot;,&quot;pagination_load_type&quot;:&quot;page_reload&quot;,&quot;row_gap&quot;:{&quot;unit&quot;:&quot;px&quot;,&quot;size&quot;:&quot;&quot;,&quot;sizes&quot;:[]},&quot;row_gap_tablet&quot;:{&quot;unit&quot;:&quot;px&quot;,&quot;size&quot;:&quot;&quot;,&quot;sizes&quot;:[]},&quot;row_gap_mobile&quot;:{&quot;unit&quot;:&quot;px&quot;,&quot;size&quot;:&quot;&quot;,&quot;sizes&quot;:[]}}\" data-widget_type=\"loop-grid.post\">\n\t\t\t\t<div class=\"elementor-widget-container\">\n\t\t\t\t\t\t\t<div class=\"elementor-loop-container elementor-grid\" role=\"list\">\n\t\t<style id=\"loop-dynamic-814\">.e-loop-item-1442 .elementor-element.elementor-element-ee0df01:not(.elementor-motion-effects-element-type-background), .e-loop-item-1442 .elementor-element.elementor-element-ee0df01 > .elementor-motion-effects-container > .elementor-motion-effects-layer{background-image:url(\"https:\/\/verdianpower.com\/wp-content\/uploads\/2025\/09\/LPA-12-1340x701-1.jpg\");}<\/style><style id=\"loop-814\">.elementor-814 .elementor-element.elementor-element-8915a5c{--display:flex;--flex-direction:column;--container-widget-width:100%;--container-widget-height:initial;--container-widget-flex-grow:0;--container-widget-align-self:initial;--flex-wrap-mobile:wrap;--padding-top:0px;--padding-bottom:0px;--padding-left:0px;--padding-right:20px;}.elementor-814 .elementor-element.elementor-element-ee0df01{--display:flex;--min-height:370px;--justify-content:flex-end;--align-items:flex-end;--container-widget-width:calc( ( 1 - var( --container-widget-flex-grow ) ) * 100% );--gap:0px 0px;--row-gap:0px;--column-gap:0px;--padding-top:0px;--padding-bottom:0px;--padding-left:0px;--padding-right:0px;}.elementor-814 .elementor-element.elementor-element-ee0df01:not(.elementor-motion-effects-element-type-background), .elementor-814 .elementor-element.elementor-element-ee0df01 > .elementor-motion-effects-container > .elementor-motion-effects-layer{background-position:center center;background-repeat:no-repeat;background-size:cover;}.elementor-814 .elementor-element.elementor-element-d954f16{--display:flex;--gap:0px 0px;--row-gap:0px;--column-gap:0px;--position:absolute;bottom:-7vh;}body:not(.rtl) .elementor-814 .elementor-element.elementor-element-d954f16{right:-10px;}body.rtl .elementor-814 .elementor-element.elementor-element-d954f16{left:-10px;}.elementor-widget-heading .elementor-heading-title{font-family:var( --e-global-typography-primary-font-family ), Sans-serif;font-weight:var( --e-global-typography-primary-font-weight );color:var( --e-global-color-primary );}.elementor-814 .elementor-element.elementor-element-e161389{text-align:center;width:auto;max-width:auto;}.elementor-814 .elementor-element.elementor-element-e161389 .elementor-heading-title{font-family:\"Montserrat\", Sans-serif;font-size:35px;font-weight:700;color:var( --e-global-color-fa969eb );}.elementor-814 .elementor-element.elementor-element-e161389 > .elementor-widget-container{padding:10px 10px 10px 10px;background-color:var( --e-global-color-ea4933d );}.elementor-814 .elementor-element.elementor-element-bee7b6a{text-align:center;width:auto;max-width:auto;}.elementor-814 .elementor-element.elementor-element-bee7b6a .elementor-heading-title{font-family:\"Montserrat\", Sans-serif;font-size:12px;font-weight:500;color:var( --e-global-color-fb69dd7 );}.elementor-814 .elementor-element.elementor-element-bee7b6a > .elementor-widget-container{padding:10px 10px 10px 10px;background-color:var( --e-global-color-fa969eb );}.elementor-814 .elementor-element.elementor-element-a742f3b{--display:flex;--flex-direction:row;--container-widget-width:initial;--container-widget-height:100%;--container-widget-flex-grow:1;--container-widget-align-self:stretch;--flex-wrap-mobile:wrap;--gap:0px 0px;--row-gap:0px;--column-gap:0px;--padding-top:0px;--padding-bottom:0px;--padding-left:0px;--padding-right:0px;}.elementor-814 .elementor-element.elementor-element-8c17c21 .elementor-heading-title{font-family:\"Montserrat\", Sans-serif;font-size:14px;font-weight:500;}.elementor-814 .elementor-element.elementor-element-8c17c21 > .elementor-widget-container{margin:33px 0px 0px 0px;}.elementor-widget-post-info .elementor-icon-list-item:not(:last-child):after{border-color:var( --e-global-color-text );}.elementor-widget-post-info .elementor-icon-list-icon i{color:var( --e-global-color-primary );}.elementor-widget-post-info .elementor-icon-list-icon svg{fill:var( --e-global-color-primary );}.elementor-widget-post-info .elementor-icon-list-text, .elementor-widget-post-info .elementor-icon-list-text a{color:var( --e-global-color-secondary );}.elementor-widget-post-info .elementor-icon-list-item{font-family:var( --e-global-typography-text-font-family ), Sans-serif;font-weight:var( --e-global-typography-text-font-weight );}.elementor-814 .elementor-element.elementor-element-f65c92d .elementor-icon-list-icon{width:14px;}.elementor-814 .elementor-element.elementor-element-f65c92d .elementor-icon-list-icon i{font-size:14px;}.elementor-814 .elementor-element.elementor-element-f65c92d .elementor-icon-list-icon svg{--e-icon-list-icon-size:14px;}.elementor-814 .elementor-element.elementor-element-f65c92d .elementor-icon-list-text, .elementor-814 .elementor-element.elementor-element-f65c92d .elementor-icon-list-text a{color:var( --e-global-color-ea4933d );}.elementor-814 .elementor-element.elementor-element-f65c92d .elementor-icon-list-item{font-family:\"Montserrat\", Sans-serif;font-size:14px;font-weight:500;text-decoration:none;}.elementor-814 .elementor-element.elementor-element-f65c92d > .elementor-widget-container{margin:30px 0px 0px 3px;}.elementor-814 .elementor-element.elementor-element-eaeb286 .elementor-heading-title{font-family:\"Montserrat\", Sans-serif;font-size:20px;font-weight:700;line-height:30px;color:var( --e-global-color-fa969eb );}.elementor-814 .elementor-element.elementor-element-eaeb286 .elementor-heading-title a:hover, .elementor-814 .elementor-element.elementor-element-eaeb286 .elementor-heading-title a:focus{color:var( --e-global-color-ea4933d );}.elementor-814 .elementor-element.elementor-element-eaeb286 > .elementor-widget-container{margin:-10px 0px 0px 0px;}@media(min-width:768px){.elementor-814 .elementor-element.elementor-element-d954f16{--width:31%;}}@media(max-width:767px){.elementor-814 .elementor-element.elementor-element-8915a5c{--padding-top:0px;--padding-bottom:0px;--padding-left:20px;--padding-right:20px;}.elementor-814 .elementor-element.elementor-element-d954f16{--width:30%;}.elementor-814 .elementor-element.elementor-element-a742f3b{--margin-top:20px;--margin-bottom:0px;--margin-left:0px;--margin-right:0px;}}<\/style>\t\t<div data-elementor-type=\"loop-item\" data-elementor-id=\"814\" class=\"elementor elementor-814 e-loop-item e-loop-item-1442 post-1442 post type-post status-publish format-standard has-post-thumbnail hentry category-comunicado-de-imprensa\" data-elementor-post-type=\"elementor_library\" data-custom-edit-handle=\"1\">\n\t\t\t<div class=\"elementor-element elementor-element-8915a5c e-flex e-con-boxed e-con e-parent\" data-id=\"8915a5c\" data-element_type=\"container\" data-e-type=\"container\">\n\t\t\t\t\t<div class=\"e-con-inner\">\n\t\t<a class=\"elementor-element elementor-element-ee0df01 e-con-full e-flex e-con e-child\" data-id=\"ee0df01\" data-element_type=\"container\" data-e-type=\"container\" data-settings=\"{&quot;background_background&quot;:&quot;classic&quot;}\" href=\"https:\/\/verdianpower.com\/pt-pt\/nlcomp-vence-o-cleantech-startup-contest-na-primeira-edicao-da-italian-energy-tech-conference\/\">\n\t\t<div class=\"elementor-element elementor-element-d954f16 e-con-full e-flex e-con e-child\" data-id=\"d954f16\" data-element_type=\"container\" data-e-type=\"container\" data-settings=\"{&quot;position&quot;:&quot;absolute&quot;}\">\n\t\t\t\t<div class=\"elementor-element elementor-element-e161389 elementor-widget__width-auto elementor-widget elementor-widget-heading\" data-id=\"e161389\" data-element_type=\"widget\" data-e-type=\"widget\" data-widget_type=\"heading.default\">\n\t\t\t\t<div class=\"elementor-widget-container\">\n\t\t\t\t\t<h2 class=\"elementor-heading-title elementor-size-default\">28<\/h2>\t\t\t\t<\/div>\n\t\t\t\t<\/div>\n\t\t\t\t<div class=\"elementor-element elementor-element-bee7b6a elementor-widget__width-auto elementor-widget elementor-widget-heading\" data-id=\"bee7b6a\" data-element_type=\"widget\" data-e-type=\"widget\" data-widget_type=\"heading.default\">\n\t\t\t\t<div class=\"elementor-widget-container\">\n\t\t\t\t\t<h2 class=\"elementor-heading-title elementor-size-default\">Nov '24<\/h2>\t\t\t\t<\/div>\n\t\t\t\t<\/div>\n\t\t\t\t<\/div>\n\t\t\t\t<\/a>\n\t\t<div class=\"elementor-element elementor-element-a742f3b e-con-full e-flex e-con e-child\" data-id=\"a742f3b\" data-element_type=\"container\" data-e-type=\"container\">\n\t\t\t\t<div class=\"elementor-element elementor-element-8c17c21 elementor-widget elementor-widget-heading\" data-id=\"8c17c21\" data-element_type=\"widget\" data-e-type=\"widget\" data-widget_type=\"heading.default\">\n\t\t\t\t<div class=\"elementor-widget-container\">\n\t\t\t\t\t<h2 class=\"elementor-heading-title elementor-size-default\">.<\/h2>\t\t\t\t<\/div>\n\t\t\t\t<\/div>\n\t\t\t\t<div class=\"elementor-element elementor-element-f65c92d elementor-widget elementor-widget-post-info\" data-id=\"f65c92d\" data-element_type=\"widget\" data-e-type=\"widget\" data-widget_type=\"post-info.default\">\n\t\t\t\t<div class=\"elementor-widget-container\">\n\t\t\t\t\t\t\t<ul class=\"elementor-inline-items elementor-icon-list-items elementor-post-info\">\n\t\t\t\t\t\t\t\t<li class=\"elementor-icon-list-item elementor-repeater-item-de4c7ef elementor-inline-item\" itemprop=\"about\">\n\t\t\t\t\t\t\t\t\t\t\t\t\t<span class=\"elementor-icon-list-text elementor-post-info__item elementor-post-info__item--type-terms\">\n\t\t\t\t\t\t\t\t\t\t<span class=\"elementor-post-info__terms-list\">\n\t\t\t\t<a href=\"https:\/\/verdianpower.com\/pt-pt\/category\/comunicado-de-imprensa\/\" class=\"elementor-post-info__terms-list-item\">Comunicado de Imprensa<\/a>\t\t\t\t<\/span>\n\t\t\t\t\t<\/span>\n\t\t\t\t\t\t\t\t<\/li>\n\t\t\t\t<\/ul>\n\t\t\t\t\t\t<\/div>\n\t\t\t\t<\/div>\n\t\t\t\t<\/div>\n\t\t\t\t<div class=\"elementor-element elementor-element-eaeb286 elementor-widget elementor-widget-heading\" data-id=\"eaeb286\" data-element_type=\"widget\" data-e-type=\"widget\" data-widget_type=\"heading.default\">\n\t\t\t\t<div class=\"elementor-widget-container\">\n\t\t\t\t\t<h2 class=\"elementor-heading-title elementor-size-default\"><a href=\"https:\/\/verdianpower.com\/pt-pt\/nlcomp-vence-o-cleantech-startup-contest-na-primeira-edicao-da-italian-energy-tech-conference\/\">NLCOMP VENCE O CLEANTECH STARTUP CONTEST NA PRIMEIRA EDI\u00c7\u00c3O DA ITALIAN ENERGY TECH CONFERENCE<\/a><\/h2>\t\t\t\t<\/div>\n\t\t\t\t<\/div>\n\t\t\t\t\t<\/div>\n\t\t\t\t<\/div>\n\t\t\t\t<\/div>\n\t\t<style id=\"loop-dynamic-814\">.e-loop-item-1506 .elementor-element.elementor-element-ee0df01:not(.elementor-motion-effects-element-type-background), .e-loop-item-1506 .elementor-element.elementor-element-ee0df01 > .elementor-motion-effects-container > .elementor-motion-effects-layer{background-image:url(\"https:\/\/verdianpower.com\/wp-content\/uploads\/2025\/09\/Agrovoltaics.jpg\");}<\/style>\t\t<div data-elementor-type=\"loop-item\" data-elementor-id=\"814\" class=\"elementor elementor-814 e-loop-item e-loop-item-1506 post-1506 post type-post status-publish format-standard has-post-thumbnail hentry category-opiniao\" data-elementor-post-type=\"elementor_library\" data-custom-edit-handle=\"1\">\n\t\t\t<div class=\"elementor-element elementor-element-8915a5c e-flex e-con-boxed e-con e-parent\" data-id=\"8915a5c\" data-element_type=\"container\" data-e-type=\"container\">\n\t\t\t\t\t<div class=\"e-con-inner\">\n\t\t<a class=\"elementor-element elementor-element-ee0df01 e-con-full e-flex e-con e-child\" data-id=\"ee0df01\" data-element_type=\"container\" data-e-type=\"container\" data-settings=\"{&quot;background_background&quot;:&quot;classic&quot;}\" href=\"https:\/\/verdianpower.com\/pt-pt\/agrovoltaica-o-equilibrio-fundamental-entre-a-agricultura-e-a-producao-de-energia-solar\/\">\n\t\t<div class=\"elementor-element elementor-element-d954f16 e-con-full e-flex e-con e-child\" data-id=\"d954f16\" data-element_type=\"container\" data-e-type=\"container\" data-settings=\"{&quot;position&quot;:&quot;absolute&quot;}\">\n\t\t\t\t<div class=\"elementor-element elementor-element-e161389 elementor-widget__width-auto elementor-widget elementor-widget-heading\" data-id=\"e161389\" data-element_type=\"widget\" data-e-type=\"widget\" data-widget_type=\"heading.default\">\n\t\t\t\t<div class=\"elementor-widget-container\">\n\t\t\t\t\t<h2 class=\"elementor-heading-title elementor-size-default\">17<\/h2>\t\t\t\t<\/div>\n\t\t\t\t<\/div>\n\t\t\t\t<div class=\"elementor-element elementor-element-bee7b6a elementor-widget__width-auto elementor-widget elementor-widget-heading\" data-id=\"bee7b6a\" data-element_type=\"widget\" data-e-type=\"widget\" data-widget_type=\"heading.default\">\n\t\t\t\t<div class=\"elementor-widget-container\">\n\t\t\t\t\t<h2 class=\"elementor-heading-title elementor-size-default\">Jan '24<\/h2>\t\t\t\t<\/div>\n\t\t\t\t<\/div>\n\t\t\t\t<\/div>\n\t\t\t\t<\/a>\n\t\t<div class=\"elementor-element elementor-element-a742f3b e-con-full e-flex e-con e-child\" data-id=\"a742f3b\" data-element_type=\"container\" data-e-type=\"container\">\n\t\t\t\t<div class=\"elementor-element elementor-element-8c17c21 elementor-widget elementor-widget-heading\" data-id=\"8c17c21\" data-element_type=\"widget\" data-e-type=\"widget\" data-widget_type=\"heading.default\">\n\t\t\t\t<div class=\"elementor-widget-container\">\n\t\t\t\t\t<h2 class=\"elementor-heading-title elementor-size-default\">.<\/h2>\t\t\t\t<\/div>\n\t\t\t\t<\/div>\n\t\t\t\t<div class=\"elementor-element elementor-element-f65c92d elementor-widget elementor-widget-post-info\" data-id=\"f65c92d\" data-element_type=\"widget\" data-e-type=\"widget\" data-widget_type=\"post-info.default\">\n\t\t\t\t<div class=\"elementor-widget-container\">\n\t\t\t\t\t\t\t<ul class=\"elementor-inline-items elementor-icon-list-items elementor-post-info\">\n\t\t\t\t\t\t\t\t<li class=\"elementor-icon-list-item elementor-repeater-item-de4c7ef elementor-inline-item\" itemprop=\"about\">\n\t\t\t\t\t\t\t\t\t\t\t\t\t<span class=\"elementor-icon-list-text elementor-post-info__item elementor-post-info__item--type-terms\">\n\t\t\t\t\t\t\t\t\t\t<span class=\"elementor-post-info__terms-list\">\n\t\t\t\t<a href=\"https:\/\/verdianpower.com\/pt-pt\/category\/opiniao\/\" class=\"elementor-post-info__terms-list-item\">Opini\u00e3o<\/a>\t\t\t\t<\/span>\n\t\t\t\t\t<\/span>\n\t\t\t\t\t\t\t\t<\/li>\n\t\t\t\t<\/ul>\n\t\t\t\t\t\t<\/div>\n\t\t\t\t<\/div>\n\t\t\t\t<\/div>\n\t\t\t\t<div class=\"elementor-element elementor-element-eaeb286 elementor-widget elementor-widget-heading\" data-id=\"eaeb286\" data-element_type=\"widget\" data-e-type=\"widget\" data-widget_type=\"heading.default\">\n\t\t\t\t<div class=\"elementor-widget-container\">\n\t\t\t\t\t<h2 class=\"elementor-heading-title elementor-size-default\"><a href=\"https:\/\/verdianpower.com\/pt-pt\/agrovoltaica-o-equilibrio-fundamental-entre-a-agricultura-e-a-producao-de-energia-solar\/\">Agrovoltaica, o equil\u00edbrio fundamental entre a agricultura e a produ\u00e7\u00e3o de energia solar<\/a><\/h2>\t\t\t\t<\/div>\n\t\t\t\t<\/div>\n\t\t\t\t\t<\/div>\n\t\t\t\t<\/div>\n\t\t\t\t<\/div>\n\t\t<style id=\"loop-dynamic-814\">.e-loop-item-1472 .elementor-element.elementor-element-ee0df01:not(.elementor-motion-effects-element-type-background), .e-loop-item-1472 .elementor-element.elementor-element-ee0df01 > .elementor-motion-effects-container > .elementor-motion-effects-layer{background-image:url(\"https:\/\/verdianpower.com\/wp-content\/uploads\/2025\/09\/visual-ndp-1340x701-1.jpg\");}<\/style>\t\t<div data-elementor-type=\"loop-item\" data-elementor-id=\"814\" class=\"elementor elementor-814 e-loop-item e-loop-item-1472 post-1472 post type-post status-publish format-standard has-post-thumbnail hentry category-comunicado-de-imprensa\" data-elementor-post-type=\"elementor_library\" data-custom-edit-handle=\"1\">\n\t\t\t<div class=\"elementor-element elementor-element-8915a5c e-flex e-con-boxed e-con e-parent\" data-id=\"8915a5c\" data-element_type=\"container\" data-e-type=\"container\">\n\t\t\t\t\t<div class=\"e-con-inner\">\n\t\t<a class=\"elementor-element elementor-element-ee0df01 e-con-full e-flex e-con e-child\" data-id=\"ee0df01\" data-element_type=\"container\" data-e-type=\"container\" data-settings=\"{&quot;background_background&quot;:&quot;classic&quot;}\" href=\"https:\/\/verdianpower.com\/pt-pt\/glenmmont-partners-lanca-verdian-power-com-o-objetivo-de-desenvolver-3gw-de-energia-100-renovavel-na-europa\/\">\n\t\t<div class=\"elementor-element elementor-element-d954f16 e-con-full e-flex e-con e-child\" data-id=\"d954f16\" data-element_type=\"container\" data-e-type=\"container\" data-settings=\"{&quot;position&quot;:&quot;absolute&quot;}\">\n\t\t\t\t<div class=\"elementor-element elementor-element-e161389 elementor-widget__width-auto elementor-widget elementor-widget-heading\" data-id=\"e161389\" data-element_type=\"widget\" data-e-type=\"widget\" data-widget_type=\"heading.default\">\n\t\t\t\t<div class=\"elementor-widget-container\">\n\t\t\t\t\t<h2 class=\"elementor-heading-title elementor-size-default\">18<\/h2>\t\t\t\t<\/div>\n\t\t\t\t<\/div>\n\t\t\t\t<div class=\"elementor-element elementor-element-bee7b6a elementor-widget__width-auto elementor-widget elementor-widget-heading\" data-id=\"bee7b6a\" data-element_type=\"widget\" data-e-type=\"widget\" data-widget_type=\"heading.default\">\n\t\t\t\t<div class=\"elementor-widget-container\">\n\t\t\t\t\t<h2 class=\"elementor-heading-title elementor-size-default\">Out '23<\/h2>\t\t\t\t<\/div>\n\t\t\t\t<\/div>\n\t\t\t\t<\/div>\n\t\t\t\t<\/a>\n\t\t<div class=\"elementor-element elementor-element-a742f3b e-con-full e-flex e-con e-child\" data-id=\"a742f3b\" data-element_type=\"container\" data-e-type=\"container\">\n\t\t\t\t<div class=\"elementor-element elementor-element-8c17c21 elementor-widget elementor-widget-heading\" data-id=\"8c17c21\" data-element_type=\"widget\" data-e-type=\"widget\" data-widget_type=\"heading.default\">\n\t\t\t\t<div class=\"elementor-widget-container\">\n\t\t\t\t\t<h2 class=\"elementor-heading-title elementor-size-default\">.<\/h2>\t\t\t\t<\/div>\n\t\t\t\t<\/div>\n\t\t\t\t<div class=\"elementor-element elementor-element-f65c92d elementor-widget elementor-widget-post-info\" data-id=\"f65c92d\" data-element_type=\"widget\" data-e-type=\"widget\" data-widget_type=\"post-info.default\">\n\t\t\t\t<div class=\"elementor-widget-container\">\n\t\t\t\t\t\t\t<ul class=\"elementor-inline-items elementor-icon-list-items elementor-post-info\">\n\t\t\t\t\t\t\t\t<li class=\"elementor-icon-list-item elementor-repeater-item-de4c7ef elementor-inline-item\" itemprop=\"about\">\n\t\t\t\t\t\t\t\t\t\t\t\t\t<span class=\"elementor-icon-list-text elementor-post-info__item elementor-post-info__item--type-terms\">\n\t\t\t\t\t\t\t\t\t\t<span class=\"elementor-post-info__terms-list\">\n\t\t\t\t<a href=\"https:\/\/verdianpower.com\/pt-pt\/category\/comunicado-de-imprensa\/\" class=\"elementor-post-info__terms-list-item\">Comunicado de Imprensa<\/a>\t\t\t\t<\/span>\n\t\t\t\t\t<\/span>\n\t\t\t\t\t\t\t\t<\/li>\n\t\t\t\t<\/ul>\n\t\t\t\t\t\t<\/div>\n\t\t\t\t<\/div>\n\t\t\t\t<\/div>\n\t\t\t\t<div class=\"elementor-element elementor-element-eaeb286 elementor-widget elementor-widget-heading\" data-id=\"eaeb286\" data-element_type=\"widget\" data-e-type=\"widget\" data-widget_type=\"heading.default\">\n\t\t\t\t<div class=\"elementor-widget-container\">\n\t\t\t\t\t<h2 class=\"elementor-heading-title elementor-size-default\"><a href=\"https:\/\/verdianpower.com\/pt-pt\/glenmmont-partners-lanca-verdian-power-com-o-objetivo-de-desenvolver-3gw-de-energia-100-renovavel-na-europa\/\">Glenmmont Partners lan\u00e7a Verdian Power com o objetivo de desenvolver 3GW de energia 100% renov\u00e1vel na Europa<\/a><\/h2>\t\t\t\t<\/div>\n\t\t\t\t<\/div>\n\t\t\t\t\t<\/div>\n\t\t\t\t<\/div>\n\t\t\t\t<\/div>\n\t\t\t\t<\/div>\n\t\t\n\t\t\t\t\t\t<\/div>\n\t\t\t\t<\/div>\n\t\t\t\t<div class=\"elementor-element elementor-element-2f487fd elementor-widget elementor-widget-spacer\" data-id=\"2f487fd\" data-element_type=\"widget\" data-e-type=\"widget\" data-widget_type=\"spacer.default\">\n\t\t\t\t<div class=\"elementor-widget-container\">\n\t\t\t\t\t\t\t<div class=\"elementor-spacer\">\n\t\t\t<div class=\"elementor-spacer-inner\"><\/div>\n\t\t<\/div>\n\t\t\t\t\t\t<\/div>\n\t\t\t\t<\/div>\n\t\t\t\t\t<\/div>\n\t\t\t\t<\/div>\n\t\t\t\t<\/div>\n\t\t","protected":false},"excerpt":{"rendered":"","protected":false},"author":5,"featured_media":0,"parent":0,"menu_order":0,"comment_status":"closed","ping_status":"closed","template":"","meta":{"footnotes":""},"class_list":["post-1510","page","type-page","status-publish","hentry"],"yoast_head":"<!-- This site is optimized with the Yoast SEO plugin v27.2 - https:\/\/yoast.com\/product\/yoast-seo-wordpress\/ -->\n<title>Prensa - VERDIAN<\/title>\n<meta name=\"robots\" content=\"index, follow, max-snippet:-1, max-image-preview:large, max-video-preview:-1\" \/>\n<link rel=\"canonical\" href=\"https:\/\/verdianpower.com\/pt-pt\/prensa\/\" \/>\n<meta property=\"og:locale\" content=\"pt_PT\" \/>\n<meta property=\"og:type\" content=\"article\" \/>\n<meta property=\"og:title\" content=\"Prensa - VERDIAN\" \/>\n<meta property=\"og:url\" content=\"https:\/\/verdianpower.com\/pt-pt\/prensa\/\" \/>\n<meta property=\"og:site_name\" content=\"VERDIAN\" \/>\n<meta property=\"article:modified_time\" content=\"2025-09-29T13:43:39+00:00\" \/>\n<meta name=\"twitter:card\" content=\"summary_large_image\" \/>\n<script type=\"application\/ld+json\" class=\"yoast-schema-graph\">{\"@context\":\"https:\/\/schema.org\",\"@graph\":[{\"@type\":\"WebPage\",\"@id\":\"https:\/\/verdianpower.com\/pt-pt\/prensa\/\",\"url\":\"https:\/\/verdianpower.com\/pt-pt\/prensa\/\",\"name\":\"Prensa - VERDIAN\",\"isPartOf\":{\"@id\":\"https:\/\/verdianpower.com\/pt-pt\/#website\"},\"datePublished\":\"2025-09-17T21:15:40+00:00\",\"dateModified\":\"2025-09-29T13:43:39+00:00\",\"breadcrumb\":{\"@id\":\"https:\/\/verdianpower.com\/pt-pt\/prensa\/#breadcrumb\"},\"inLanguage\":\"pt-PT\",\"potentialAction\":[{\"@type\":\"ReadAction\",\"target\":[\"https:\/\/verdianpower.com\/pt-pt\/prensa\/\"]}]},{\"@type\":\"BreadcrumbList\",\"@id\":\"https:\/\/verdianpower.com\/pt-pt\/prensa\/#breadcrumb\",\"itemListElement\":[{\"@type\":\"ListItem\",\"position\":1,\"name\":\"Portada\",\"item\":\"https:\/\/verdianpower.com\/pt-pt\/\"},{\"@type\":\"ListItem\",\"position\":2,\"name\":\"Prensa\"}]},{\"@type\":\"WebSite\",\"@id\":\"https:\/\/verdianpower.com\/pt-pt\/#website\",\"url\":\"https:\/\/verdianpower.com\/pt-pt\/\",\"name\":\"VERDIAN\",\"description\":\"\",\"potentialAction\":[{\"@type\":\"SearchAction\",\"target\":{\"@type\":\"EntryPoint\",\"urlTemplate\":\"https:\/\/verdianpower.com\/pt-pt\/?s={search_term_string}\"},\"query-input\":{\"@type\":\"PropertyValueSpecification\",\"valueRequired\":true,\"valueName\":\"search_term_string\"}}],\"inLanguage\":\"pt-PT\"}]}<\/script>\n<!-- \/ Yoast SEO plugin. -->","yoast_head_json":{"title":"Prensa - VERDIAN","robots":{"index":"index","follow":"follow","max-snippet":"max-snippet:-1","max-image-preview":"max-image-preview:large","max-video-preview":"max-video-preview:-1"},"canonical":"https:\/\/verdianpower.com\/pt-pt\/prensa\/","og_locale":"pt_PT","og_type":"article","og_title":"Prensa - VERDIAN","og_url":"https:\/\/verdianpower.com\/pt-pt\/prensa\/","og_site_name":"VERDIAN","article_modified_time":"2025-09-29T13:43:39+00:00","twitter_card":"summary_large_image","schema":{"@context":"https:\/\/schema.org","@graph":[{"@type":"WebPage","@id":"https:\/\/verdianpower.com\/pt-pt\/prensa\/","url":"https:\/\/verdianpower.com\/pt-pt\/prensa\/","name":"Prensa - VERDIAN","isPartOf":{"@id":"https:\/\/verdianpower.com\/pt-pt\/#website"},"datePublished":"2025-09-17T21:15:40+00:00","dateModified":"2025-09-29T13:43:39+00:00","breadcrumb":{"@id":"https:\/\/verdianpower.com\/pt-pt\/prensa\/#breadcrumb"},"inLanguage":"pt-PT","potentialAction":[{"@type":"ReadAction","target":["https:\/\/verdianpower.com\/pt-pt\/prensa\/"]}]},{"@type":"BreadcrumbList","@id":"https:\/\/verdianpower.com\/pt-pt\/prensa\/#breadcrumb","itemListElement":[{"@type":"ListItem","position":1,"name":"Portada","item":"https:\/\/verdianpower.com\/pt-pt\/"},{"@type":"ListItem","position":2,"name":"Prensa"}]},{"@type":"WebSite","@id":"https:\/\/verdianpower.com\/pt-pt\/#website","url":"https:\/\/verdianpower.com\/pt-pt\/","name":"VERDIAN","description":"","potentialAction":[{"@type":"SearchAction","target":{"@type":"EntryPoint","urlTemplate":"https:\/\/verdianpower.com\/pt-pt\/?s={search_term_string}"},"query-input":{"@type":"PropertyValueSpecification","valueRequired":true,"valueName":"search_term_string"}}],"inLanguage":"pt-PT"}]}},"_links":{"self":[{"href":"https:\/\/verdianpower.com\/pt-pt\/wp-json\/wp\/v2\/pages\/1510","targetHints":{"allow":["GET"]}}],"collection":[{"href":"https:\/\/verdianpower.com\/pt-pt\/wp-json\/wp\/v2\/pages"}],"about":[{"href":"https:\/\/verdianpower.com\/pt-pt\/wp-json\/wp\/v2\/types\/page"}],"author":[{"embeddable":true,"href":"https:\/\/verdianpower.com\/pt-pt\/wp-json\/wp\/v2\/users\/5"}],"replies":[{"embeddable":true,"href":"https:\/\/verdianpower.com\/pt-pt\/wp-json\/wp\/v2\/comments?post=1510"}],"version-history":[{"count":0,"href":"https:\/\/verdianpower.com\/pt-pt\/wp-json\/wp\/v2\/pages\/1510\/revisions"}],"wp:attachment":[{"href":"https:\/\/verdianpower.com\/pt-pt\/wp-json\/wp\/v2\/media?parent=1510"}],"curies":[{"name":"wp","href":"https:\/\/api.w.org\/{rel}","templated":true}]}}