{"id":1284,"date":"2022-11-18T11:45:32","date_gmt":"2022-11-18T10:45:32","guid":{"rendered":"https:\/\/verdianpower.com\/home\/"},"modified":"2025-10-25T09:25:31","modified_gmt":"2025-10-25T07:25:31","slug":"home","status":"publish","type":"page","link":"https:\/\/verdianpower.com\/pt-pt\/","title":{"rendered":"Home"},"content":{"rendered":"\t\t<div data-elementor-type=\"wp-page\" data-elementor-id=\"1284\" class=\"elementor elementor-1284 elementor-66\" data-elementor-post-type=\"page\">\n\t\t\t\t<div class=\"elementor-element elementor-element-39a328e e-flex e-con-boxed e-con e-parent\" data-id=\"39a328e\" data-element_type=\"container\" data-e-type=\"container\" data-settings=\"{&quot;background_background&quot;:&quot;classic&quot;}\">\n\t\t\t\t\t<div class=\"e-con-inner\">\n\t\t\t\t<div class=\"elementor-element elementor-element-e6774a2 elementor-widget__width-initial elementor-widget-mobile__width-inherit elementor-widget elementor-widget-heading\" data-id=\"e6774a2\" data-element_type=\"widget\" data-e-type=\"widget\" data-widget_type=\"heading.default\">\n\t\t\t\t<div class=\"elementor-widget-container\">\n\t\t\t\t\t<h2 class=\"elementor-heading-title elementor-size-default\">As a\u00e7\u00f5es de hoje impulisionam as <span class=\"subrayado\">energias<\/span> limpas do amanh\u00e3.\n<\/h2>\t\t\t\t<\/div>\n\t\t\t\t<\/div>\n\t\t\t\t<div class=\"elementor-element elementor-element-e5ffca7 elementor-widget__width-initial elementor-widget-mobile__width-inherit elementor-widget elementor-widget-heading\" data-id=\"e5ffca7\" data-element_type=\"widget\" data-e-type=\"widget\" data-widget_type=\"heading.default\">\n\t\t\t\t<div class=\"elementor-widget-container\">\n\t\t\t\t\t<p class=\"elementor-heading-title elementor-size-default\">Geramos energia 100% limpa para avan\u00e7armos em dire\u00e7\u00e3o a um mundo mais sustent\u00e1vel, trabalhando sempre em conjunto com as comunidades locais onde produzimos energia e colaborando ativamente com elas para proteger o seu ambiente natural, o seu patrim\u00f3nio cultural e o seu desenvolvimento socioecon\u00f3mico.<\/p>\t\t\t\t<\/div>\n\t\t\t\t<\/div>\n\t\t\t\t\t<\/div>\n\t\t\t\t<\/div>\n\t\t<div class=\"elementor-element elementor-element-9df1e69 e-flex e-con-boxed e-con e-parent\" data-id=\"9df1e69\" data-element_type=\"container\" data-e-type=\"container\">\n\t\t\t\t\t<div class=\"e-con-inner\">\n\t\t<div class=\"elementor-element elementor-element-b91d4ba e-con-full e-flex e-con e-child\" data-id=\"b91d4ba\" data-element_type=\"container\" data-e-type=\"container\">\n\t\t\t\t<div class=\"elementor-element elementor-element-080c501 elementor-widget elementor-widget-heading\" data-id=\"080c501\" data-element_type=\"widget\" data-e-type=\"widget\" data-widget_type=\"heading.default\">\n\t\t\t\t<div class=\"elementor-widget-container\">\n\t\t\t\t\t<h2 class=\"elementor-heading-title elementor-size-default\">O seu agente de mudan\u00e7a no setor das energias limpas<\/h2>\t\t\t\t<\/div>\n\t\t\t\t<\/div>\n\t\t\t\t<div class=\"elementor-element elementor-element-0255492 elementor-widget elementor-widget-text-editor\" data-id=\"0255492\" data-element_type=\"widget\" data-e-type=\"widget\" data-widget_type=\"text-editor.default\">\n\t\t\t\t<div class=\"elementor-widget-container\">\n\t\t\t\t\t\t\t\t\t<p>A Verdian quer fazer parte da solu\u00e7\u00e3o, gerando energia totalmente limpa e renov\u00e1vel que contribua para a independ\u00eancia energ\u00e9tica da Europa numa perspetiva verde, impulsionando uma verdadeira mudan\u00e7a na emerg\u00eancia clim\u00e1tica.<\/p><p>A nossa equipa, os nossos fornecedores e os nossos clientes querem fomentar os la\u00e7os comunit\u00e1rios e a prote\u00e7\u00e3o do ambiente, combatendo ativamente as altera\u00e7\u00f5es clim\u00e1ticas, tanto a n\u00edvel global como nas \u00e1reas onde operamos.<\/p>\t\t\t\t\t\t\t\t<\/div>\n\t\t\t\t<\/div>\n\t\t\t\t<\/div>\n\t\t<div class=\"elementor-element elementor-element-096f829 e-con-full e-flex e-con e-child\" data-id=\"096f829\" data-element_type=\"container\" data-e-type=\"container\">\n\t\t\t\t<div class=\"elementor-element elementor-element-5b58e33 elementor-widget elementor-widget-image\" data-id=\"5b58e33\" data-element_type=\"widget\" data-e-type=\"widget\" data-widget_type=\"image.default\">\n\t\t\t\t<div class=\"elementor-widget-container\">\n\t\t\t\t\t\t\t\t\t\t\t\t\t\t\t<img fetchpriority=\"high\" decoding=\"async\" width=\"800\" height=\"800\" src=\"https:\/\/verdianpower.com\/wp-content\/uploads\/2025\/09\/energy-sector.png\" class=\"attachment-large size-large wp-image-211\" alt=\"\" srcset=\"https:\/\/verdianpower.com\/wp-content\/uploads\/2025\/09\/energy-sector.png 885w, https:\/\/verdianpower.com\/wp-content\/uploads\/2025\/09\/energy-sector-300x300.png 300w, https:\/\/verdianpower.com\/wp-content\/uploads\/2025\/09\/energy-sector-150x150.png 150w, https:\/\/verdianpower.com\/wp-content\/uploads\/2025\/09\/energy-sector-768x768.png 768w\" sizes=\"(max-width: 800px) 100vw, 800px\" \/>\t\t\t\t\t\t\t\t\t\t\t\t\t\t\t<\/div>\n\t\t\t\t<\/div>\n\t\t\t\t<\/div>\n\t\t\t\t\t<\/div>\n\t\t\t\t<\/div>\n\t\t<div class=\"elementor-element elementor-element-d9b554d e-flex e-con-boxed e-con e-parent\" data-id=\"d9b554d\" data-element_type=\"container\" data-e-type=\"container\" data-settings=\"{&quot;background_background&quot;:&quot;classic&quot;}\">\n\t\t\t\t\t<div class=\"e-con-inner\">\n\t\t\t\t<div class=\"elementor-element elementor-element-0060760 elementor-widget elementor-widget-heading\" data-id=\"0060760\" data-element_type=\"widget\" data-e-type=\"widget\" data-widget_type=\"heading.default\">\n\t\t\t\t<div class=\"elementor-widget-container\">\n\t\t\t\t\t<h2 class=\"elementor-heading-title elementor-size-default\">Como podemos dar-lhe energia?<\/h2>\t\t\t\t<\/div>\n\t\t\t\t<\/div>\n\t\t\t\t<div class=\"elementor-element elementor-element-1d6b34d elementor-widget__width-initial elementor-widget-mobile__width-inherit elementor-widget elementor-widget-text-editor\" data-id=\"1d6b34d\" data-element_type=\"widget\" data-e-type=\"widget\" data-widget_type=\"text-editor.default\">\n\t\t\t\t<div class=\"elementor-widget-container\">\n\t\t\t\t\t\t\t\t\t<p>Queremos avan\u00e7ar em tudo isto, n\u00e3o s\u00f3 numa \u00f3tica empresarial, mas tamb\u00e9m de uma perspetiva humana, colocando os nossos vizinhos no centro de todo o projeto.<\/p>\t\t\t\t\t\t\t\t<\/div>\n\t\t\t\t<\/div>\n\t\t<div class=\"elementor-element elementor-element-5c86ea0 e-grid e-con-full e-con e-child\" data-id=\"5c86ea0\" data-element_type=\"container\" data-e-type=\"container\">\n\t\t<div class=\"elementor-element elementor-element-072644a e-con-full e-flex e-con e-child\" data-id=\"072644a\" data-element_type=\"container\" data-e-type=\"container\">\n\t\t\t\t<div class=\"elementor-element elementor-element-d94e56e elementor-widget elementor-widget-heading\" data-id=\"d94e56e\" data-element_type=\"widget\" data-e-type=\"widget\" data-widget_type=\"heading.default\">\n\t\t\t\t<div class=\"elementor-widget-container\">\n\t\t\t\t\t<h2 class=\"elementor-heading-title elementor-size-default\">Mais pr\u00f3xima das nossas comunidades<\/h2>\t\t\t\t<\/div>\n\t\t\t\t<\/div>\n\t\t\t\t<div class=\"elementor-element elementor-element-3f1248b elementor-widget elementor-widget-text-editor\" data-id=\"3f1248b\" data-element_type=\"widget\" data-e-type=\"widget\" data-widget_type=\"text-editor.default\">\n\t\t\t\t<div class=\"elementor-widget-container\">\n\t\t\t\t\t\t\t\t\t<p>A Verdian Power est\u00e1 pr\u00f3xima das comunidades onde opera. Trabalha proactivamente para proteger o seu ambiente natural e mitigar as altera\u00e7\u00f5es clim\u00e1ticas, tanto a n\u00edvel global como local.<\/p>\t\t\t\t\t\t\t\t<\/div>\n\t\t\t\t<\/div>\n\t\t\t\t<\/div>\n\t\t<div class=\"elementor-element elementor-element-a76a31d e-con-full e-flex e-con e-child\" data-id=\"a76a31d\" data-element_type=\"container\" data-e-type=\"container\">\n\t\t\t\t<div class=\"elementor-element elementor-element-5555382 elementor-widget elementor-widget-heading\" data-id=\"5555382\" data-element_type=\"widget\" data-e-type=\"widget\" data-widget_type=\"heading.default\">\n\t\t\t\t<div class=\"elementor-widget-container\">\n\t\t\t\t\t<h2 class=\"elementor-heading-title elementor-size-default\">Colocar as pessoas no centro<\/h2>\t\t\t\t<\/div>\n\t\t\t\t<\/div>\n\t\t\t\t<div class=\"elementor-element elementor-element-82b11ee elementor-widget elementor-widget-text-editor\" data-id=\"82b11ee\" data-element_type=\"widget\" data-e-type=\"widget\" data-widget_type=\"text-editor.default\">\n\t\t\t\t<div class=\"elementor-widget-container\">\n\t\t\t\t\t\t\t\t\tEspecialmente os cidad\u00e3os que vivem em zonas rurais e as estudantes e profissionais do sexo feminino no dom\u00ednio STEM.\t\t\t\t\t\t\t\t<\/div>\n\t\t\t\t<\/div>\n\t\t\t\t<\/div>\n\t\t<div class=\"elementor-element elementor-element-347b32c e-con-full e-flex e-con e-child\" data-id=\"347b32c\" data-element_type=\"container\" data-e-type=\"container\">\n\t\t\t\t<div class=\"elementor-element elementor-element-da36f21 elementor-widget elementor-widget-heading\" data-id=\"da36f21\" data-element_type=\"widget\" data-e-type=\"widget\" data-widget_type=\"heading.default\">\n\t\t\t\t<div class=\"elementor-widget-container\">\n\t\t\t\t\t<h2 class=\"elementor-heading-title elementor-size-default\">E fazer parte da solu\u00e7\u00e3o<\/h2>\t\t\t\t<\/div>\n\t\t\t\t<\/div>\n\t\t\t\t<div class=\"elementor-element elementor-element-ab07ca8 elementor-widget elementor-widget-text-editor\" data-id=\"ab07ca8\" data-element_type=\"widget\" data-e-type=\"widget\" data-widget_type=\"text-editor.default\">\n\t\t\t\t<div class=\"elementor-widget-container\">\n\t\t\t\t\t\t\t\t\tGerar energia 100% limpa que contribua para a sustentabilidade global e para a independ\u00eancia energ\u00e9tica da Europa.\t\t\t\t\t\t\t\t<\/div>\n\t\t\t\t<\/div>\n\t\t\t\t<\/div>\n\t\t\t\t<\/div>\n\t\t\t\t\t<\/div>\n\t\t\t\t<\/div>\n\t\t<div class=\"elementor-element elementor-element-c4c28c7 e-flex e-con-boxed e-con e-parent\" data-id=\"c4c28c7\" data-element_type=\"container\" data-e-type=\"container\" data-settings=\"{&quot;background_background&quot;:&quot;classic&quot;}\">\n\t\t\t\t\t<div class=\"e-con-inner\">\n\t\t\t\t<div class=\"elementor-element elementor-element-154793c elementor-widget elementor-widget-heading\" data-id=\"154793c\" data-element_type=\"widget\" data-e-type=\"widget\" data-widget_type=\"heading.default\">\n\t\t\t\t<div class=\"elementor-widget-container\">\n\t\t\t\t\t<h2 class=\"elementor-heading-title elementor-size-default\">Sustentabilidade em toda a nossa atividade\n<\/h2>\t\t\t\t<\/div>\n\t\t\t\t<\/div>\n\t\t\t\t<div class=\"elementor-element elementor-element-60f0c23 elementor-widget__width-initial elementor-widget-mobile__width-inherit elementor-icon-list--layout-traditional elementor-list-item-link-full_width elementor-widget elementor-widget-icon-list\" data-id=\"60f0c23\" data-element_type=\"widget\" data-e-type=\"widget\" data-widget_type=\"icon-list.default\">\n\t\t\t\t<div class=\"elementor-widget-container\">\n\t\t\t\t\t\t\t<ul class=\"elementor-icon-list-items\">\n\t\t\t\t\t\t\t<li class=\"elementor-icon-list-item\">\n\t\t\t\t\t\t\t\t\t\t\t<span class=\"elementor-icon-list-icon\">\n\t\t\t\t\t\t\t<svg xmlns=\"http:\/\/www.w3.org\/2000\/svg\" viewBox=\"0 0 16 16\"><g><path d=\"m2.00276 9.99724 7.99724.002762-.001488-8-.998512-.001381.000107 6.29438-8.293-8.293-.707107.707107 8.293 8.293h-6.293z\" transform=\"translate(3 3)\"><\/path><\/g><\/svg>\t\t\t\t\t\t<\/span>\n\t\t\t\t\t\t\t\t\t\t<span class=\"elementor-icon-list-text\"><strong>Damos prioridade \u00e0 gest\u00e3o ambiental e \u00e0 redu\u00e7\u00e3o de emiss\u00f5es.<\/strong><br> As nossas opera\u00e7\u00f5es s\u00e3o concebidas para minimizar a nossa pegada de carbono e utilizamos tecnologias inovadoras para promover um futuro mais verde.<\/span>\n\t\t\t\t\t\t\t\t\t<\/li>\n\t\t\t\t\t\t\t\t<li class=\"elementor-icon-list-item\">\n\t\t\t\t\t\t\t\t\t\t\t<span class=\"elementor-icon-list-icon\">\n\t\t\t\t\t\t\t<svg xmlns=\"http:\/\/www.w3.org\/2000\/svg\" viewBox=\"0 0 16 16\"><g><path d=\"m2.00276 9.99724 7.99724.002762-.001488-8-.998512-.001381.000107 6.29438-8.293-8.293-.707107.707107 8.293 8.293h-6.293z\" transform=\"translate(3 3)\"><\/path><\/g><\/svg>\t\t\t\t\t\t<\/span>\n\t\t\t\t\t\t\t\t\t\t<span class=\"elementor-icon-list-text\"><strong>Envolvemos ativamente as comunidades locais nos nossos projetos.<\/strong><br>Ouvindo as suas exig\u00eancias e preocupa\u00e7\u00f5es para maximizar o impacto positivo da nossa atividade em qualquer \u00e1rea. O envolvimento com os nossos stakeholders e o apoio ao desenvolvimento da comunidade s\u00e3o fundamentais para n\u00f3s. O nosso objetivo \u00e9 criar valor partilhado e contribuir para o bem-estar das comunidades onde operamos.<\/span>\n\t\t\t\t\t\t\t\t\t<\/li>\n\t\t\t\t\t\t\t\t<li class=\"elementor-icon-list-item\">\n\t\t\t\t\t\t\t\t\t\t\t<span class=\"elementor-icon-list-icon\">\n\t\t\t\t\t\t\t<svg xmlns=\"http:\/\/www.w3.org\/2000\/svg\" viewBox=\"0 0 16 16\"><g><path d=\"m2.00276 9.99724 7.99724.002762-.001488-8-.998512-.001381.000107 6.29438-8.293-8.293-.707107.707107 8.293 8.293h-6.293z\" transform=\"translate(3 3)\"><\/path><\/g><\/svg>\t\t\t\t\t\t<\/span>\n\t\t\t\t\t\t\t\t\t\t<span class=\"elementor-icon-list-text\"><strong>Atuar rigorosamente com conformidade, transpar\u00eancia e padr\u00f5es \u00e9ticos.<\/strong><br> Cumprimos os requisitos regulamentares e comunicamos abertamente com os stakeholders para promover a confian\u00e7a. O nosso compromisso estende-se \u00e0 nossa cadeia de fornecimento, onde damos prioridade \u00e0s pr\u00e1ticas \u00e9ticas e aperfei\u00e7oamos continuamente a nossa abordagem de gest\u00e3o para nos alinharmos com as normas em evolu\u00e7\u00e3o do setor.<\/span>\n\t\t\t\t\t\t\t\t\t<\/li>\n\t\t\t\t\t\t<\/ul>\n\t\t\t\t\t\t<\/div>\n\t\t\t\t<\/div>\n\t\t\t\t\t<\/div>\n\t\t\t\t<\/div>\n\t\t\t\t<\/div>\n\t\t","protected":false},"excerpt":{"rendered":"<p>As a\u00e7\u00f5es de hoje impulisionam as energias limpas do amanh\u00e3. Geramos energia 100% limpa para avan\u00e7armos em dire\u00e7\u00e3o a um mundo mais sustent\u00e1vel, trabalhando sempre em conjunto com as comunidades locais onde produzimos energia e colaborando ativamente com elas para proteger o seu ambiente natural, o seu patrim\u00f3nio cultural e o seu desenvolvimento socioecon\u00f3mico. O [&hellip;]<\/p>\n","protected":false},"author":5,"featured_media":0,"parent":0,"menu_order":0,"comment_status":"closed","ping_status":"closed","template":"","meta":{"footnotes":""},"class_list":["post-1284","page","type-page","status-publish","hentry"],"yoast_head":"<!-- This site is optimized with the Yoast SEO plugin v27.2 - https:\/\/yoast.com\/product\/yoast-seo-wordpress\/ -->\n<title>VERDIAN - Energia 100% renov\u00e1vel para a Europa<\/title>\n<meta name=\"robots\" content=\"index, follow, max-snippet:-1, max-image-preview:large, max-video-preview:-1\" \/>\n<link rel=\"canonical\" href=\"https:\/\/verdianpower.com\/pt-pt\/\" \/>\n<meta property=\"og:locale\" content=\"pt_PT\" \/>\n<meta property=\"og:type\" content=\"article\" \/>\n<meta property=\"og:title\" content=\"VERDIAN - Energia 100% renov\u00e1vel para a Europa\" \/>\n<meta property=\"og:description\" content=\"As a\u00e7\u00f5es de hoje impulisionam as energias limpas do amanh\u00e3. Geramos energia 100% limpa para avan\u00e7armos em dire\u00e7\u00e3o a um mundo mais sustent\u00e1vel, trabalhando sempre em conjunto com as comunidades locais onde produzimos energia e colaborando ativamente com elas para proteger o seu ambiente natural, o seu patrim\u00f3nio cultural e o seu desenvolvimento socioecon\u00f3mico. O [&hellip;]\" \/>\n<meta property=\"og:url\" content=\"https:\/\/verdianpower.com\/pt-pt\/\" \/>\n<meta property=\"og:site_name\" content=\"VERDIAN\" \/>\n<meta property=\"article:modified_time\" content=\"2025-10-25T07:25:31+00:00\" \/>\n<meta property=\"og:image\" content=\"https:\/\/verdianpower.com\/wp-content\/uploads\/2025\/09\/energy-sector.png\" \/>\n<meta name=\"twitter:card\" content=\"summary_large_image\" \/>\n<meta name=\"twitter:label1\" content=\"Tempo estimado de leitura\" \/>\n\t<meta name=\"twitter:data1\" content=\"2 minutos\" \/>\n<script type=\"application\/ld+json\" class=\"yoast-schema-graph\">{\"@context\":\"https:\/\/schema.org\",\"@graph\":[{\"@type\":\"WebPage\",\"@id\":\"https:\/\/verdianpower.com\/pt-pt\/\",\"url\":\"https:\/\/verdianpower.com\/pt-pt\/\",\"name\":\"VERDIAN - Energia 100% renov\u00e1vel para a Europa\",\"isPartOf\":{\"@id\":\"https:\/\/verdianpower.com\/pt-pt\/#website\"},\"primaryImageOfPage\":{\"@id\":\"https:\/\/verdianpower.com\/pt-pt\/#primaryimage\"},\"image\":{\"@id\":\"https:\/\/verdianpower.com\/pt-pt\/#primaryimage\"},\"thumbnailUrl\":\"https:\/\/verdianpower.com\/wp-content\/uploads\/2025\/09\/energy-sector.png\",\"datePublished\":\"2022-11-18T10:45:32+00:00\",\"dateModified\":\"2025-10-25T07:25:31+00:00\",\"breadcrumb\":{\"@id\":\"https:\/\/verdianpower.com\/pt-pt\/#breadcrumb\"},\"inLanguage\":\"pt-PT\",\"potentialAction\":[{\"@type\":\"ReadAction\",\"target\":[\"https:\/\/verdianpower.com\/pt-pt\/\"]}]},{\"@type\":\"ImageObject\",\"inLanguage\":\"pt-PT\",\"@id\":\"https:\/\/verdianpower.com\/pt-pt\/#primaryimage\",\"url\":\"https:\/\/verdianpower.com\/wp-content\/uploads\/2025\/09\/energy-sector.png\",\"contentUrl\":\"https:\/\/verdianpower.com\/wp-content\/uploads\/2025\/09\/energy-sector.png\"},{\"@type\":\"BreadcrumbList\",\"@id\":\"https:\/\/verdianpower.com\/pt-pt\/#breadcrumb\",\"itemListElement\":[{\"@type\":\"ListItem\",\"position\":1,\"name\":\"Portada\",\"item\":\"https:\/\/verdianpower.com\/pt-pt\/\"},{\"@type\":\"ListItem\",\"position\":2,\"name\":\"Home\"}]},{\"@type\":\"WebSite\",\"@id\":\"https:\/\/verdianpower.com\/pt-pt\/#website\",\"url\":\"https:\/\/verdianpower.com\/pt-pt\/\",\"name\":\"VERDIAN\",\"description\":\"\",\"potentialAction\":[{\"@type\":\"SearchAction\",\"target\":{\"@type\":\"EntryPoint\",\"urlTemplate\":\"https:\/\/verdianpower.com\/pt-pt\/?s={search_term_string}\"},\"query-input\":{\"@type\":\"PropertyValueSpecification\",\"valueRequired\":true,\"valueName\":\"search_term_string\"}}],\"inLanguage\":\"pt-PT\"}]}<\/script>\n<!-- \/ Yoast SEO plugin. -->","yoast_head_json":{"title":"VERDIAN - Energia 100% renov\u00e1vel para a Europa","robots":{"index":"index","follow":"follow","max-snippet":"max-snippet:-1","max-image-preview":"max-image-preview:large","max-video-preview":"max-video-preview:-1"},"canonical":"https:\/\/verdianpower.com\/pt-pt\/","og_locale":"pt_PT","og_type":"article","og_title":"VERDIAN - Energia 100% renov\u00e1vel para a Europa","og_description":"As a\u00e7\u00f5es de hoje impulisionam as energias limpas do amanh\u00e3. Geramos energia 100% limpa para avan\u00e7armos em dire\u00e7\u00e3o a um mundo mais sustent\u00e1vel, trabalhando sempre em conjunto com as comunidades locais onde produzimos energia e colaborando ativamente com elas para proteger o seu ambiente natural, o seu patrim\u00f3nio cultural e o seu desenvolvimento socioecon\u00f3mico. O [&hellip;]","og_url":"https:\/\/verdianpower.com\/pt-pt\/","og_site_name":"VERDIAN","article_modified_time":"2025-10-25T07:25:31+00:00","og_image":[{"url":"https:\/\/verdianpower.com\/wp-content\/uploads\/2025\/09\/energy-sector.png","type":"","width":"","height":""}],"twitter_card":"summary_large_image","twitter_misc":{"Tempo estimado de leitura":"2 minutos"},"schema":{"@context":"https:\/\/schema.org","@graph":[{"@type":"WebPage","@id":"https:\/\/verdianpower.com\/pt-pt\/","url":"https:\/\/verdianpower.com\/pt-pt\/","name":"VERDIAN - Energia 100% renov\u00e1vel para a Europa","isPartOf":{"@id":"https:\/\/verdianpower.com\/pt-pt\/#website"},"primaryImageOfPage":{"@id":"https:\/\/verdianpower.com\/pt-pt\/#primaryimage"},"image":{"@id":"https:\/\/verdianpower.com\/pt-pt\/#primaryimage"},"thumbnailUrl":"https:\/\/verdianpower.com\/wp-content\/uploads\/2025\/09\/energy-sector.png","datePublished":"2022-11-18T10:45:32+00:00","dateModified":"2025-10-25T07:25:31+00:00","breadcrumb":{"@id":"https:\/\/verdianpower.com\/pt-pt\/#breadcrumb"},"inLanguage":"pt-PT","potentialAction":[{"@type":"ReadAction","target":["https:\/\/verdianpower.com\/pt-pt\/"]}]},{"@type":"ImageObject","inLanguage":"pt-PT","@id":"https:\/\/verdianpower.com\/pt-pt\/#primaryimage","url":"https:\/\/verdianpower.com\/wp-content\/uploads\/2025\/09\/energy-sector.png","contentUrl":"https:\/\/verdianpower.com\/wp-content\/uploads\/2025\/09\/energy-sector.png"},{"@type":"BreadcrumbList","@id":"https:\/\/verdianpower.com\/pt-pt\/#breadcrumb","itemListElement":[{"@type":"ListItem","position":1,"name":"Portada","item":"https:\/\/verdianpower.com\/pt-pt\/"},{"@type":"ListItem","position":2,"name":"Home"}]},{"@type":"WebSite","@id":"https:\/\/verdianpower.com\/pt-pt\/#website","url":"https:\/\/verdianpower.com\/pt-pt\/","name":"VERDIAN","description":"","potentialAction":[{"@type":"SearchAction","target":{"@type":"EntryPoint","urlTemplate":"https:\/\/verdianpower.com\/pt-pt\/?s={search_term_string}"},"query-input":{"@type":"PropertyValueSpecification","valueRequired":true,"valueName":"search_term_string"}}],"inLanguage":"pt-PT"}]}},"_links":{"self":[{"href":"https:\/\/verdianpower.com\/pt-pt\/wp-json\/wp\/v2\/pages\/1284","targetHints":{"allow":["GET"]}}],"collection":[{"href":"https:\/\/verdianpower.com\/pt-pt\/wp-json\/wp\/v2\/pages"}],"about":[{"href":"https:\/\/verdianpower.com\/pt-pt\/wp-json\/wp\/v2\/types\/page"}],"author":[{"embeddable":true,"href":"https:\/\/verdianpower.com\/pt-pt\/wp-json\/wp\/v2\/users\/5"}],"replies":[{"embeddable":true,"href":"https:\/\/verdianpower.com\/pt-pt\/wp-json\/wp\/v2\/comments?post=1284"}],"version-history":[{"count":1,"href":"https:\/\/verdianpower.com\/pt-pt\/wp-json\/wp\/v2\/pages\/1284\/revisions"}],"predecessor-version":[{"id":1830,"href":"https:\/\/verdianpower.com\/pt-pt\/wp-json\/wp\/v2\/pages\/1284\/revisions\/1830"}],"wp:attachment":[{"href":"https:\/\/verdianpower.com\/pt-pt\/wp-json\/wp\/v2\/media?parent=1284"}],"curies":[{"name":"wp","href":"https:\/\/api.w.org\/{rel}","templated":true}]}}