{"id":1584,"date":"2025-09-29T17:42:46","date_gmt":"2025-09-29T15:42:46","guid":{"rendered":"https:\/\/verdianpower.com\/privacy-policy\/"},"modified":"2025-09-29T18:28:45","modified_gmt":"2025-09-29T16:28:45","slug":"informativa-sulla-privacy","status":"publish","type":"page","link":"https:\/\/verdianpower.com\/it\/informativa-sulla-privacy\/","title":{"rendered":"Informativa sulla privacy"},"content":{"rendered":"\t\t<div data-elementor-type=\"wp-page\" data-elementor-id=\"1584\" class=\"elementor elementor-1584 elementor-1516\" data-elementor-post-type=\"page\">\n\t\t\t\t<div class=\"elementor-element elementor-element-96f7e77 e-flex e-con-boxed e-con e-parent\" data-id=\"96f7e77\" data-element_type=\"container\" data-e-type=\"container\" data-settings=\"{&quot;background_background&quot;:&quot;classic&quot;}\">\n\t\t\t\t\t<div class=\"e-con-inner\">\n\t\t\t\t<div class=\"elementor-element elementor-element-8a8a0ff elementor-widget elementor-widget-theme-post-title elementor-page-title elementor-widget-heading\" data-id=\"8a8a0ff\" data-element_type=\"widget\" data-e-type=\"widget\" data-widget_type=\"theme-post-title.default\">\n\t\t\t\t<div class=\"elementor-widget-container\">\n\t\t\t\t\t<h1 class=\"elementor-heading-title elementor-size-default\">Informativa sulla privacy<\/h1>\t\t\t\t<\/div>\n\t\t\t\t<\/div>\n\t\t\t\t\t<\/div>\n\t\t\t\t<\/div>\n\t\t<div class=\"elementor-element elementor-element-db04590 e-flex e-con-boxed e-con e-parent\" data-id=\"db04590\" data-element_type=\"container\" data-e-type=\"container\">\n\t\t\t\t\t<div class=\"e-con-inner\">\n\t\t\t\t<div class=\"elementor-element elementor-element-8a35c4e elementor-widget elementor-widget-text-editor\" data-id=\"8a35c4e\" data-element_type=\"widget\" data-e-type=\"widget\" data-widget_type=\"text-editor.default\">\n\t\t\t\t<div class=\"elementor-widget-container\">\n\t\t\t\t\t\t\t\t\t<p>La privacy e la confidenzialit\u00e0 delle informazioni degli utenti sono importanti per VERDIAN BV e le sue consociate (di seguito denominate &#8220;Gruppo Verdian&#8221;). Ci impegniamo per la privacy e la sicurezza delle informazioni degli utenti.<br \/><br \/>La seguente Informativa potrebbe essere soggetta a modifiche, pertanto ti invitiamo a verificarla frequentemente.<br \/><br \/>La presente Informativa sulla privacy ha lo scopo di aiutarti a comprendere:<\/p><ul><li>Identificare chi \u00e8 responsabile del trattamento dei tuoi dati;<\/li><li>Quali normative si applicano;<\/li><li>Quali informazioni personali raccogliamo su di te;<\/li><li>Come utilizziamo, divulghiamo e proteggiamo le tue informazioni personali;<\/li><li>Con chi potremmo comunicare i tuoi dati personali;<\/li><li>Come puoi aggiornare, gestire, esportare ed eliminare le tue informazioni;<\/li><li>Per quanto tempo i tuoi dati personali saranno conservati;<\/li><li>Quali sono i tuoi diritti di protezione dei dati personali;<\/li><li>Come puoi contattarci per saperne di pi\u00f9 sulle nostre pratiche sulla privacy<\/li><\/ul><p>\u00a0<\/p><ol><li><strong>DATA CONTROLLER<\/strong><\/li><\/ol><p><br \/>In termini di protezione dei dati, il Gruppo Verdian sar\u00e0 considerato Titolare del Trattamento per quanto riguarda i dati personali che raccoglie e le attivit\u00e0 di trattamento dei dati che svolge tramite questo sito web o con qualsiasi altro mezzo, come telefono, e-mail, di persona, su carta tramite moduli, tramite documenti legali, ecc., i cui dettagli identificativi sono i seguenti:<\/p><ul><li>Ragione sociale: VERDIAN BV<\/li><li>Numero di identificazione fiscale olandese: 82780390<\/li><li>Numero di identificazione fiscale spagnolo: N0111337B<\/li><li>Indirizzo postale: Hoogoorddreef 15, 1101 BA, Amsterdam (Paesi Bassi)<\/li><li>Indirizzo e-mail: <a href=\"mailto:contact@verdianpower.com\">contact@verdianpower.com<\/a><\/li><\/ul><p>\u00a0<\/p><ol start=\"2\"><li><strong>NORMATIVE<\/strong><\/li><\/ol><p><br \/>Il Gruppo Verdian si impegna a proteggere la privacy e i dati personali degli interessati rispettando la legislazione vigente (Regolamento UE 2016\/679 del Parlamento Europeo e del Consiglio del 27 aprile 2016 relativo alla protezione delle persone fisiche con riguardo al trattamento dei dati personali, nonch\u00e9 alla libera circolazione di tali dati e che abroga la direttiva 95\/46\/CE) e la Legge Organica 3\/2018 del 5 dicembre sulla Protezione dei Dati Personali e la Garanzia dei Diritti Digitali.<\/p><ol start=\"3\"><li><strong>INFORMAZIONI CHE RACCOGLIAMO DA TE<\/strong><\/li><\/ol><p><br \/>Potremmo raccogliere le seguenti informazioni quando compili il modulo di contatto presente sul sito web di Verdian:<\/p><ul><li>Nome e Cognome<\/li><li>Indirizzo e-mail<\/li><\/ul><p><br \/>La base legale di questo trattamento \u00e8 il consenso esplicito che ci fornisci accettando l\u2019informativa sulla privacy del sito web.<br \/><br \/>Lo scopo del trattamento dei tuoi dati personali sar\u00e0 la gestione delle richieste e l\u2019invio delle informazioni da te richieste.<\/p><ol start=\"4\"><li><strong>MINORI<\/strong><\/li><\/ol><p><br \/>I minori non possono usufruire dei servizi offerti tramite il sito web senza la previa autorizzazione dei loro genitori, tutori o rappresentanti legali. Questi ultimi saranno gli unici responsabili di tutti gli atti compiuti tramite il sito web dai minori sotto la loro tutela, inclusa la compilazione dei moduli con i dati personali di suddetti minori e la spunta, ove applicabile, delle caselle che li accompagnano.<\/p><ol start=\"6\"><li><strong>COMUNICAZIONE A TERZI<\/strong><\/li><\/ol><p><br \/>Verdian non vende n\u00e9 affitta dati personali a terzi e divulgher\u00e0 dati personali a persone o entit\u00e0 solo tramite previo consenso o in conformit\u00e0 o ai sensi della legge applicabile laddove tale consenso non sia richiesto per un trasferimento specifico.<br \/><br \/>Condivideremo o forniremo l&#8217;accesso a quei fornitori di servizi utilizzati dal Gruppo Verdian necessari per gli scopi descritti nella presente Informativa sulla privacy, in conformit\u00e0 con i requisiti della legge applicabile.<br \/><br \/>Il Gruppo Verdian pu\u00f2 divulgare dati personali a societ\u00e0 affiliate che fanno parte del Gruppo quando \u00e8 necessario per l&#8217;adempimento di un obbligo legale, nonch\u00e9 per soddisfare gli scopi descritti in questa informativa sulla privacy, poich\u00e9 le richieste sono indirizzate a una societ\u00e0 affiliata. Di seguito \u00e8 riportato un elenco delle filiali del Gruppo Verdian alle quali i tuoi dati personali possono essere divulgati:<\/p><table width=\"697\"><tbody><tr><td width=\"143\"><strong>Societ\u00e0<\/strong><\/td><td width=\"130\"><strong>Paese<\/strong><\/td><td width=\"253\"><strong>Indirizzo<\/strong><\/td><td width=\"172\"><strong>ID No.<\/strong><\/td><\/tr><tr><td width=\"143\">Verdian B.V.<\/td><td width=\"130\">Paesi Bassi<\/td><td width=\"253\">Hoogoorddreef 15, 1101BA Amsterdam<\/td><td width=\"172\">NL862601824B01<\/td><\/tr><tr><td width=\"143\">CEF Italsun, Srl<\/td><td width=\"130\">Italia<\/td><td width=\"253\">Via Guido d\u2019Arezzo, 15, 20145, Milano<\/td><td width=\"172\">12853400963<\/td><\/tr><tr><td width=\"143\">Verdian ServiceCo S.L. (CEF 4 Solar Spain)<\/td><td width=\"130\">Spagna<\/td><td width=\"253\">Passeig de Gracia, 50 5\u00ba, 08007 Barcelona<\/td><td width=\"172\">B09663303<\/td><\/tr><tr><td width=\"143\">CEF Spanish Sun S.L.<\/td><td width=\"130\">Spagna<\/td><td width=\"253\">Passeig de Gracia, 50 5\u00ba, 08007 Barcelona<\/td><td width=\"172\">B44835445<\/td><\/tr><tr><td width=\"143\">CEF Portugal Solar, Unipessoal Lda<\/td><td width=\"130\">Portugal<\/td><td width=\"253\">Beloura Office Park, Building 7, 1st floor, 2710 444 Sintra<\/td><td width=\"172\">518391850<\/td><\/tr><\/tbody><\/table><p><br \/>\u00a0<\/p><ol start=\"7\"><li><strong>DURATA DEL TRATTAMENTO<\/strong><\/li><\/ol><p><br \/>Conserveremo i dati personali per il tempo necessario a soddisfare le finalit\u00e0 per cui sono stati raccolti, a condizione che non ne venisse richiesta la cancellazione o ci si dichiarasse contro il trattamento dati.<br \/><br \/>In ogni caso, conserveremo i dati per tutto il tempo in cui saremo obbligati a farlo per legge.<\/p><ol start=\"8\"><li><strong>ESERCIZIO DEI DIRITTI<\/strong><\/li><\/ol><p><br \/>In qualit\u00e0 di titolare dei dati personali, \u00e8 possibile esercitare i seguenti propri diritti in qualsiasi momento:<\/p><ul><li><strong>Diritto di revocare il consenso<\/strong>;<\/li><li><strong>Diritto di accesso<\/strong> alle informazioni trattate;<\/li><li>Il <strong>diritto di rettificare<\/strong> i propri dati se inesatti o incompleti;<\/li><li>Il <strong>diritto alla cancellazione<\/strong>, tra l&#8217;altro, quando i dati non sono pi\u00f9 necessari per gli scopi per cui sono stati raccolti;<\/li><li>Il <strong>diritto di opposizione<\/strong> al trattamento dati in determinate circostanze, ad esempio marketing diretto, inclusa la profilazione;<\/li><li><strong>Diritto di limitazione<\/strong> del trattamento: diritto di richiedere la limitazione del trattamento dati nei casi stabiliti dalla legge. Allo stesso modo, il titolare del trattamento pu\u00f2 limitare il trattamento quando l&#8217;utente contesta l&#8217;esattezza dei dati personali, durante il periodo che consente al titolare di verificarne l&#8217;esattezza; o quando l&#8217;utente si oppone al trattamento, mentre si sta verificando se sia opportuno.<\/li><li><strong>Diritto alla portabilit\u00e0 dei dati<\/strong>: diritto di spostare, copiare o trasferire i dati forniti in un formato strutturato, di uso comune e leggibile da dispositivo automatico, dal nostro database a un altro database. \u00c8 possibile esercitare questo diritto solo rispetto ai dati forniti, laddove il trattamento sia basato sull&#8217;esecuzione di un accordo o sul consenso e il trattamento sia effettuato con mezzi automatizzati.<\/li><li>Il <strong>diritto di presentare un reclamo all&#8217;Agenzia Spagnola per la Protezione dei Dati<\/strong> ove si ritenesse che il trattamento non sia conforme alle normative vigenti.<\/li><\/ul><p><br \/>Per farlo, \u00e8 necessario inviare una richiesta scritta, indicando il diritto esercitato, nome e cognome, l&#8217;indirizzo per le notifiche, insieme a una copia del documento d&#8217;identit\u00e0 o altro documento valido che attesti l\u2019identit\u00e0, indirizzata a:<\/p><ul><li>VERDIAN B.V<\/li><li>Indirizzo: Hoogoorddreef 15, 1101 BA, Amsterdam, Paesi Bassi<\/li><li>Indirizzo e-mail: contact@verdianpower.com<\/li><\/ul><p><br \/>In particolare, informiamo sul diritto di presentare un reclamo all&#8217;Agenzia Spagnola per la Protezione dei Dati (<a href=\"http:\/\/www.aepd.es\">www.aepd.es<\/a>), ove si ritenesse che il trattamento non sia conforme alle normative vigenti.<\/p><ol start=\"9\"><li><strong>MODIFICHE ALLA PRIVACY POLICY<\/strong><\/li><\/ol><p><br \/>Siamo un&#8217;azienda in rapida evoluzione. Continueremo a valutare la presente Informativa alla luce delle nuove tecnologie e servizi, delle pratiche commerciali e delle esigenze dei nostri clienti, e apporteremo le modifiche necessarie a questa Politica di volta in volta. Se apporteremo modifiche sostanziali a questa Informativa, la aggiorneremo qui.<\/p><ol start=\"10\"><li><strong>POLITICA SULLA PRIVACY DEL CANALE ETICO<\/strong><\/li><\/ol><p>\u00a0<\/p><ul><li><strong>TITOLARE DEL TRATTAMENTO DEI DATI PERSONALI<\/strong><\/li><\/ul><p><br \/>In termini di protezione dei dati, Verdian BV \u00e8 da considerarsi il Titolare del Trattamento per quanto riguarda i dati personali che raccoglie e le attivit\u00e0 di trattamento che svolge tramite questo sito web o con qualsiasi altro mezzo, come telefono, e-mail, di persona, su carta tramite moduli, tramite documenti legali, ecc., i cui dettagli identificativi sono i seguenti:<\/p><ul><li>Nome Compagnia: Verdian BV<\/li><li>Ufficio Registrato: Hoogoorddreef 15, 1101 BA, Amsterdam, The Netherlands,<\/li><li>Indirizzo e-mail:\u00a0\u00a0<a href=\"mailto:contact@verdianpower.com\">contact@verdianpower.com<\/a><\/li><\/ul><p><br \/>Verdian si impegna a mantenere una rigorosa protezione della privacy, la sicurezza dei dati e la conservazione dei dati, come spiegato nelle nostre politiche e procedure di conformit\u00e0. Questi standard si applicheranno anche a tutti i dati personali relativi alle segnalazioni effettuate in conformit\u00e0 con la presente policy.<br \/><br \/>Il trattamento dei dati personali sar\u00e0 soggetto alle disposizioni del Regolamento Europeo sulla Protezione dei Dati 2016\/679 del 27 aprile 2016 e della Legge Organica 3\/2018 del 5 dicembre sulla Protezione dei Dati Personali e Garanzia dei Diritti Digitali e delle relative normative di attuazione.<br \/><br \/>Verdian conserver\u00e0 un registro di tutte le comunicazioni ricevute tramite il Canale Etico. Questi registri e i dati personali in essi contenuti saranno mantenuti riservati. I registri saranno conservati per un periodo non superiore a quanto strettamente necessario e, in ogni caso, per tutto il tempo richiesto dalle eventuali normative legali applicabili.<br \/><br \/>In particolare, Verdian conserver\u00e0 i dati personali del denunciante per il tempo necessario a decidere se avviare un&#8217;indagine sui fatti o sulla condotta segnalati o comunicati e, una volta deciso, essi saranno cancellati dal registro. Potranno essere trattati al di fuori del sistema per indagare sui fatti per il tempo necessario a prendere una decisione. Una volta completata l&#8217;indagine sulla comunicazione e intraprese le azioni appropriate, a seconda dei casi, i dati delle segnalazioni che hanno avuto seguito saranno opportunamente bloccati al fine di adempiere agli obblighi legali che potrebbero applicarsi in ogni caso.<br \/><br \/>In ogni caso, i dati personali derivanti dalla comunicazione di reclami verranno cancellati entro un periodo massimo di sei (6) mesi dalla loro introduzione, a meno che non vengano conservati per un periodo aggiuntivo perch\u00e9 necessari per adempiere a obblighi legali e societari o siano necessari per fornire prova del funzionamento del modello di prevenzione dei reati. Potranno inoltre continuare a essere trattati al di fuori del Canale Etico qualora l&#8217;indagine sul reclamo non sia stata completata, per il tempo necessario a completare tale indagine.<br \/><br \/>Nel caso in cui un reclamo o una pretesa venga comunicata tramite il canale etico, i dati personali saranno conservati per il tempo necessario a elaborare il reclamo o la pretesa e, una volta elaborati, le informazioni saranno conservate per finalit\u00e0 statistiche e di qualit\u00e0 da parte del titolare del trattamento.<\/p><ul><li><strong>DATI PERSONALI SOGGETTI A TRATTAMENTO<\/strong><\/li><\/ul><p><br \/>Nella gestione delle segnalazioni, reclami e pretese effettuati in conformit\u00e0 con la presente policy, Verdian raccoglie i seguenti dati personali e informazioni forniti al momento della segnalazione e durante l&#8217;intera fase di indagine della stessa:<\/p><ul><li>Nome e dettagli di contatto del segnalante (a meno che la segnalazione non sia anonima);<\/li><li>Nome e dettagli del denunciante, se necessario per elaborare la denuncia o il reclamo.<\/li><li>Nome e altri dettagli personali delle persone menzionate nella denuncia (presunto autore, possibili testimoni e altri), se tali informazioni vengono fornite (ad esempio, descrizione delle funzioni e dettagli di contatto e coinvolgimento o ruolo rispetto ai fatti presunti);<\/li><li>Descrizione della presunta infrazione, nonch\u00e9 le circostanze dell&#8217;incidente\/degli incidenti.<\/li><li>In caso di reclamo o pretesa, una descrizione del reclamo o della pretesa e le circostanze del reclamo o della pretesa.<\/li><\/ul><p><br \/>\u00a0<\/p><ul><li><strong>FINALIT\u00c0 DEL TRATTAMENTO<\/strong><\/li><\/ul><p><br \/>Il trattamento dei dati personali nell&#8217;ambito del canale etico si basa sull&#8217;esistenza di un interesse pubblico, nei termini stabiliti dall&#8217;articolo 6.1.e), del Regolamento Generale sulla Protezione dei Dati, per rilevare e prevenire reclami e la conseguente prevenzione di danni e rischi di responsabilit\u00e0 di Verdian, e definito dall&#8217;articolo 24 della Legge Organica 3\/2018 del 5 dicembre sulla Protezione dei Dati Personali e Garanzia dei Diritti Digitali. Tale interesse consiste nella creazione e nel mantenimento di un sistema interno di informazioni sui reclami e nell&#8217;indagine su possibili irregolarit\u00e0 o atti contrari all&#8217;etica, alla legalit\u00e0 o alle norme aziendali. Allo stesso modo, il trattamento dei dati pu\u00f2 basarsi sull&#8217;adempimento di un obbligo legale o sulla soddisfazione di un legittimo interesse dell&#8217;azienda.<br \/><br \/>Pertanto, il trattamento dei dati personali del segnalante e\/o del reclamante \u00e8 strettamente necessario per gestire la segnalazione, il reclamo o la lamentela e per adempiere alle suddette finalit\u00e0 e obblighi legali. In nessun caso Verdian prender\u00e0 decisioni automatizzate basate sui dati presentati.<\/p><ul><li><strong>DESTINATARI DEI DATI PERSONALI<\/strong><\/li><\/ul><p><br \/>I dati personali raccolti nell&#8217;ambito di una segnalazione, un reclamo o una pretesa presentati tramite il Canale Etico possono essere trattati o comunicati alle seguenti parti, laddove necessario:<\/p><ul><li>Alla societ\u00e0 incaricata di ricevere e gestire reclami, denunce e lamentele con cui \u00e8 stato stipulato un accordo per la fornitura di servizi.<\/li><li>All&#8217;Autorit\u00e0 di Vigilanza di Verdian.<\/li><li>Alle societ\u00e0 controllate di Verdian che potrebbero essere coinvolte nel reclamo o nella denuncia presentati.<\/li><li>A investigatori esterni, consulenti o advisor che sono stati ingaggiati per supportare Verdian nella valutazione della notifica, nell&#8217;indagine della questione o nella consulenza a Verdian riguardo alla questione.<\/li><li>Alle autorit\u00e0 di polizia e\/o altre autorit\u00e0 di regolamentazione.<\/li><\/ul><p><br \/>I dati personali raccolti tramite la segnalazione possono essere accessibili ai fornitori di servizi a cui il Gruppo Verdian ricorre, necessari per la ricezione e il trattamento della segnalazione o del reclamo, sempre nel rispetto dei requisiti stabiliti dalla legislazione vigente.<br \/><br \/><strong>10.5\u00a0\u00a0\u00a0\u00a0\u00a0\u00a0\u00a0\u00a0\u00a0\u00a0\u00a0\u00a0 DIRITTI DI PROTEZIONE DEI DATI DEGLI INTERESSATI<\/strong><br \/><br \/>Come segnalante, la persona che effettua una segnalazione, un reclamo o una lamentela pu\u00f2 esercitare, in qualsiasi momento e nei termini previsti dalla normativa applicabile, il diritto di accesso ai dati personali che lo riguardano. Se questa persona ritiene che i dati siano inesatti o incompleti, pu\u00f2 richiederne la rettifica in conformit\u00e0 con la legislazione applicabile. Pu\u00f2 richiedere che i dati vengano cancellati se non sono pi\u00f9 necessari, salvo quando sussista un obbligo legale di conservarli. \u00c8 possibile anche richiedere che il trattamento dei dati personali sia limitato, opporsi al trattamento dei dati personali, o richiedere la portabilit\u00e0 dei dati e si ha il diritto di revocare il consenso. Si verr\u00e0 informati al momento della presentazione della segnalazione, reclamo o lamentela su come si possono esercitare tutti questi diritti. Se lo si ritiene opportuno, \u00e8 possibile anche presentare un reclamo all&#8217;autorit\u00e0 competente per la protezione dei dati.<\/p>\t\t\t\t\t\t\t\t<\/div>\n\t\t\t\t<\/div>\n\t\t\t\t\t<\/div>\n\t\t\t\t<\/div>\n\t\t\t\t<\/div>\n\t\t","protected":false},"excerpt":{"rendered":"<p>La privacy e la confidenzialit\u00e0 delle informazioni degli utenti sono importanti per VERDIAN BV e le sue consociate (di seguito denominate &#8220;Gruppo Verdian&#8221;). Ci impegniamo per la privacy e la sicurezza delle informazioni degli utenti. La seguente Informativa potrebbe essere soggetta a modifiche, pertanto ti invitiamo a verificarla frequentemente. La presente Informativa sulla privacy ha [&hellip;]<\/p>\n","protected":false},"author":5,"featured_media":0,"parent":0,"menu_order":0,"comment_status":"closed","ping_status":"closed","template":"elementor_header_footer","meta":{"footnotes":""},"class_list":["post-1584","page","type-page","status-publish","hentry"],"yoast_head":"<!-- This site is optimized with the Yoast SEO plugin v27.2 - https:\/\/yoast.com\/product\/yoast-seo-wordpress\/ -->\n<title>Informativa sulla privacy - VERDIAN<\/title>\n<meta name=\"robots\" content=\"noindex, follow\" \/>\n<meta property=\"og:locale\" content=\"it_IT\" \/>\n<meta property=\"og:type\" content=\"article\" \/>\n<meta property=\"og:title\" content=\"Informativa sulla privacy - VERDIAN\" \/>\n<meta property=\"og:description\" content=\"La privacy e la confidenzialit\u00e0 delle informazioni degli utenti sono importanti per VERDIAN BV e le sue consociate (di seguito denominate &#8220;Gruppo Verdian&#8221;). Ci impegniamo per la privacy e la sicurezza delle informazioni degli utenti. La seguente Informativa potrebbe essere soggetta a modifiche, pertanto ti invitiamo a verificarla frequentemente. La presente Informativa sulla privacy ha [&hellip;]\" \/>\n<meta property=\"og:url\" content=\"https:\/\/verdianpower.com\/it\/informativa-sulla-privacy\/\" \/>\n<meta property=\"og:site_name\" content=\"VERDIAN\" \/>\n<meta property=\"article:modified_time\" content=\"2025-09-29T16:28:45+00:00\" \/>\n<meta name=\"twitter:card\" content=\"summary_large_image\" \/>\n<meta name=\"twitter:label1\" content=\"Tempo di lettura stimato\" \/>\n\t<meta name=\"twitter:data1\" content=\"13 minuti\" \/>\n<script type=\"application\/ld+json\" class=\"yoast-schema-graph\">{\"@context\":\"https:\/\/schema.org\",\"@graph\":[{\"@type\":\"WebPage\",\"@id\":\"https:\/\/verdianpower.com\/it\/informativa-sulla-privacy\/\",\"url\":\"https:\/\/verdianpower.com\/it\/informativa-sulla-privacy\/\",\"name\":\"Informativa sulla privacy - VERDIAN\",\"isPartOf\":{\"@id\":\"https:\/\/verdianpower.com\/it\/#website\"},\"datePublished\":\"2025-09-29T15:42:46+00:00\",\"dateModified\":\"2025-09-29T16:28:45+00:00\",\"breadcrumb\":{\"@id\":\"https:\/\/verdianpower.com\/it\/informativa-sulla-privacy\/#breadcrumb\"},\"inLanguage\":\"it-IT\",\"potentialAction\":[{\"@type\":\"ReadAction\",\"target\":[\"https:\/\/verdianpower.com\/it\/informativa-sulla-privacy\/\"]}]},{\"@type\":\"BreadcrumbList\",\"@id\":\"https:\/\/verdianpower.com\/it\/informativa-sulla-privacy\/#breadcrumb\",\"itemListElement\":[{\"@type\":\"ListItem\",\"position\":1,\"name\":\"Portada\",\"item\":\"https:\/\/verdianpower.com\/it\/\"},{\"@type\":\"ListItem\",\"position\":2,\"name\":\"Informativa sulla privacy\"}]},{\"@type\":\"WebSite\",\"@id\":\"https:\/\/verdianpower.com\/it\/#website\",\"url\":\"https:\/\/verdianpower.com\/it\/\",\"name\":\"VERDIAN\",\"description\":\"\",\"potentialAction\":[{\"@type\":\"SearchAction\",\"target\":{\"@type\":\"EntryPoint\",\"urlTemplate\":\"https:\/\/verdianpower.com\/it\/?s={search_term_string}\"},\"query-input\":{\"@type\":\"PropertyValueSpecification\",\"valueRequired\":true,\"valueName\":\"search_term_string\"}}],\"inLanguage\":\"it-IT\"}]}<\/script>\n<!-- \/ Yoast SEO plugin. -->","yoast_head_json":{"title":"Informativa sulla privacy - VERDIAN","robots":{"index":"noindex","follow":"follow"},"og_locale":"it_IT","og_type":"article","og_title":"Informativa sulla privacy - VERDIAN","og_description":"La privacy e la confidenzialit\u00e0 delle informazioni degli utenti sono importanti per VERDIAN BV e le sue consociate (di seguito denominate &#8220;Gruppo Verdian&#8221;). Ci impegniamo per la privacy e la sicurezza delle informazioni degli utenti. La seguente Informativa potrebbe essere soggetta a modifiche, pertanto ti invitiamo a verificarla frequentemente. La presente Informativa sulla privacy ha [&hellip;]","og_url":"https:\/\/verdianpower.com\/it\/informativa-sulla-privacy\/","og_site_name":"VERDIAN","article_modified_time":"2025-09-29T16:28:45+00:00","twitter_card":"summary_large_image","twitter_misc":{"Tempo di lettura stimato":"13 minuti"},"schema":{"@context":"https:\/\/schema.org","@graph":[{"@type":"WebPage","@id":"https:\/\/verdianpower.com\/it\/informativa-sulla-privacy\/","url":"https:\/\/verdianpower.com\/it\/informativa-sulla-privacy\/","name":"Informativa sulla privacy - VERDIAN","isPartOf":{"@id":"https:\/\/verdianpower.com\/it\/#website"},"datePublished":"2025-09-29T15:42:46+00:00","dateModified":"2025-09-29T16:28:45+00:00","breadcrumb":{"@id":"https:\/\/verdianpower.com\/it\/informativa-sulla-privacy\/#breadcrumb"},"inLanguage":"it-IT","potentialAction":[{"@type":"ReadAction","target":["https:\/\/verdianpower.com\/it\/informativa-sulla-privacy\/"]}]},{"@type":"BreadcrumbList","@id":"https:\/\/verdianpower.com\/it\/informativa-sulla-privacy\/#breadcrumb","itemListElement":[{"@type":"ListItem","position":1,"name":"Portada","item":"https:\/\/verdianpower.com\/it\/"},{"@type":"ListItem","position":2,"name":"Informativa sulla privacy"}]},{"@type":"WebSite","@id":"https:\/\/verdianpower.com\/it\/#website","url":"https:\/\/verdianpower.com\/it\/","name":"VERDIAN","description":"","potentialAction":[{"@type":"SearchAction","target":{"@type":"EntryPoint","urlTemplate":"https:\/\/verdianpower.com\/it\/?s={search_term_string}"},"query-input":{"@type":"PropertyValueSpecification","valueRequired":true,"valueName":"search_term_string"}}],"inLanguage":"it-IT"}]}},"_links":{"self":[{"href":"https:\/\/verdianpower.com\/it\/wp-json\/wp\/v2\/pages\/1584","targetHints":{"allow":["GET"]}}],"collection":[{"href":"https:\/\/verdianpower.com\/it\/wp-json\/wp\/v2\/pages"}],"about":[{"href":"https:\/\/verdianpower.com\/it\/wp-json\/wp\/v2\/types\/page"}],"author":[{"embeddable":true,"href":"https:\/\/verdianpower.com\/it\/wp-json\/wp\/v2\/users\/5"}],"replies":[{"embeddable":true,"href":"https:\/\/verdianpower.com\/it\/wp-json\/wp\/v2\/comments?post=1584"}],"version-history":[{"count":0,"href":"https:\/\/verdianpower.com\/it\/wp-json\/wp\/v2\/pages\/1584\/revisions"}],"wp:attachment":[{"href":"https:\/\/verdianpower.com\/it\/wp-json\/wp\/v2\/media?parent=1584"}],"curies":[{"name":"wp","href":"https:\/\/api.w.org\/{rel}","templated":true}]}}