{"id":1567,"date":"2025-09-29T17:42:13","date_gmt":"2025-09-29T15:42:13","guid":{"rendered":"https:\/\/verdianpower.com\/terms-and-conditions\/"},"modified":"2025-09-29T18:23:10","modified_gmt":"2025-09-29T16:23:10","slug":"avviso-legale","status":"publish","type":"page","link":"https:\/\/verdianpower.com\/it\/avviso-legale\/","title":{"rendered":"Avviso legale"},"content":{"rendered":"\t\t<div data-elementor-type=\"wp-page\" data-elementor-id=\"1567\" class=\"elementor elementor-1567 elementor-1514\" data-elementor-post-type=\"page\">\n\t\t\t\t<div class=\"elementor-element elementor-element-cbaf38c e-flex e-con-boxed e-con e-parent\" data-id=\"cbaf38c\" data-element_type=\"container\" data-e-type=\"container\" data-settings=\"{&quot;background_background&quot;:&quot;classic&quot;}\">\n\t\t\t\t\t<div class=\"e-con-inner\">\n\t\t\t\t<div class=\"elementor-element elementor-element-3d83ac5 elementor-widget elementor-widget-theme-post-title elementor-page-title elementor-widget-heading\" data-id=\"3d83ac5\" data-element_type=\"widget\" data-e-type=\"widget\" data-widget_type=\"theme-post-title.default\">\n\t\t\t\t<div class=\"elementor-widget-container\">\n\t\t\t\t\t<h1 class=\"elementor-heading-title elementor-size-default\">Avviso legale<\/h1>\t\t\t\t<\/div>\n\t\t\t\t<\/div>\n\t\t\t\t\t<\/div>\n\t\t\t\t<\/div>\n\t\t<div class=\"elementor-element elementor-element-368af9e e-flex e-con-boxed e-con e-parent\" data-id=\"368af9e\" data-element_type=\"container\" data-e-type=\"container\">\n\t\t\t\t\t<div class=\"e-con-inner\">\n\t\t\t\t<div class=\"elementor-element elementor-element-3f5928c elementor-widget elementor-widget-text-editor\" data-id=\"3f5928c\" data-element_type=\"widget\" data-e-type=\"widget\" data-widget_type=\"text-editor.default\">\n\t\t\t\t<div class=\"elementor-widget-container\">\n\t\t\t\t\t\t\t\t\t<ol><li><strong>INFORMAZIONI GENERALI<\/strong><\/li><\/ol><p>In conformit\u00e0 con quanto previsto dall\u2019articolo 10 della Legge 34\/2002 dell\u201911 luglio, sui Servizi della Societ\u00e0 dell\u2019Informazione e il Commercio Elettronico, ti informiamo che il titolare di questo sito web \u00e8:<\/p><ul><li>Verdian BV, societ\u00e0 costituita secondo le leggi dei Paesi Bassi.<\/li><li>Numero di identificazione fiscale olandese: 862601824.<\/li><li>Numero di identificazione fiscale spagnolo: N0111337B.<\/li><li>Sede legale: Hoogoorddreef 15, 1101 BA, Amsterdam (Paesi Bassi).<\/li><li>Iscritta nel registro delle imprese olandese con il numero: 82780390.<\/li><\/ul><p>Ti invitiamo a consultare periodicamente questo documento per essere informato su eventuali modifiche apportate.<\/p><ol start=\"2\"><li><strong>SERVICE<\/strong><\/li><\/ol><p>Verdian offre i contenuti disponibili sul proprio sito web, soggetti al presente avviso legale<\/p><ol start=\"3\"><li><strong>LEGISLAZIONE E GIURISDIZIONE <\/strong><\/li><\/ol><p>Il rapporto tra il titolare del sito web e gli utenti \u00e8 regolato dalla legislazione dei Paesi Bassi, ma se si risiede in un altro paese, si conserva comunque i diritti inderogabili garantiti dalle leggi del Paese di residenza.<\/p><p>In caso di controversie, il titolare del sito e l\u2019utente si sottomettono alla giurisdizione esclusiva dei tribunali dei Paesi Bassi, a meno che non si risieda in un altro Stato e non si abbia diritto alla protezione prevista dalle leggi del Paese di residenza.<\/p><ol start=\"4\"><li><strong>AGGIORNAMENTO DEI TERMINI E CONDIZIONI<\/strong><\/li><\/ol><p>L\u2019utente \u00e8 informato e accetta che l\u2019accesso a questo sito non implica, in nessun caso, l\u2019inizio di un rapporto commerciale con Verdian.<\/p><p>Il titolare del sito si riserva il diritto di apportare modifiche che ritenga opportune al sito stesso, potendo cambiare, eliminare o aggiungere contenuti e servizi.<\/p><ol start=\"5\"><li><strong>INVALIDIT\u00c0 ED EFFICACIA DELLE CLAUSOLE<\/strong><\/li><\/ol><p>Se una qualsiasi disposizione della presente Informativa dovesse essere ritenuta invalida o parzialmente invalida, ci\u00f2 influenzer\u00e0 solo tale disposizione o la parte di essa ritenuta tale, e la presente Informativa rimarr\u00e0 in vigore per le restanti disposizioni.<\/p><ol start=\"6\"><li><strong>PROPRIET\u00c0 INTELLETTUALE<\/strong><\/li><\/ol><p>Tutti i contenuti del sito web (inclusi, a titolo esemplificativo ma non esaustivo, database, immagini e fotografie, disegni, grafici, file di testo) sono di propriet\u00e0 di Verdian o dei fornitori di contenuti, che li hanno concessi in licenza o trasferiti, e sono protetti dalle leggi nazionali ed internazionali sulla propriet\u00e0 intellettuale.<\/p><p>La compilazione, progettazione, disposizione e assemblaggio dell\u2019intero contenuto del sito \u00e8 di esclusiva propriet\u00e0 di Verdian e sotto tutela dalle normative vigenti.<\/p><p>Marchi, loghi, segni distintivi presenti sul sito appartengono a Verdian e sono regolarmente registrati. Testi, dati e disegni grafici sono di propriet\u00e0 di Verdian o dei fornitori terzi e non possono essere modificati, copiati, trasformati, riprodotti, adattati o tradotti senza espressa autorizzazione del titolare di questi contenuti. La pubblicazione di testi, dati e disegni grafici non implica, in nessun caso, il trasferimento della propriet\u00e0 o la concessione di un diritto di sfruttamento, riproduzione, diffusione, trasformazione, distribuzione o trasmissione a loro favore, al di fuori del diritto di utilizzo che comporta il legittimo uso di Verdian.<\/p><ol start=\"7\"><li><strong>CONTENUTO WEB E LINKS<\/strong><\/li><\/ol><p>Verdian non \u00e8 responsabile dell&#8217;uso improprio dei contenuti del proprio sito web; tale responsabilit\u00e0 ricade unicamente su chi vi accede o li utilizza.<\/p><p>I proprietari di altri siti web che desiderano creare un hyperlink si impegnano a non creare collegamenti a siti che non espongono il logo Verdian e a non rilasciare dichiarazioni false, imprecise o errate che possano essere fuorvianti o, in generale, contrarie alla legge. I proprietari di altri siti web che desiderano creare un hyperlink a questo sito si impegnano inoltre a non creare collegamenti a siti web che contengano contenuti, dichiarazioni o propaganda di natura razzista, xenofoba, pornografica o terroristica e, in generale, che possano in qualsiasi modo danneggiare il buon nome o l&#8217;immagine di Verdian.<\/p><p>L&#8217;inclusione di hyperlink non implica necessariamente che Verdian abbia alcun rapporto commerciale o di partnership con il proprietario del sito web collegato. La presenza di hyperlink ha esclusivamente scopi informativi e Verdian non rilascia dichiarazioni o garanzie di alcun tipo, espresse o implicite, sulla commerciabilit\u00e0, idoneit\u00e0, qualit\u00e0, caratteristiche, origine o qualsiasi altro aspetto delle informazioni, dei prodotti e\/o dei servizi.<\/p><p>L&#8217;esenzione di responsabilit\u00e0 stabilita nei paragrafi precedenti non si applica nel caso in cui il fornitore di contenuti a cui \u00e8 fornito un link o la cui localizzazione \u00e8 facilitata agisca sotto la direzione, l&#8217;autorit\u00e0 o il controllo del fornitore che facilita la localizzazione di tali contenuti.<\/p><ol start=\"8\"><li><strong>SICUREZZA<\/strong><\/li><\/ol><p>Verdian dichiara che questo sito web dispone della tecnologia appropriata per consentirne l&#8217;accesso e l&#8217;utilizzo. Tuttavia, non si assume alcuna responsabilit\u00e0 per la possibile esistenza di virus o altri elementi dannosi, introdotti con qualsiasi mezzo o da terzi, che possano causare alterazioni ai suoi sistemi informatici. Questo sito web potrebbe contenere inesattezze, omissioni rilevanti, imprecisioni o errori di stampa. Verdian non garantisce, in ogni caso, la veridicit\u00e0, l&#8217;accuratezza e l&#8217;attualit\u00e0 dei dati contenuti sul proprio sito web.<\/p><p>L&#8217;utente esonera Verdian da ogni responsabilit\u00e0 in relazione all&#8217;affidabilit\u00e0, all&#8217;utilit\u00e0 o alle false aspettative che questo sito web potrebbe generare.<\/p><ol start=\"9\"><li><strong>LIMITAZIONE DI RESPONSABILIT\u00c0<\/strong><\/li><\/ol><p>Verdian non rilascia alcuna garanzia sul funzionamento del sito web o sulle informazioni ivi contenute. Verdian non sar\u00e0 responsabile per eventuali danni di qualsiasi tipo derivanti dall&#8217;utilizzo del sito web.<\/p><p>Verdian esclude ogni responsabilit\u00e0 in merito alla legalit\u00e0, al contenuto e alla qualit\u00e0 dei dati e delle informazioni offerte da terzi tramite il sito web.<\/p>\t\t\t\t\t\t\t\t<\/div>\n\t\t\t\t<\/div>\n\t\t\t\t\t<\/div>\n\t\t\t\t<\/div>\n\t\t\t\t<\/div>\n\t\t","protected":false},"excerpt":{"rendered":"<p>INFORMAZIONI GENERALI In conformit\u00e0 con quanto previsto dall\u2019articolo 10 della Legge 34\/2002 dell\u201911 luglio, sui Servizi della Societ\u00e0 dell\u2019Informazione e il Commercio Elettronico, ti informiamo che il titolare di questo sito web \u00e8: Verdian BV, societ\u00e0 costituita secondo le leggi dei Paesi Bassi. Numero di identificazione fiscale olandese: 862601824. Numero di identificazione fiscale spagnolo: N0111337B. [&hellip;]<\/p>\n","protected":false},"author":5,"featured_media":0,"parent":0,"menu_order":0,"comment_status":"closed","ping_status":"closed","template":"elementor_header_footer","meta":{"footnotes":""},"class_list":["post-1567","page","type-page","status-publish","hentry"],"yoast_head":"<!-- This site is optimized with the Yoast SEO plugin v27.2 - https:\/\/yoast.com\/product\/yoast-seo-wordpress\/ -->\n<title>Avviso legale - VERDIAN<\/title>\n<meta name=\"robots\" content=\"noindex, follow\" \/>\n<meta property=\"og:locale\" content=\"it_IT\" \/>\n<meta property=\"og:type\" content=\"article\" \/>\n<meta property=\"og:title\" content=\"Avviso legale - VERDIAN\" \/>\n<meta property=\"og:description\" content=\"INFORMAZIONI GENERALI In conformit\u00e0 con quanto previsto dall\u2019articolo 10 della Legge 34\/2002 dell\u201911 luglio, sui Servizi della Societ\u00e0 dell\u2019Informazione e il Commercio Elettronico, ti informiamo che il titolare di questo sito web \u00e8: Verdian BV, societ\u00e0 costituita secondo le leggi dei Paesi Bassi. Numero di identificazione fiscale olandese: 862601824. Numero di identificazione fiscale spagnolo: N0111337B. [&hellip;]\" \/>\n<meta property=\"og:url\" content=\"https:\/\/verdianpower.com\/it\/avviso-legale\/\" \/>\n<meta property=\"og:site_name\" content=\"VERDIAN\" \/>\n<meta property=\"article:modified_time\" content=\"2025-09-29T16:23:10+00:00\" \/>\n<meta name=\"twitter:card\" content=\"summary_large_image\" \/>\n<meta name=\"twitter:label1\" content=\"Tempo di lettura stimato\" \/>\n\t<meta name=\"twitter:data1\" content=\"5 minuti\" \/>\n<script type=\"application\/ld+json\" class=\"yoast-schema-graph\">{\"@context\":\"https:\/\/schema.org\",\"@graph\":[{\"@type\":\"WebPage\",\"@id\":\"https:\/\/verdianpower.com\/it\/avviso-legale\/\",\"url\":\"https:\/\/verdianpower.com\/it\/avviso-legale\/\",\"name\":\"Avviso legale - VERDIAN\",\"isPartOf\":{\"@id\":\"https:\/\/verdianpower.com\/it\/#website\"},\"datePublished\":\"2025-09-29T15:42:13+00:00\",\"dateModified\":\"2025-09-29T16:23:10+00:00\",\"breadcrumb\":{\"@id\":\"https:\/\/verdianpower.com\/it\/avviso-legale\/#breadcrumb\"},\"inLanguage\":\"it-IT\",\"potentialAction\":[{\"@type\":\"ReadAction\",\"target\":[\"https:\/\/verdianpower.com\/it\/avviso-legale\/\"]}]},{\"@type\":\"BreadcrumbList\",\"@id\":\"https:\/\/verdianpower.com\/it\/avviso-legale\/#breadcrumb\",\"itemListElement\":[{\"@type\":\"ListItem\",\"position\":1,\"name\":\"Portada\",\"item\":\"https:\/\/verdianpower.com\/it\/\"},{\"@type\":\"ListItem\",\"position\":2,\"name\":\"Avviso legale\"}]},{\"@type\":\"WebSite\",\"@id\":\"https:\/\/verdianpower.com\/it\/#website\",\"url\":\"https:\/\/verdianpower.com\/it\/\",\"name\":\"VERDIAN\",\"description\":\"\",\"potentialAction\":[{\"@type\":\"SearchAction\",\"target\":{\"@type\":\"EntryPoint\",\"urlTemplate\":\"https:\/\/verdianpower.com\/it\/?s={search_term_string}\"},\"query-input\":{\"@type\":\"PropertyValueSpecification\",\"valueRequired\":true,\"valueName\":\"search_term_string\"}}],\"inLanguage\":\"it-IT\"}]}<\/script>\n<!-- \/ Yoast SEO plugin. -->","yoast_head_json":{"title":"Avviso legale - VERDIAN","robots":{"index":"noindex","follow":"follow"},"og_locale":"it_IT","og_type":"article","og_title":"Avviso legale - VERDIAN","og_description":"INFORMAZIONI GENERALI In conformit\u00e0 con quanto previsto dall\u2019articolo 10 della Legge 34\/2002 dell\u201911 luglio, sui Servizi della Societ\u00e0 dell\u2019Informazione e il Commercio Elettronico, ti informiamo che il titolare di questo sito web \u00e8: Verdian BV, societ\u00e0 costituita secondo le leggi dei Paesi Bassi. Numero di identificazione fiscale olandese: 862601824. Numero di identificazione fiscale spagnolo: N0111337B. [&hellip;]","og_url":"https:\/\/verdianpower.com\/it\/avviso-legale\/","og_site_name":"VERDIAN","article_modified_time":"2025-09-29T16:23:10+00:00","twitter_card":"summary_large_image","twitter_misc":{"Tempo di lettura stimato":"5 minuti"},"schema":{"@context":"https:\/\/schema.org","@graph":[{"@type":"WebPage","@id":"https:\/\/verdianpower.com\/it\/avviso-legale\/","url":"https:\/\/verdianpower.com\/it\/avviso-legale\/","name":"Avviso legale - VERDIAN","isPartOf":{"@id":"https:\/\/verdianpower.com\/it\/#website"},"datePublished":"2025-09-29T15:42:13+00:00","dateModified":"2025-09-29T16:23:10+00:00","breadcrumb":{"@id":"https:\/\/verdianpower.com\/it\/avviso-legale\/#breadcrumb"},"inLanguage":"it-IT","potentialAction":[{"@type":"ReadAction","target":["https:\/\/verdianpower.com\/it\/avviso-legale\/"]}]},{"@type":"BreadcrumbList","@id":"https:\/\/verdianpower.com\/it\/avviso-legale\/#breadcrumb","itemListElement":[{"@type":"ListItem","position":1,"name":"Portada","item":"https:\/\/verdianpower.com\/it\/"},{"@type":"ListItem","position":2,"name":"Avviso legale"}]},{"@type":"WebSite","@id":"https:\/\/verdianpower.com\/it\/#website","url":"https:\/\/verdianpower.com\/it\/","name":"VERDIAN","description":"","potentialAction":[{"@type":"SearchAction","target":{"@type":"EntryPoint","urlTemplate":"https:\/\/verdianpower.com\/it\/?s={search_term_string}"},"query-input":{"@type":"PropertyValueSpecification","valueRequired":true,"valueName":"search_term_string"}}],"inLanguage":"it-IT"}]}},"_links":{"self":[{"href":"https:\/\/verdianpower.com\/it\/wp-json\/wp\/v2\/pages\/1567","targetHints":{"allow":["GET"]}}],"collection":[{"href":"https:\/\/verdianpower.com\/it\/wp-json\/wp\/v2\/pages"}],"about":[{"href":"https:\/\/verdianpower.com\/it\/wp-json\/wp\/v2\/types\/page"}],"author":[{"embeddable":true,"href":"https:\/\/verdianpower.com\/it\/wp-json\/wp\/v2\/users\/5"}],"replies":[{"embeddable":true,"href":"https:\/\/verdianpower.com\/it\/wp-json\/wp\/v2\/comments?post=1567"}],"version-history":[{"count":0,"href":"https:\/\/verdianpower.com\/it\/wp-json\/wp\/v2\/pages\/1567\/revisions"}],"wp:attachment":[{"href":"https:\/\/verdianpower.com\/it\/wp-json\/wp\/v2\/media?parent=1567"}],"curies":[{"name":"wp","href":"https:\/\/api.w.org\/{rel}","templated":true}]}}