{"id":1282,"date":"2022-11-18T11:45:32","date_gmt":"2022-11-18T10:45:32","guid":{"rendered":"https:\/\/verdianpower.com\/home\/"},"modified":"2025-10-25T09:24:39","modified_gmt":"2025-10-25T07:24:39","slug":"home","status":"publish","type":"page","link":"https:\/\/verdianpower.com\/it\/","title":{"rendered":"Home"},"content":{"rendered":"\t\t<div data-elementor-type=\"wp-page\" data-elementor-id=\"1282\" class=\"elementor elementor-1282 elementor-66\" data-elementor-post-type=\"page\">\n\t\t\t\t<div class=\"elementor-element elementor-element-39a328e e-flex e-con-boxed e-con e-parent\" data-id=\"39a328e\" data-element_type=\"container\" data-e-type=\"container\" data-settings=\"{&quot;background_background&quot;:&quot;classic&quot;}\">\n\t\t\t\t\t<div class=\"e-con-inner\">\n\t\t\t\t<div class=\"elementor-element elementor-element-e6774a2 elementor-widget__width-initial elementor-widget-mobile__width-inherit elementor-widget elementor-widget-heading\" data-id=\"e6774a2\" data-element_type=\"widget\" data-e-type=\"widget\" data-widget_type=\"heading.default\">\n\t\t\t\t<div class=\"elementor-widget-container\">\n\t\t\t\t\t<h2 class=\"elementor-heading-title elementor-size-default\">Le azioni di oggi generano l'<span class=\"subrayado\">energia<\/span>pulita di domani\n<\/h2>\t\t\t\t<\/div>\n\t\t\t\t<\/div>\n\t\t\t\t<div class=\"elementor-element elementor-element-e5ffca7 elementor-widget__width-initial elementor-widget-mobile__width-inherit elementor-widget elementor-widget-heading\" data-id=\"e5ffca7\" data-element_type=\"widget\" data-e-type=\"widget\" data-widget_type=\"heading.default\">\n\t\t\t\t<div class=\"elementor-widget-container\">\n\t\t\t\t\t<p class=\"elementor-heading-title elementor-size-default\">Generiamo il 100% di energia pulita per contribuire alla transizione verso un mondo pi\u00f9 sostenibile, lavorando sempre al fianco delle comunit\u00e0 locali presso le quali produciamo energia e collaborando attivamente con loro per preservare il territorio, il patrimonio culturale e lo sviluppo socioeconomico.<\/p>\t\t\t\t<\/div>\n\t\t\t\t<\/div>\n\t\t\t\t\t<\/div>\n\t\t\t\t<\/div>\n\t\t<div class=\"elementor-element elementor-element-9df1e69 e-flex e-con-boxed e-con e-parent\" data-id=\"9df1e69\" data-element_type=\"container\" data-e-type=\"container\">\n\t\t\t\t\t<div class=\"e-con-inner\">\n\t\t<div class=\"elementor-element elementor-element-b91d4ba e-con-full e-flex e-con e-child\" data-id=\"b91d4ba\" data-element_type=\"container\" data-e-type=\"container\">\n\t\t\t\t<div class=\"elementor-element elementor-element-080c501 elementor-widget elementor-widget-heading\" data-id=\"080c501\" data-element_type=\"widget\" data-e-type=\"widget\" data-widget_type=\"heading.default\">\n\t\t\t\t<div class=\"elementor-widget-container\">\n\t\t\t\t\t<h2 class=\"elementor-heading-title elementor-size-default\">Il tuo campione nel settore dell\u2019energia pulita<\/h2>\t\t\t\t<\/div>\n\t\t\t\t<\/div>\n\t\t\t\t<div class=\"elementor-element elementor-element-0255492 elementor-widget elementor-widget-text-editor\" data-id=\"0255492\" data-element_type=\"widget\" data-e-type=\"widget\" data-widget_type=\"text-editor.default\">\n\t\t\t\t<div class=\"elementor-widget-container\">\n\t\t\t\t\t\t\t\t\t<p>Verdian vuole essere parte della soluzione, generando energia completamente pulita e rinnovabile che possa contribuire all\u2019indipendenza energetica europea da una prospettiva green, attuando un reale cambiamento nella crisi climatica.<\/p><p>Il nostro team, insieme a fornitori e clienti, aspira a favorire i legami con la comunit\u00e0 e la salvaguardia dell\u2019ambiente, contrastando attivamente il cambiamento climatico sia a livello globale che nelle aree in cui operiamo.<\/p>\t\t\t\t\t\t\t\t<\/div>\n\t\t\t\t<\/div>\n\t\t\t\t<\/div>\n\t\t<div class=\"elementor-element elementor-element-096f829 e-con-full e-flex e-con e-child\" data-id=\"096f829\" data-element_type=\"container\" data-e-type=\"container\">\n\t\t\t\t<div class=\"elementor-element elementor-element-5b58e33 elementor-widget elementor-widget-image\" data-id=\"5b58e33\" data-element_type=\"widget\" data-e-type=\"widget\" data-widget_type=\"image.default\">\n\t\t\t\t<div class=\"elementor-widget-container\">\n\t\t\t\t\t\t\t\t\t\t\t\t\t\t\t<img fetchpriority=\"high\" decoding=\"async\" width=\"800\" height=\"800\" src=\"https:\/\/verdianpower.com\/wp-content\/uploads\/2025\/09\/energy-sector.png\" class=\"attachment-large size-large wp-image-210\" alt=\"\" srcset=\"https:\/\/verdianpower.com\/wp-content\/uploads\/2025\/09\/energy-sector.png 885w, https:\/\/verdianpower.com\/wp-content\/uploads\/2025\/09\/energy-sector-300x300.png 300w, https:\/\/verdianpower.com\/wp-content\/uploads\/2025\/09\/energy-sector-150x150.png 150w, https:\/\/verdianpower.com\/wp-content\/uploads\/2025\/09\/energy-sector-768x768.png 768w\" sizes=\"(max-width: 800px) 100vw, 800px\" \/>\t\t\t\t\t\t\t\t\t\t\t\t\t\t\t<\/div>\n\t\t\t\t<\/div>\n\t\t\t\t<\/div>\n\t\t\t\t\t<\/div>\n\t\t\t\t<\/div>\n\t\t<div class=\"elementor-element elementor-element-d9b554d e-flex e-con-boxed e-con e-parent\" data-id=\"d9b554d\" data-element_type=\"container\" data-e-type=\"container\" data-settings=\"{&quot;background_background&quot;:&quot;classic&quot;}\">\n\t\t\t\t\t<div class=\"e-con-inner\">\n\t\t\t\t<div class=\"elementor-element elementor-element-0060760 elementor-widget elementor-widget-heading\" data-id=\"0060760\" data-element_type=\"widget\" data-e-type=\"widget\" data-widget_type=\"heading.default\">\n\t\t\t\t<div class=\"elementor-widget-container\">\n\t\t\t\t\t<h2 class=\"elementor-heading-title elementor-size-default\">Come possiamo darti energia?<\/h2>\t\t\t\t<\/div>\n\t\t\t\t<\/div>\n\t\t\t\t<div class=\"elementor-element elementor-element-1d6b34d elementor-widget__width-initial elementor-widget-mobile__width-inherit elementor-widget elementor-widget-text-editor\" data-id=\"1d6b34d\" data-element_type=\"widget\" data-e-type=\"widget\" data-widget_type=\"text-editor.default\">\n\t\t\t\t<div class=\"elementor-widget-container\">\n\t\t\t\t\t\t\t\t\t<p>Vogliamo compiere un ulteriore passo avanti non solo attraverso la nostra visione aziendale, ma anche facendo leva su una \u201cprospettiva umana\u201d, ponendo il nostro prossimo al centro dell\u2019intero progetto.<\/p>\t\t\t\t\t\t\t\t<\/div>\n\t\t\t\t<\/div>\n\t\t<div class=\"elementor-element elementor-element-5c86ea0 e-grid e-con-full e-con e-child\" data-id=\"5c86ea0\" data-element_type=\"container\" data-e-type=\"container\">\n\t\t<div class=\"elementor-element elementor-element-072644a e-con-full e-flex e-con e-child\" data-id=\"072644a\" data-element_type=\"container\" data-e-type=\"container\">\n\t\t\t\t<div class=\"elementor-element elementor-element-d94e56e elementor-widget elementor-widget-heading\" data-id=\"d94e56e\" data-element_type=\"widget\" data-e-type=\"widget\" data-widget_type=\"heading.default\">\n\t\t\t\t<div class=\"elementor-widget-container\">\n\t\t\t\t\t<h2 class=\"elementor-heading-title elementor-size-default\">Accanto alle nostre comunit\u00e0<\/h2>\t\t\t\t<\/div>\n\t\t\t\t<\/div>\n\t\t\t\t<div class=\"elementor-element elementor-element-3f1248b elementor-widget elementor-widget-text-editor\" data-id=\"3f1248b\" data-element_type=\"widget\" data-e-type=\"widget\" data-widget_type=\"text-editor.default\">\n\t\t\t\t<div class=\"elementor-widget-container\">\n\t\t\t\t\t\t\t\t\t<p>Verdian Power \u00e8 al fianco delle comunit\u00e0 in cui opera. Lavora proattivamente per preservare il territorio e mitigare il cambiamento climatico sia globalmente che localmente.<\/p>\t\t\t\t\t\t\t\t<\/div>\n\t\t\t\t<\/div>\n\t\t\t\t<\/div>\n\t\t<div class=\"elementor-element elementor-element-a76a31d e-con-full e-flex e-con e-child\" data-id=\"a76a31d\" data-element_type=\"container\" data-e-type=\"container\">\n\t\t\t\t<div class=\"elementor-element elementor-element-5555382 elementor-widget elementor-widget-heading\" data-id=\"5555382\" data-element_type=\"widget\" data-e-type=\"widget\" data-widget_type=\"heading.default\">\n\t\t\t\t<div class=\"elementor-widget-container\">\n\t\t\t\t\t<h2 class=\"elementor-heading-title elementor-size-default\">Mettiamo le persone al centro<\/h2>\t\t\t\t<\/div>\n\t\t\t\t<\/div>\n\t\t\t\t<div class=\"elementor-element elementor-element-82b11ee elementor-widget elementor-widget-text-editor\" data-id=\"82b11ee\" data-element_type=\"widget\" data-e-type=\"widget\" data-widget_type=\"text-editor.default\">\n\t\t\t\t<div class=\"elementor-widget-container\">\n\t\t\t\t\t\t\t\t\tUn\u2019attenzione speciale verso i cittadini che vivono in aree rurali, le studentesse e le professioniste in ambito STEM.\t\t\t\t\t\t\t\t<\/div>\n\t\t\t\t<\/div>\n\t\t\t\t<\/div>\n\t\t<div class=\"elementor-element elementor-element-347b32c e-con-full e-flex e-con e-child\" data-id=\"347b32c\" data-element_type=\"container\" data-e-type=\"container\">\n\t\t\t\t<div class=\"elementor-element elementor-element-da36f21 elementor-widget elementor-widget-heading\" data-id=\"da36f21\" data-element_type=\"widget\" data-e-type=\"widget\" data-widget_type=\"heading.default\">\n\t\t\t\t<div class=\"elementor-widget-container\">\n\t\t\t\t\t<h2 class=\"elementor-heading-title elementor-size-default\">Siamo parte della soluzione<\/h2>\t\t\t\t<\/div>\n\t\t\t\t<\/div>\n\t\t\t\t<div class=\"elementor-element elementor-element-ab07ca8 elementor-widget elementor-widget-text-editor\" data-id=\"ab07ca8\" data-element_type=\"widget\" data-e-type=\"widget\" data-widget_type=\"text-editor.default\">\n\t\t\t\t<div class=\"elementor-widget-container\">\n\t\t\t\t\t\t\t\t\tVerdian Power genera il 100% di energia pulita contribuendo alla sostenibilit\u00e0 globale e all\u2019indipendenza energetica europea.\t\t\t\t\t\t\t\t<\/div>\n\t\t\t\t<\/div>\n\t\t\t\t<\/div>\n\t\t\t\t<\/div>\n\t\t\t\t\t<\/div>\n\t\t\t\t<\/div>\n\t\t<div class=\"elementor-element elementor-element-c4c28c7 e-flex e-con-boxed e-con e-parent\" data-id=\"c4c28c7\" data-element_type=\"container\" data-e-type=\"container\" data-settings=\"{&quot;background_background&quot;:&quot;classic&quot;}\">\n\t\t\t\t\t<div class=\"e-con-inner\">\n\t\t\t\t<div class=\"elementor-element elementor-element-154793c elementor-widget elementor-widget-heading\" data-id=\"154793c\" data-element_type=\"widget\" data-e-type=\"widget\" data-widget_type=\"heading.default\">\n\t\t\t\t<div class=\"elementor-widget-container\">\n\t\t\t\t\t<h2 class=\"elementor-heading-title elementor-size-default\">Mettiamo la sostenibilit\u00e0 al centro di ogni nostra azione\n<\/h2>\t\t\t\t<\/div>\n\t\t\t\t<\/div>\n\t\t\t\t<div class=\"elementor-element elementor-element-60f0c23 elementor-widget__width-initial elementor-widget-mobile__width-inherit elementor-icon-list--layout-traditional elementor-list-item-link-full_width elementor-widget elementor-widget-icon-list\" data-id=\"60f0c23\" data-element_type=\"widget\" data-e-type=\"widget\" data-widget_type=\"icon-list.default\">\n\t\t\t\t<div class=\"elementor-widget-container\">\n\t\t\t\t\t\t\t<ul class=\"elementor-icon-list-items\">\n\t\t\t\t\t\t\t<li class=\"elementor-icon-list-item\">\n\t\t\t\t\t\t\t\t\t\t\t<span class=\"elementor-icon-list-icon\">\n\t\t\t\t\t\t\t<svg xmlns=\"http:\/\/www.w3.org\/2000\/svg\" viewBox=\"0 0 16 16\"><g><path d=\"m2.00276 9.99724 7.99724.002762-.001488-8-.998512-.001381.000107 6.29438-8.293-8.293-.707107.707107 8.293 8.293h-6.293z\" transform=\"translate(3 3)\"><\/path><\/g><\/svg>\t\t\t\t\t\t<\/span>\n\t\t\t\t\t\t\t\t\t\t<span class=\"elementor-icon-list-text\"><strong>La tutela dell\u2019ambiente e la riduzione delle emissioni rappresentano le nostre priorit\u00e0.<\/strong><br> Le azioni che implementiamo sono progettate per minimizzare il nostro impatto ambientale e utilizzare tecnologie innovative per promuovere un futuro pi\u00f9 green.<\/span>\n\t\t\t\t\t\t\t\t\t<\/li>\n\t\t\t\t\t\t\t\t<li class=\"elementor-icon-list-item\">\n\t\t\t\t\t\t\t\t\t\t\t<span class=\"elementor-icon-list-icon\">\n\t\t\t\t\t\t\t<svg xmlns=\"http:\/\/www.w3.org\/2000\/svg\" viewBox=\"0 0 16 16\"><g><path d=\"m2.00276 9.99724 7.99724.002762-.001488-8-.998512-.001381.000107 6.29438-8.293-8.293-.707107.707107 8.293 8.293h-6.293z\" transform=\"translate(3 3)\"><\/path><\/g><\/svg>\t\t\t\t\t\t<\/span>\n\t\t\t\t\t\t\t\t\t\t<span class=\"elementor-icon-list-text\"><strong>Coinvolgiamo attivamente le comunit\u00e0 locali nei nostri progetti,<\/strong><br>ascoltando le loro esigenze e preoccupazioni per massimizzare l\u2019impatto positivo delle nostre attivit\u00e0 in ogni area. <br><br> Favorire la partecipazione dei nostri stakeholder e supportare la crescita della comunit\u00e0 \u00e8 per noi fondamentale. Il nostro obiettivo \u00e8 creare valore condiviso e contribuire al benessere delle comunit\u00e0 presso cui operiamo.<\/span>\n\t\t\t\t\t\t\t\t\t<\/li>\n\t\t\t\t\t\t\t\t<li class=\"elementor-icon-list-item\">\n\t\t\t\t\t\t\t\t\t\t\t<span class=\"elementor-icon-list-icon\">\n\t\t\t\t\t\t\t<svg xmlns=\"http:\/\/www.w3.org\/2000\/svg\" viewBox=\"0 0 16 16\"><g><path d=\"m2.00276 9.99724 7.99724.002762-.001488-8-.998512-.001381.000107 6.29438-8.293-8.293-.707107.707107 8.293 8.293h-6.293z\" transform=\"translate(3 3)\"><\/path><\/g><\/svg>\t\t\t\t\t\t<\/span>\n\t\t\t\t\t\t\t\t\t\t<span class=\"elementor-icon-list-text\"><strong>Operiamo con pieno rispetto delle regole, della trasparenza e degli standard etici.<\/strong><br> Rispettiamo i requisiti normativi e comunichiamo in modo trasparente con gli stakeholder per generare fiducia. Il nostro impegno si estende in tutta la catena di fornitura, dove diamo priorit\u00e0 a pratiche etiche e miglioriamo costantemente il nostro approccio alla governance per allinearci a tutte le regolamentazioni del settore, che sono in costante cambiamento.<\/span>\n\t\t\t\t\t\t\t\t\t<\/li>\n\t\t\t\t\t\t<\/ul>\n\t\t\t\t\t\t<\/div>\n\t\t\t\t<\/div>\n\t\t\t\t\t<\/div>\n\t\t\t\t<\/div>\n\t\t\t\t<\/div>\n\t\t","protected":false},"excerpt":{"rendered":"<p>Le azioni di oggi generano l&#8217;energiapulita di domani Generiamo il 100% di energia pulita per contribuire alla transizione verso un mondo pi\u00f9 sostenibile, lavorando sempre al fianco delle comunit\u00e0 locali presso le quali produciamo energia e collaborando attivamente con loro per preservare il territorio, il patrimonio culturale e lo sviluppo socioeconomico. Il tuo campione nel [&hellip;]<\/p>\n","protected":false},"author":5,"featured_media":0,"parent":0,"menu_order":0,"comment_status":"closed","ping_status":"closed","template":"","meta":{"footnotes":""},"class_list":["post-1282","page","type-page","status-publish","hentry"],"yoast_head":"<!-- This site is optimized with the Yoast SEO plugin v27.2 - https:\/\/yoast.com\/product\/yoast-seo-wordpress\/ -->\n<title>VERDIAN - Energia 100% rinnovabile per l\u2019Europa<\/title>\n<meta name=\"robots\" content=\"index, follow, max-snippet:-1, max-image-preview:large, max-video-preview:-1\" \/>\n<link rel=\"canonical\" href=\"https:\/\/verdianpower.com\/it\/\" \/>\n<meta property=\"og:locale\" content=\"it_IT\" \/>\n<meta property=\"og:type\" content=\"article\" \/>\n<meta property=\"og:title\" content=\"VERDIAN - Energia 100% rinnovabile per l\u2019Europa\" \/>\n<meta property=\"og:description\" content=\"Le azioni di oggi generano l&#8217;energiapulita di domani Generiamo il 100% di energia pulita per contribuire alla transizione verso un mondo pi\u00f9 sostenibile, lavorando sempre al fianco delle comunit\u00e0 locali presso le quali produciamo energia e collaborando attivamente con loro per preservare il territorio, il patrimonio culturale e lo sviluppo socioeconomico. Il tuo campione nel [&hellip;]\" \/>\n<meta property=\"og:url\" content=\"https:\/\/verdianpower.com\/it\/\" \/>\n<meta property=\"og:site_name\" content=\"VERDIAN\" \/>\n<meta property=\"article:modified_time\" content=\"2025-10-25T07:24:39+00:00\" \/>\n<meta property=\"og:image\" content=\"https:\/\/verdianpower.com\/wp-content\/uploads\/2025\/09\/energy-sector.png\" \/>\n<meta name=\"twitter:card\" content=\"summary_large_image\" \/>\n<meta name=\"twitter:label1\" content=\"Tempo di lettura stimato\" \/>\n\t<meta name=\"twitter:data1\" content=\"2 minuti\" \/>\n<script type=\"application\/ld+json\" class=\"yoast-schema-graph\">{\"@context\":\"https:\/\/schema.org\",\"@graph\":[{\"@type\":\"WebPage\",\"@id\":\"https:\/\/verdianpower.com\/it\/\",\"url\":\"https:\/\/verdianpower.com\/it\/\",\"name\":\"VERDIAN - Energia 100% rinnovabile per l\u2019Europa\",\"isPartOf\":{\"@id\":\"https:\/\/verdianpower.com\/it\/#website\"},\"primaryImageOfPage\":{\"@id\":\"https:\/\/verdianpower.com\/it\/#primaryimage\"},\"image\":{\"@id\":\"https:\/\/verdianpower.com\/it\/#primaryimage\"},\"thumbnailUrl\":\"https:\/\/verdianpower.com\/wp-content\/uploads\/2025\/09\/energy-sector.png\",\"datePublished\":\"2022-11-18T10:45:32+00:00\",\"dateModified\":\"2025-10-25T07:24:39+00:00\",\"breadcrumb\":{\"@id\":\"https:\/\/verdianpower.com\/it\/#breadcrumb\"},\"inLanguage\":\"it-IT\",\"potentialAction\":[{\"@type\":\"ReadAction\",\"target\":[\"https:\/\/verdianpower.com\/it\/\"]}]},{\"@type\":\"ImageObject\",\"inLanguage\":\"it-IT\",\"@id\":\"https:\/\/verdianpower.com\/it\/#primaryimage\",\"url\":\"https:\/\/verdianpower.com\/wp-content\/uploads\/2025\/09\/energy-sector.png\",\"contentUrl\":\"https:\/\/verdianpower.com\/wp-content\/uploads\/2025\/09\/energy-sector.png\"},{\"@type\":\"BreadcrumbList\",\"@id\":\"https:\/\/verdianpower.com\/it\/#breadcrumb\",\"itemListElement\":[{\"@type\":\"ListItem\",\"position\":1,\"name\":\"Portada\",\"item\":\"https:\/\/verdianpower.com\/it\/\"},{\"@type\":\"ListItem\",\"position\":2,\"name\":\"Home\"}]},{\"@type\":\"WebSite\",\"@id\":\"https:\/\/verdianpower.com\/it\/#website\",\"url\":\"https:\/\/verdianpower.com\/it\/\",\"name\":\"VERDIAN\",\"description\":\"\",\"potentialAction\":[{\"@type\":\"SearchAction\",\"target\":{\"@type\":\"EntryPoint\",\"urlTemplate\":\"https:\/\/verdianpower.com\/it\/?s={search_term_string}\"},\"query-input\":{\"@type\":\"PropertyValueSpecification\",\"valueRequired\":true,\"valueName\":\"search_term_string\"}}],\"inLanguage\":\"it-IT\"}]}<\/script>\n<!-- \/ Yoast SEO plugin. -->","yoast_head_json":{"title":"VERDIAN - Energia 100% rinnovabile per l\u2019Europa","robots":{"index":"index","follow":"follow","max-snippet":"max-snippet:-1","max-image-preview":"max-image-preview:large","max-video-preview":"max-video-preview:-1"},"canonical":"https:\/\/verdianpower.com\/it\/","og_locale":"it_IT","og_type":"article","og_title":"VERDIAN - Energia 100% rinnovabile per l\u2019Europa","og_description":"Le azioni di oggi generano l&#8217;energiapulita di domani Generiamo il 100% di energia pulita per contribuire alla transizione verso un mondo pi\u00f9 sostenibile, lavorando sempre al fianco delle comunit\u00e0 locali presso le quali produciamo energia e collaborando attivamente con loro per preservare il territorio, il patrimonio culturale e lo sviluppo socioeconomico. Il tuo campione nel [&hellip;]","og_url":"https:\/\/verdianpower.com\/it\/","og_site_name":"VERDIAN","article_modified_time":"2025-10-25T07:24:39+00:00","og_image":[{"url":"https:\/\/verdianpower.com\/wp-content\/uploads\/2025\/09\/energy-sector.png","type":"","width":"","height":""}],"twitter_card":"summary_large_image","twitter_misc":{"Tempo di lettura stimato":"2 minuti"},"schema":{"@context":"https:\/\/schema.org","@graph":[{"@type":"WebPage","@id":"https:\/\/verdianpower.com\/it\/","url":"https:\/\/verdianpower.com\/it\/","name":"VERDIAN - Energia 100% rinnovabile per l\u2019Europa","isPartOf":{"@id":"https:\/\/verdianpower.com\/it\/#website"},"primaryImageOfPage":{"@id":"https:\/\/verdianpower.com\/it\/#primaryimage"},"image":{"@id":"https:\/\/verdianpower.com\/it\/#primaryimage"},"thumbnailUrl":"https:\/\/verdianpower.com\/wp-content\/uploads\/2025\/09\/energy-sector.png","datePublished":"2022-11-18T10:45:32+00:00","dateModified":"2025-10-25T07:24:39+00:00","breadcrumb":{"@id":"https:\/\/verdianpower.com\/it\/#breadcrumb"},"inLanguage":"it-IT","potentialAction":[{"@type":"ReadAction","target":["https:\/\/verdianpower.com\/it\/"]}]},{"@type":"ImageObject","inLanguage":"it-IT","@id":"https:\/\/verdianpower.com\/it\/#primaryimage","url":"https:\/\/verdianpower.com\/wp-content\/uploads\/2025\/09\/energy-sector.png","contentUrl":"https:\/\/verdianpower.com\/wp-content\/uploads\/2025\/09\/energy-sector.png"},{"@type":"BreadcrumbList","@id":"https:\/\/verdianpower.com\/it\/#breadcrumb","itemListElement":[{"@type":"ListItem","position":1,"name":"Portada","item":"https:\/\/verdianpower.com\/it\/"},{"@type":"ListItem","position":2,"name":"Home"}]},{"@type":"WebSite","@id":"https:\/\/verdianpower.com\/it\/#website","url":"https:\/\/verdianpower.com\/it\/","name":"VERDIAN","description":"","potentialAction":[{"@type":"SearchAction","target":{"@type":"EntryPoint","urlTemplate":"https:\/\/verdianpower.com\/it\/?s={search_term_string}"},"query-input":{"@type":"PropertyValueSpecification","valueRequired":true,"valueName":"search_term_string"}}],"inLanguage":"it-IT"}]}},"_links":{"self":[{"href":"https:\/\/verdianpower.com\/it\/wp-json\/wp\/v2\/pages\/1282","targetHints":{"allow":["GET"]}}],"collection":[{"href":"https:\/\/verdianpower.com\/it\/wp-json\/wp\/v2\/pages"}],"about":[{"href":"https:\/\/verdianpower.com\/it\/wp-json\/wp\/v2\/types\/page"}],"author":[{"embeddable":true,"href":"https:\/\/verdianpower.com\/it\/wp-json\/wp\/v2\/users\/5"}],"replies":[{"embeddable":true,"href":"https:\/\/verdianpower.com\/it\/wp-json\/wp\/v2\/comments?post=1282"}],"version-history":[{"count":1,"href":"https:\/\/verdianpower.com\/it\/wp-json\/wp\/v2\/pages\/1282\/revisions"}],"predecessor-version":[{"id":1829,"href":"https:\/\/verdianpower.com\/it\/wp-json\/wp\/v2\/pages\/1282\/revisions\/1829"}],"wp:attachment":[{"href":"https:\/\/verdianpower.com\/it\/wp-json\/wp\/v2\/media?parent=1282"}],"curies":[{"name":"wp","href":"https:\/\/api.w.org\/{rel}","templated":true}]}}