{"id":1569,"date":"2025-09-29T17:42:13","date_gmt":"2025-09-29T15:42:13","guid":{"rendered":"https:\/\/verdianpower.com\/terms-and-conditions\/"},"modified":"2025-09-29T18:21:58","modified_gmt":"2025-09-29T16:21:58","slug":"terminos-y-condiciones","status":"publish","type":"page","link":"https:\/\/verdianpower.com\/es\/terminos-y-condiciones\/","title":{"rendered":"T\u00e9rminos y Condiciones"},"content":{"rendered":"\t\t<div data-elementor-type=\"wp-page\" data-elementor-id=\"1569\" class=\"elementor elementor-1569 elementor-1514\" data-elementor-post-type=\"page\">\n\t\t\t\t<div class=\"elementor-element elementor-element-cbaf38c e-flex e-con-boxed e-con e-parent\" data-id=\"cbaf38c\" data-element_type=\"container\" data-e-type=\"container\" data-settings=\"{&quot;background_background&quot;:&quot;classic&quot;}\">\n\t\t\t\t\t<div class=\"e-con-inner\">\n\t\t\t\t<div class=\"elementor-element elementor-element-3d83ac5 elementor-widget elementor-widget-theme-post-title elementor-page-title elementor-widget-heading\" data-id=\"3d83ac5\" data-element_type=\"widget\" data-e-type=\"widget\" data-widget_type=\"theme-post-title.default\">\n\t\t\t\t<div class=\"elementor-widget-container\">\n\t\t\t\t\t<h1 class=\"elementor-heading-title elementor-size-default\">T\u00e9rminos y Condiciones<\/h1>\t\t\t\t<\/div>\n\t\t\t\t<\/div>\n\t\t\t\t\t<\/div>\n\t\t\t\t<\/div>\n\t\t<div class=\"elementor-element elementor-element-368af9e e-flex e-con-boxed e-con e-parent\" data-id=\"368af9e\" data-element_type=\"container\" data-e-type=\"container\">\n\t\t\t\t\t<div class=\"e-con-inner\">\n\t\t\t\t<div class=\"elementor-element elementor-element-3f5928c elementor-widget elementor-widget-text-editor\" data-id=\"3f5928c\" data-element_type=\"widget\" data-e-type=\"widget\" data-widget_type=\"text-editor.default\">\n\t\t\t\t<div class=\"elementor-widget-container\">\n\t\t\t\t\t\t\t\t\t<p><strong>1. INFORMACI\u00d3N GENERAL<\/strong><\/p><p>En cumplimiento de lo previsto en el art\u00edculo 10 de la Ley 34\/2002, de 11 de julio, de Servicios de la Sociedad de la Informaci\u00f3n y Comercio Electr\u00f3nico, se informa que la titular del presente sitio web es:<\/p><ul><li>Verdian BV, Sociedad constituida bajo las leyes de Pa\u00edses Bajos.<\/li><li>N\u00famero de Identificaci\u00f3n Fiscal Holand\u00e9s: 862601824.<\/li><li>N\u00famero de Identificaci\u00f3n Fiscal espa\u00f1ol: N0111337B.<\/li><li>Domicilio Social: Hoogoorddreef 15, 1101 BA, \u00c1msterdam (Pa\u00edses Bajos),<\/li><li>Inscrita en el Registro Mercantil holand\u00e9s con el n\u00famero 82780390,<\/li><\/ul><p>Le recomendamos que revise este documento peri\u00f3dicamente para estar debidamente informado sobre los cambios que realicemos.<\/p><p><strong>2. SERVICIO<\/strong><\/p><p>Verdian ofrece el contenido disponible en su p\u00e1gina web, sujeto al presente aviso legal, as\u00ed como a la Pol\u00edtica de Privacidad.<\/p><p><strong>3. LEGISLACI\u00d3N Y JURISDICCI\u00d3N<\/strong><\/p><p>Las relaciones entre el propietario del sitio web y los usuarios del mismo est\u00e1n sujetas a la legislaci\u00f3n de Pa\u00edses Bajos, aunque si reside en otro lugar, conservar\u00e1 el beneficio de las protecciones obligatorias que le otorgan las leyes de su pa\u00eds.<\/p><p>En caso de litigio, el propietario de la p\u00e1gina web y el usuario se someten a la jurisdicci\u00f3n y competencia exclusiva de los tribunales de Pa\u00edses Bajos, aunque si reside en otro lugar, conservar\u00e1 el beneficio de las protecciones obligatorias que le otorgan las leyes de su pa\u00eds<\/p><p><strong>4. ACTUALIZACI\u00d3N DE LOS T\u00c9RMINOS Y CONDICIONES<\/strong><\/p><p>El usuario est\u00e1 informado y acepta que el acceso a esta p\u00e1gina web no implica, en ning\u00fan caso, el inicio de una relaci\u00f3n comercial con Verdian.<\/p><p>El propietario de la p\u00e1gina web se reserva el derecho de realizar cambios que considere apropiados para la misma, y puede cambiar, eliminar o a\u00f1adir contenidos y servicios.<\/p><p><strong>5. INVALIDEZ Y EFECTIVIDAD DE LAS CL\u00c1USULAS<\/strong><\/p><p>Si alguna de las cl\u00e1usulas incluidas en el presente Aviso es declarada nula o parcialmente nula, solo afectar\u00e1 a dicha cl\u00e1usula o a la parte de la misma que sea nula y el presente Aviso permanecer\u00e1 en vigor con respecto al resto de cl\u00e1usulas.<\/p><p><strong>6. PROPIEDAD INTELECTUAL<\/strong><\/p><p>Todos los contenidos de la p\u00e1gina web (incluyendo, sin car\u00e1cter limitativo, bases de datos, im\u00e1genes y fotograf\u00edas, dibujos, gr\u00e1ficos y archivos de texto) son propiedad de Verdian o de los proveedores de contenidos, habiendo sido, en este \u00faltimo caso, objeto de licencia o cesi\u00f3n por parte de los mismos, y est\u00e1n protegidos por las normas nacionales o internacionales de propiedad intelectual.<\/p><p>La recopilaci\u00f3n, dise\u00f1o, ordenaci\u00f3n y montaje de todo el contenido de la p\u00e1gina web es propiedad exclusiva de Verdian y se encuentra protegida por las normas nacionales e internacionales de propiedad industrial e intelectual.<\/p><p>Las marcas, r\u00f3tulos, signos distintivos o logos de la p\u00e1gina web son titularidad de Verdian y est\u00e1n debidamente registrados. Los textos, datos y dibujos gr\u00e1ficos son propiedad de Verdian o de las entidades proveedoras de informaci\u00f3n, no pudiendo ser objeto de ulterior modificaci\u00f3n, copia, transformaci\u00f3n, alteraci\u00f3n, reproducci\u00f3n, adaptaci\u00f3n o traducci\u00f3n por parte de terceros, sin la expresa autorizaci\u00f3n por parte del titular de dicho contenido. La puesta a disposici\u00f3n de los textos, datos y dibujos gr\u00e1ficos no implica, en ning\u00fan caso, la cesi\u00f3n de su titularidad o la concesi\u00f3n de un derecho de explotaci\u00f3n, reproducci\u00f3n, difusi\u00f3n, transformaci\u00f3n, distribuci\u00f3n, o transmisi\u00f3n a su favor, distinto del derecho de uso que comporta la utilizaci\u00f3n leg\u00edtima de Verdian.<\/p><p><strong>7. CONTENIDO DE LA WEB Y ENLACES (LINKS)<\/strong><\/p><p>Verdian no se responsabiliza del mal uso que se realice de los contenidos de su p\u00e1gina web, siendo exclusiva responsabilidad de la persona que accede a ellos o los utilice.<\/p><p>Los titulares de otros sitios Web que deseen crear un hiperv\u00ednculo, se comprometen a no establecer enlaces a sitios Web en los que no aparezca el logotipo Verdian y a no realizar manifestaciones falsas, inexactas o incorrectas, que puedan inducir a error o, en general, que sean contrarias a las leyes. Los titulares de otros sitios Web que deseen crear un hiperv\u00ednculo a la presente p\u00e1gina web se comprometen, asimismo, a no establecer hiperv\u00ednculos con sitios Web que contengan contenidos, manifestaciones o propaganda de \u00edndole racista, xen\u00f3foba, pornogr\u00e1fica, de apolog\u00eda del terrorismo y, en general, puedan perjudicar de cualquier modo el buen nombre o la imagen de Verdian.<\/p><p>La inclusi\u00f3n de hiperv\u00ednculos no implica necesariamente que Verdian mantenga relaciones mercantiles o v\u00ednculos asociativos con el titular del sitio Web en la que se establezca el enlace. La presencia de hiperv\u00ednculos tiene una finalidad meramente informativa, motivo por el cual, Verdian no se responsabiliza ni otorga garant\u00eda de ninguna naturaleza, ni expresa ni impl\u00edcita respecto a la comerciabilidad, idoneidad, calidad, caracter\u00edsticas, procedencia, comercializaci\u00f3n o cualquier otro aspecto de las informaciones, productos y\/o servicios.<\/p><p>La exenci\u00f3n de responsabilidad establecida en los apartados anteriores no operar\u00e1 en el supuesto de que el proveedor de contenidos al que se enlace o cuya localizaci\u00f3n se facilite act\u00fae bajo la direcci\u00f3n, autoridad o control del prestador que facilite la localizaci\u00f3n de esos contenidos.<\/p><p><strong>8. SEGURIDAD<\/strong><\/p><p>Verdian manifiesta que este sitio Web dispone de la tecnolog\u00eda adecuada para permitir el acceso y utilizaci\u00f3n del mismo. No obstante, no se responsabiliza por la eventual existencia de virus u otros elementos nocivos, introducidos por cualquier medio o por cualquier tercero, que puedan producir alteraciones en sus sistemas inform\u00e1ticos. La presente p\u00e1gina web podr\u00eda contener inexactitudes, omisiones relevantes, imprecisiones o erratas. Verdian no garantiza, en ning\u00fan caso, la veracidad, exactitud y actualidad de los datos contenidos en su sitio Web.<\/p><p>El usuario exonera a Verdian de cualquier responsabilidad con relaci\u00f3n a la fiabilidad, utilidad o falsas expectativas que este sitio Web pudiera producirle.<\/p><p><strong>9. LIMITACI\u00d3N DE RESPONSABILIDAD<\/strong><\/p><p>Verdian no ofrece garant\u00edas de ninguna clase en cuanto al funcionamiento del sitio Web o a la informaci\u00f3n contenida en el mismo. Verdian no ser\u00e1 responsable de los da\u00f1os o perjuicios, de cualquier \u00edndole, que puedan derivarse del uso del sitio Web.<\/p><p>Verdian excluye toda responsabilidad por la licitud, contenido y calidad de los datos e informaciones ofrecidos por terceras entidades a trav\u00e9s del sitio Web.<\/p>\t\t\t\t\t\t\t\t<\/div>\n\t\t\t\t<\/div>\n\t\t\t\t\t<\/div>\n\t\t\t\t<\/div>\n\t\t\t\t<\/div>\n\t\t","protected":false},"excerpt":{"rendered":"<p>1. INFORMACI\u00d3N GENERAL En cumplimiento de lo previsto en el art\u00edculo 10 de la Ley 34\/2002, de 11 de julio, de Servicios de la Sociedad de la Informaci\u00f3n y Comercio Electr\u00f3nico, se informa que la titular del presente sitio web es: Verdian BV, Sociedad constituida bajo las leyes de Pa\u00edses Bajos. N\u00famero de Identificaci\u00f3n Fiscal [&hellip;]<\/p>\n","protected":false},"author":5,"featured_media":0,"parent":0,"menu_order":0,"comment_status":"closed","ping_status":"closed","template":"elementor_header_footer","meta":{"footnotes":""},"class_list":["post-1569","page","type-page","status-publish","hentry"],"yoast_head":"<!-- This site is optimized with the Yoast SEO plugin v27.2 - https:\/\/yoast.com\/product\/yoast-seo-wordpress\/ -->\n<title>T\u00e9rminos y Condiciones - VERDIAN<\/title>\n<meta name=\"robots\" content=\"noindex, follow\" \/>\n<meta property=\"og:locale\" content=\"es_ES\" \/>\n<meta property=\"og:type\" content=\"article\" \/>\n<meta property=\"og:title\" content=\"T\u00e9rminos y Condiciones - VERDIAN\" \/>\n<meta property=\"og:description\" content=\"1. INFORMACI\u00d3N GENERAL En cumplimiento de lo previsto en el art\u00edculo 10 de la Ley 34\/2002, de 11 de julio, de Servicios de la Sociedad de la Informaci\u00f3n y Comercio Electr\u00f3nico, se informa que la titular del presente sitio web es: Verdian BV, Sociedad constituida bajo las leyes de Pa\u00edses Bajos. N\u00famero de Identificaci\u00f3n Fiscal [&hellip;]\" \/>\n<meta property=\"og:url\" content=\"https:\/\/verdianpower.com\/es\/terminos-y-condiciones\/\" \/>\n<meta property=\"og:site_name\" content=\"VERDIAN\" \/>\n<meta property=\"article:modified_time\" content=\"2025-09-29T16:21:58+00:00\" \/>\n<meta name=\"twitter:card\" content=\"summary_large_image\" \/>\n<meta name=\"twitter:label1\" content=\"Tiempo de lectura\" \/>\n\t<meta name=\"twitter:data1\" content=\"5 minutos\" \/>\n<script type=\"application\/ld+json\" class=\"yoast-schema-graph\">{\"@context\":\"https:\/\/schema.org\",\"@graph\":[{\"@type\":\"WebPage\",\"@id\":\"https:\/\/verdianpower.com\/es\/terminos-y-condiciones\/\",\"url\":\"https:\/\/verdianpower.com\/es\/terminos-y-condiciones\/\",\"name\":\"T\u00e9rminos y Condiciones - VERDIAN\",\"isPartOf\":{\"@id\":\"https:\/\/verdianpower.com\/es\/#website\"},\"datePublished\":\"2025-09-29T15:42:13+00:00\",\"dateModified\":\"2025-09-29T16:21:58+00:00\",\"breadcrumb\":{\"@id\":\"https:\/\/verdianpower.com\/es\/terminos-y-condiciones\/#breadcrumb\"},\"inLanguage\":\"es\",\"potentialAction\":[{\"@type\":\"ReadAction\",\"target\":[\"https:\/\/verdianpower.com\/es\/terminos-y-condiciones\/\"]}]},{\"@type\":\"BreadcrumbList\",\"@id\":\"https:\/\/verdianpower.com\/es\/terminos-y-condiciones\/#breadcrumb\",\"itemListElement\":[{\"@type\":\"ListItem\",\"position\":1,\"name\":\"Portada\",\"item\":\"https:\/\/verdianpower.com\/es\/\"},{\"@type\":\"ListItem\",\"position\":2,\"name\":\"T\u00e9rminos y Condiciones\"}]},{\"@type\":\"WebSite\",\"@id\":\"https:\/\/verdianpower.com\/es\/#website\",\"url\":\"https:\/\/verdianpower.com\/es\/\",\"name\":\"VERDIAN\",\"description\":\"\",\"potentialAction\":[{\"@type\":\"SearchAction\",\"target\":{\"@type\":\"EntryPoint\",\"urlTemplate\":\"https:\/\/verdianpower.com\/es\/?s={search_term_string}\"},\"query-input\":{\"@type\":\"PropertyValueSpecification\",\"valueRequired\":true,\"valueName\":\"search_term_string\"}}],\"inLanguage\":\"es\"}]}<\/script>\n<!-- \/ Yoast SEO plugin. -->","yoast_head_json":{"title":"T\u00e9rminos y Condiciones - VERDIAN","robots":{"index":"noindex","follow":"follow"},"og_locale":"es_ES","og_type":"article","og_title":"T\u00e9rminos y Condiciones - VERDIAN","og_description":"1. INFORMACI\u00d3N GENERAL En cumplimiento de lo previsto en el art\u00edculo 10 de la Ley 34\/2002, de 11 de julio, de Servicios de la Sociedad de la Informaci\u00f3n y Comercio Electr\u00f3nico, se informa que la titular del presente sitio web es: Verdian BV, Sociedad constituida bajo las leyes de Pa\u00edses Bajos. N\u00famero de Identificaci\u00f3n Fiscal [&hellip;]","og_url":"https:\/\/verdianpower.com\/es\/terminos-y-condiciones\/","og_site_name":"VERDIAN","article_modified_time":"2025-09-29T16:21:58+00:00","twitter_card":"summary_large_image","twitter_misc":{"Tiempo de lectura":"5 minutos"},"schema":{"@context":"https:\/\/schema.org","@graph":[{"@type":"WebPage","@id":"https:\/\/verdianpower.com\/es\/terminos-y-condiciones\/","url":"https:\/\/verdianpower.com\/es\/terminos-y-condiciones\/","name":"T\u00e9rminos y Condiciones - VERDIAN","isPartOf":{"@id":"https:\/\/verdianpower.com\/es\/#website"},"datePublished":"2025-09-29T15:42:13+00:00","dateModified":"2025-09-29T16:21:58+00:00","breadcrumb":{"@id":"https:\/\/verdianpower.com\/es\/terminos-y-condiciones\/#breadcrumb"},"inLanguage":"es","potentialAction":[{"@type":"ReadAction","target":["https:\/\/verdianpower.com\/es\/terminos-y-condiciones\/"]}]},{"@type":"BreadcrumbList","@id":"https:\/\/verdianpower.com\/es\/terminos-y-condiciones\/#breadcrumb","itemListElement":[{"@type":"ListItem","position":1,"name":"Portada","item":"https:\/\/verdianpower.com\/es\/"},{"@type":"ListItem","position":2,"name":"T\u00e9rminos y Condiciones"}]},{"@type":"WebSite","@id":"https:\/\/verdianpower.com\/es\/#website","url":"https:\/\/verdianpower.com\/es\/","name":"VERDIAN","description":"","potentialAction":[{"@type":"SearchAction","target":{"@type":"EntryPoint","urlTemplate":"https:\/\/verdianpower.com\/es\/?s={search_term_string}"},"query-input":{"@type":"PropertyValueSpecification","valueRequired":true,"valueName":"search_term_string"}}],"inLanguage":"es"}]}},"_links":{"self":[{"href":"https:\/\/verdianpower.com\/es\/wp-json\/wp\/v2\/pages\/1569","targetHints":{"allow":["GET"]}}],"collection":[{"href":"https:\/\/verdianpower.com\/es\/wp-json\/wp\/v2\/pages"}],"about":[{"href":"https:\/\/verdianpower.com\/es\/wp-json\/wp\/v2\/types\/page"}],"author":[{"embeddable":true,"href":"https:\/\/verdianpower.com\/es\/wp-json\/wp\/v2\/users\/5"}],"replies":[{"embeddable":true,"href":"https:\/\/verdianpower.com\/es\/wp-json\/wp\/v2\/comments?post=1569"}],"version-history":[{"count":0,"href":"https:\/\/verdianpower.com\/es\/wp-json\/wp\/v2\/pages\/1569\/revisions"}],"wp:attachment":[{"href":"https:\/\/verdianpower.com\/es\/wp-json\/wp\/v2\/media?parent=1569"}],"curies":[{"name":"wp","href":"https:\/\/api.w.org\/{rel}","templated":true}]}}