{"id":1286,"date":"2022-11-18T11:45:32","date_gmt":"2022-11-18T10:45:32","guid":{"rendered":"https:\/\/verdianpower.com\/inicio\/"},"modified":"2025-10-25T09:23:54","modified_gmt":"2025-10-25T07:23:54","slug":"inicio","status":"publish","type":"page","link":"https:\/\/verdianpower.com\/es\/","title":{"rendered":"Inicio"},"content":{"rendered":"\t\t<div data-elementor-type=\"wp-page\" data-elementor-id=\"1286\" class=\"elementor elementor-1286 elementor-66\" data-elementor-post-type=\"page\">\n\t\t\t\t<div class=\"elementor-element elementor-element-39a328e e-flex e-con-boxed e-con e-parent\" data-id=\"39a328e\" data-element_type=\"container\" data-e-type=\"container\" data-settings=\"{&quot;background_background&quot;:&quot;classic&quot;}\">\n\t\t\t\t\t<div class=\"e-con-inner\">\n\t\t\t\t<div class=\"elementor-element elementor-element-e6774a2 elementor-widget__width-initial elementor-widget-mobile__width-inherit elementor-widget elementor-widget-heading\" data-id=\"e6774a2\" data-element_type=\"widget\" data-e-type=\"widget\" data-widget_type=\"heading.default\">\n\t\t\t\t<div class=\"elementor-widget-container\">\n\t\t\t\t\t<h2 class=\"elementor-heading-title elementor-size-default\">Las acciones de hoy impulsan la <span class=\"subrayado\">energ\u00eda<\/span> limpia del ma\u00f1ana\n<\/h2>\t\t\t\t<\/div>\n\t\t\t\t<\/div>\n\t\t\t\t<div class=\"elementor-element elementor-element-e5ffca7 elementor-widget__width-initial elementor-widget-mobile__width-inherit elementor-widget elementor-widget-heading\" data-id=\"e5ffca7\" data-element_type=\"widget\" data-e-type=\"widget\" data-widget_type=\"heading.default\">\n\t\t\t\t<div class=\"elementor-widget-container\">\n\t\t\t\t\t<p class=\"elementor-heading-title elementor-size-default\">Generamos energ\u00eda 100% limpia para un mundo m\u00e1s sostenible, trabajando mano a mano con las comunidades donde producimos la energ\u00eda, y colaborando activamente con ellas para proteger su entorno natural, su patrimonio cultural y su desarrollo socioecon\u00f3mico.<\/p>\t\t\t\t<\/div>\n\t\t\t\t<\/div>\n\t\t\t\t\t<\/div>\n\t\t\t\t<\/div>\n\t\t<div class=\"elementor-element elementor-element-9df1e69 e-flex e-con-boxed e-con e-parent\" data-id=\"9df1e69\" data-element_type=\"container\" data-e-type=\"container\">\n\t\t\t\t\t<div class=\"e-con-inner\">\n\t\t<div class=\"elementor-element elementor-element-b91d4ba e-con-full e-flex e-con e-child\" data-id=\"b91d4ba\" data-element_type=\"container\" data-e-type=\"container\">\n\t\t\t\t<div class=\"elementor-element elementor-element-080c501 elementor-widget elementor-widget-heading\" data-id=\"080c501\" data-element_type=\"widget\" data-e-type=\"widget\" data-widget_type=\"heading.default\">\n\t\t\t\t<div class=\"elementor-widget-container\">\n\t\t\t\t\t<h2 class=\"elementor-heading-title elementor-size-default\">Tu aliado para el cambio en el sector de las energ\u00edas limpias<\/h2>\t\t\t\t<\/div>\n\t\t\t\t<\/div>\n\t\t\t\t<div class=\"elementor-element elementor-element-0255492 elementor-widget elementor-widget-text-editor\" data-id=\"0255492\" data-element_type=\"widget\" data-e-type=\"widget\" data-widget_type=\"text-editor.default\">\n\t\t\t\t<div class=\"elementor-widget-container\">\n\t\t\t\t\t\t\t\t\t<p>Verdian quiere ser parte de la soluci\u00f3n, generando energ\u00eda completamente limpia y renovable que contribuya a la independencia energ\u00e9tica de Europa desde una perspectiva sostenible que suponga un cambio real en la emergencia clim\u00e1tica.<\/p><p>Nuestro equipo, proveedores y clientes est\u00e1n comprometidos con la protecci\u00f3n del medio ambiente y fomentar los v\u00ednculos comunitarios, combatiendo activamente el cambio clim\u00e1tico, tanto a nivel global como en las \u00e1reas en las que operamos.<\/p>\t\t\t\t\t\t\t\t<\/div>\n\t\t\t\t<\/div>\n\t\t\t\t<\/div>\n\t\t<div class=\"elementor-element elementor-element-096f829 e-con-full e-flex e-con e-child\" data-id=\"096f829\" data-element_type=\"container\" data-e-type=\"container\">\n\t\t\t\t<div class=\"elementor-element elementor-element-5b58e33 elementor-widget elementor-widget-image\" data-id=\"5b58e33\" data-element_type=\"widget\" data-e-type=\"widget\" data-widget_type=\"image.default\">\n\t\t\t\t<div class=\"elementor-widget-container\">\n\t\t\t\t\t\t\t\t\t\t\t\t\t\t\t<img fetchpriority=\"high\" decoding=\"async\" width=\"800\" height=\"800\" src=\"https:\/\/verdianpower.com\/wp-content\/uploads\/2025\/09\/energy-sector.png\" class=\"attachment-large size-large wp-image-212\" alt=\"\" srcset=\"https:\/\/verdianpower.com\/wp-content\/uploads\/2025\/09\/energy-sector.png 885w, https:\/\/verdianpower.com\/wp-content\/uploads\/2025\/09\/energy-sector-300x300.png 300w, https:\/\/verdianpower.com\/wp-content\/uploads\/2025\/09\/energy-sector-150x150.png 150w, https:\/\/verdianpower.com\/wp-content\/uploads\/2025\/09\/energy-sector-768x768.png 768w\" sizes=\"(max-width: 800px) 100vw, 800px\" \/>\t\t\t\t\t\t\t\t\t\t\t\t\t\t\t<\/div>\n\t\t\t\t<\/div>\n\t\t\t\t<\/div>\n\t\t\t\t\t<\/div>\n\t\t\t\t<\/div>\n\t\t<div class=\"elementor-element elementor-element-d9b554d e-flex e-con-boxed e-con e-parent\" data-id=\"d9b554d\" data-element_type=\"container\" data-e-type=\"container\" data-settings=\"{&quot;background_background&quot;:&quot;classic&quot;}\">\n\t\t\t\t\t<div class=\"e-con-inner\">\n\t\t\t\t<div class=\"elementor-element elementor-element-0060760 elementor-widget elementor-widget-heading\" data-id=\"0060760\" data-element_type=\"widget\" data-e-type=\"widget\" data-widget_type=\"heading.default\">\n\t\t\t\t<div class=\"elementor-widget-container\">\n\t\t\t\t\t<h2 class=\"elementor-heading-title elementor-size-default\">\u00bfC\u00f3mo podemos ayudarte?<\/h2>\t\t\t\t<\/div>\n\t\t\t\t<\/div>\n\t\t\t\t<div class=\"elementor-element elementor-element-1d6b34d elementor-widget__width-initial elementor-widget-mobile__width-inherit elementor-widget elementor-widget-text-editor\" data-id=\"1d6b34d\" data-element_type=\"widget\" data-e-type=\"widget\" data-widget_type=\"text-editor.default\">\n\t\t\t\t<div class=\"elementor-widget-container\">\n\t\t\t\t\t\t\t\t\t<p>M\u00e1s all\u00e1 de la visi\u00f3n corporativa, queremos avanzar desde una perspectiva humana, poniendo las comunidades en el centro de todo proyecto.<\/p>\t\t\t\t\t\t\t\t<\/div>\n\t\t\t\t<\/div>\n\t\t<div class=\"elementor-element elementor-element-5c86ea0 e-grid e-con-full e-con e-child\" data-id=\"5c86ea0\" data-element_type=\"container\" data-e-type=\"container\">\n\t\t<div class=\"elementor-element elementor-element-072644a e-con-full e-flex e-con e-child\" data-id=\"072644a\" data-element_type=\"container\" data-e-type=\"container\">\n\t\t\t\t<div class=\"elementor-element elementor-element-d94e56e elementor-widget elementor-widget-heading\" data-id=\"d94e56e\" data-element_type=\"widget\" data-e-type=\"widget\" data-widget_type=\"heading.default\">\n\t\t\t\t<div class=\"elementor-widget-container\">\n\t\t\t\t\t<h2 class=\"elementor-heading-title elementor-size-default\">Mayor proximidad con las comunidades<\/h2>\t\t\t\t<\/div>\n\t\t\t\t<\/div>\n\t\t\t\t<div class=\"elementor-element elementor-element-3f1248b elementor-widget elementor-widget-text-editor\" data-id=\"3f1248b\" data-element_type=\"widget\" data-e-type=\"widget\" data-widget_type=\"text-editor.default\">\n\t\t\t\t<div class=\"elementor-widget-container\">\n\t\t\t\t\t\t\t\t\t<p>En Verdian Power estamos cerca de las comunidades en las que operamos. Trabajamos activamente para proteger el entorno natural y mitigar el cambio clim\u00e1tico de manera local y global.<\/p>\t\t\t\t\t\t\t\t<\/div>\n\t\t\t\t<\/div>\n\t\t\t\t<\/div>\n\t\t<div class=\"elementor-element elementor-element-a76a31d e-con-full e-flex e-con e-child\" data-id=\"a76a31d\" data-element_type=\"container\" data-e-type=\"container\">\n\t\t\t\t<div class=\"elementor-element elementor-element-5555382 elementor-widget elementor-widget-heading\" data-id=\"5555382\" data-element_type=\"widget\" data-e-type=\"widget\" data-widget_type=\"heading.default\">\n\t\t\t\t<div class=\"elementor-widget-container\">\n\t\t\t\t\t<h2 class=\"elementor-heading-title elementor-size-default\">Las personas son lo primero<\/h2>\t\t\t\t<\/div>\n\t\t\t\t<\/div>\n\t\t\t\t<div class=\"elementor-element elementor-element-82b11ee elementor-widget elementor-widget-text-editor\" data-id=\"82b11ee\" data-element_type=\"widget\" data-e-type=\"widget\" data-widget_type=\"text-editor.default\">\n\t\t\t\t<div class=\"elementor-widget-container\">\n\t\t\t\t\t\t\t\t\tEn particular, la poblaci\u00f3n de zonas rurales y mujeres estudiantes y profesionales en el sector de las STEM.\t\t\t\t\t\t\t\t<\/div>\n\t\t\t\t<\/div>\n\t\t\t\t<\/div>\n\t\t<div class=\"elementor-element elementor-element-347b32c e-con-full e-flex e-con e-child\" data-id=\"347b32c\" data-element_type=\"container\" data-e-type=\"container\">\n\t\t\t\t<div class=\"elementor-element elementor-element-da36f21 elementor-widget elementor-widget-heading\" data-id=\"da36f21\" data-element_type=\"widget\" data-e-type=\"widget\" data-widget_type=\"heading.default\">\n\t\t\t\t<div class=\"elementor-widget-container\">\n\t\t\t\t\t<h2 class=\"elementor-heading-title elementor-size-default\">Ser parte de la soluci\u00f3n<\/h2>\t\t\t\t<\/div>\n\t\t\t\t<\/div>\n\t\t\t\t<div class=\"elementor-element elementor-element-ab07ca8 elementor-widget elementor-widget-text-editor\" data-id=\"ab07ca8\" data-element_type=\"widget\" data-e-type=\"widget\" data-widget_type=\"text-editor.default\">\n\t\t\t\t<div class=\"elementor-widget-container\">\n\t\t\t\t\t\t\t\t\tGenerando energ\u00eda 100% limpia que contribuya a la sostenibilidad global y a la independencia energ\u00e9tica de Europa.\t\t\t\t\t\t\t\t<\/div>\n\t\t\t\t<\/div>\n\t\t\t\t<\/div>\n\t\t\t\t<\/div>\n\t\t\t\t\t<\/div>\n\t\t\t\t<\/div>\n\t\t<div class=\"elementor-element elementor-element-c4c28c7 e-flex e-con-boxed e-con e-parent\" data-id=\"c4c28c7\" data-element_type=\"container\" data-e-type=\"container\" data-settings=\"{&quot;background_background&quot;:&quot;classic&quot;}\">\n\t\t\t\t\t<div class=\"e-con-inner\">\n\t\t\t\t<div class=\"elementor-element elementor-element-154793c elementor-widget elementor-widget-heading\" data-id=\"154793c\" data-element_type=\"widget\" data-e-type=\"widget\" data-widget_type=\"heading.default\">\n\t\t\t\t<div class=\"elementor-widget-container\">\n\t\t\t\t\t<h2 class=\"elementor-heading-title elementor-size-default\">Sostenibilidad en todo lo que hacemos\n<\/h2>\t\t\t\t<\/div>\n\t\t\t\t<\/div>\n\t\t\t\t<div class=\"elementor-element elementor-element-60f0c23 elementor-widget__width-initial elementor-widget-mobile__width-inherit elementor-icon-list--layout-traditional elementor-list-item-link-full_width elementor-widget elementor-widget-icon-list\" data-id=\"60f0c23\" data-element_type=\"widget\" data-e-type=\"widget\" data-widget_type=\"icon-list.default\">\n\t\t\t\t<div class=\"elementor-widget-container\">\n\t\t\t\t\t\t\t<ul class=\"elementor-icon-list-items\">\n\t\t\t\t\t\t\t<li class=\"elementor-icon-list-item\">\n\t\t\t\t\t\t\t\t\t\t\t<span class=\"elementor-icon-list-icon\">\n\t\t\t\t\t\t\t<svg xmlns=\"http:\/\/www.w3.org\/2000\/svg\" viewBox=\"0 0 16 16\"><g><path d=\"m2.00276 9.99724 7.99724.002762-.001488-8-.998512-.001381.000107 6.29438-8.293-8.293-.707107.707107 8.293 8.293h-6.293z\" transform=\"translate(3 3)\"><\/path><\/g><\/svg>\t\t\t\t\t\t<\/span>\n\t\t\t\t\t\t\t\t\t\t<span class=\"elementor-icon-list-text\"><strong>Damos prioridad a la protecci\u00f3n del medio ambiente y la reducci\u00f3n de emisiones.<\/strong><br> Nuestras operaciones est\u00e1n dise\u00f1adas para minimizar la huella de carbono, usando tecnolog\u00edas que promuevan un futuro m\u00e1s sostenible y ecol\u00f3gico.<\/span>\n\t\t\t\t\t\t\t\t\t<\/li>\n\t\t\t\t\t\t\t\t<li class=\"elementor-icon-list-item\">\n\t\t\t\t\t\t\t\t\t\t\t<span class=\"elementor-icon-list-icon\">\n\t\t\t\t\t\t\t<svg xmlns=\"http:\/\/www.w3.org\/2000\/svg\" viewBox=\"0 0 16 16\"><g><path d=\"m2.00276 9.99724 7.99724.002762-.001488-8-.998512-.001381.000107 6.29438-8.293-8.293-.707107.707107 8.293 8.293h-6.293z\" transform=\"translate(3 3)\"><\/path><\/g><\/svg>\t\t\t\t\t\t<\/span>\n\t\t\t\t\t\t\t\t\t\t<span class=\"elementor-icon-list-text\"><strong>Implicamos activamente a las comunidades locales en nuestros proyectos<\/strong>, escuchando sus demandas y preocupaciones para maximizar el impacto positivo de nuestra actividad en cada zona. Relacionarnos con todos los actores y apoyar el desarrollo comunitario es fundamental para nuestra empresa. Nuestro objetivo es crear un valor compartido y contribuir al bienestar de las comunidades en las que operamos.<\/span>\n\t\t\t\t\t\t\t\t\t<\/li>\n\t\t\t\t\t\t\t\t<li class=\"elementor-icon-list-item\">\n\t\t\t\t\t\t\t\t\t\t\t<span class=\"elementor-icon-list-icon\">\n\t\t\t\t\t\t\t<svg xmlns=\"http:\/\/www.w3.org\/2000\/svg\" viewBox=\"0 0 16 16\"><g><path d=\"m2.00276 9.99724 7.99724.002762-.001488-8-.998512-.001381.000107 6.29438-8.293-8.293-.707107.707107 8.293 8.293h-6.293z\" transform=\"translate(3 3)\"><\/path><\/g><\/svg>\t\t\t\t\t\t<\/span>\n\t\t\t\t\t\t\t\t\t\t<span class=\"elementor-icon-list-text\"><strong>Nos adherimos a estrictos est\u00e1ndares de cumplimiento, transparencia y \u00e9tica.<\/strong><br> Cumplimos con todos los requerimientos normativos y nos comunicamos con las partes interesadas de manera transparente para establecer una relaci\u00f3n de confianza. Nuestro compromiso se extiende a la cadena de suministro, donde priorizamos las pr\u00e1cticas \u00e9ticas y perfeccionamos continuamente nuestro enfoque de gobernanza para evolucionar con los exigentes est\u00e1ndares de la industria.<\/span>\n\t\t\t\t\t\t\t\t\t<\/li>\n\t\t\t\t\t\t<\/ul>\n\t\t\t\t\t\t<\/div>\n\t\t\t\t<\/div>\n\t\t\t\t\t<\/div>\n\t\t\t\t<\/div>\n\t\t\t\t<\/div>\n\t\t","protected":false},"excerpt":{"rendered":"<p>Las acciones de hoy impulsan la energ\u00eda limpia del ma\u00f1ana Generamos energ\u00eda 100% limpia para un mundo m\u00e1s sostenible, trabajando mano a mano con las comunidades donde producimos la energ\u00eda, y colaborando activamente con ellas para proteger su entorno natural, su patrimonio cultural y su desarrollo socioecon\u00f3mico. Tu aliado para el cambio en el sector [&hellip;]<\/p>\n","protected":false},"author":5,"featured_media":0,"parent":0,"menu_order":0,"comment_status":"closed","ping_status":"closed","template":"","meta":{"footnotes":""},"class_list":["post-1286","page","type-page","status-publish","hentry"],"yoast_head":"<!-- This site is optimized with the Yoast SEO plugin v27.2 - https:\/\/yoast.com\/product\/yoast-seo-wordpress\/ -->\n<title>VERDIAN \u2013 Energ\u00eda 100% renovable para Europa<\/title>\n<meta name=\"robots\" content=\"index, follow, max-snippet:-1, max-image-preview:large, max-video-preview:-1\" \/>\n<link rel=\"canonical\" href=\"https:\/\/verdianpower.com\/es\/\" \/>\n<meta property=\"og:locale\" content=\"es_ES\" \/>\n<meta property=\"og:type\" content=\"article\" \/>\n<meta property=\"og:title\" content=\"VERDIAN \u2013 Energ\u00eda 100% renovable para Europa\" \/>\n<meta property=\"og:description\" content=\"Las acciones de hoy impulsan la energ\u00eda limpia del ma\u00f1ana Generamos energ\u00eda 100% limpia para un mundo m\u00e1s sostenible, trabajando mano a mano con las comunidades donde producimos la energ\u00eda, y colaborando activamente con ellas para proteger su entorno natural, su patrimonio cultural y su desarrollo socioecon\u00f3mico. Tu aliado para el cambio en el sector [&hellip;]\" \/>\n<meta property=\"og:url\" content=\"https:\/\/verdianpower.com\/es\/\" \/>\n<meta property=\"og:site_name\" content=\"VERDIAN\" \/>\n<meta property=\"article:modified_time\" content=\"2025-10-25T07:23:54+00:00\" \/>\n<meta property=\"og:image\" content=\"https:\/\/verdianpower.com\/wp-content\/uploads\/2025\/09\/energy-sector.png\" \/>\n<meta name=\"twitter:card\" content=\"summary_large_image\" \/>\n<meta name=\"twitter:label1\" content=\"Tiempo de lectura\" \/>\n\t<meta name=\"twitter:data1\" content=\"2 minutos\" \/>\n<script type=\"application\/ld+json\" class=\"yoast-schema-graph\">{\"@context\":\"https:\/\/schema.org\",\"@graph\":[{\"@type\":\"WebPage\",\"@id\":\"https:\/\/verdianpower.com\/es\/\",\"url\":\"https:\/\/verdianpower.com\/es\/\",\"name\":\"VERDIAN \u2013 Energ\u00eda 100% renovable para Europa\",\"isPartOf\":{\"@id\":\"https:\/\/verdianpower.com\/es\/#website\"},\"primaryImageOfPage\":{\"@id\":\"https:\/\/verdianpower.com\/es\/#primaryimage\"},\"image\":{\"@id\":\"https:\/\/verdianpower.com\/es\/#primaryimage\"},\"thumbnailUrl\":\"https:\/\/verdianpower.com\/wp-content\/uploads\/2025\/09\/energy-sector.png\",\"datePublished\":\"2022-11-18T10:45:32+00:00\",\"dateModified\":\"2025-10-25T07:23:54+00:00\",\"breadcrumb\":{\"@id\":\"https:\/\/verdianpower.com\/es\/#breadcrumb\"},\"inLanguage\":\"es\",\"potentialAction\":[{\"@type\":\"ReadAction\",\"target\":[\"https:\/\/verdianpower.com\/es\/\"]}]},{\"@type\":\"ImageObject\",\"inLanguage\":\"es\",\"@id\":\"https:\/\/verdianpower.com\/es\/#primaryimage\",\"url\":\"https:\/\/verdianpower.com\/wp-content\/uploads\/2025\/09\/energy-sector.png\",\"contentUrl\":\"https:\/\/verdianpower.com\/wp-content\/uploads\/2025\/09\/energy-sector.png\"},{\"@type\":\"BreadcrumbList\",\"@id\":\"https:\/\/verdianpower.com\/es\/#breadcrumb\",\"itemListElement\":[{\"@type\":\"ListItem\",\"position\":1,\"name\":\"Portada\",\"item\":\"https:\/\/verdianpower.com\/es\/\"},{\"@type\":\"ListItem\",\"position\":2,\"name\":\"Inicio\"}]},{\"@type\":\"WebSite\",\"@id\":\"https:\/\/verdianpower.com\/es\/#website\",\"url\":\"https:\/\/verdianpower.com\/es\/\",\"name\":\"VERDIAN\",\"description\":\"\",\"potentialAction\":[{\"@type\":\"SearchAction\",\"target\":{\"@type\":\"EntryPoint\",\"urlTemplate\":\"https:\/\/verdianpower.com\/es\/?s={search_term_string}\"},\"query-input\":{\"@type\":\"PropertyValueSpecification\",\"valueRequired\":true,\"valueName\":\"search_term_string\"}}],\"inLanguage\":\"es\"}]}<\/script>\n<!-- \/ Yoast SEO plugin. -->","yoast_head_json":{"title":"VERDIAN \u2013 Energ\u00eda 100% renovable para Europa","robots":{"index":"index","follow":"follow","max-snippet":"max-snippet:-1","max-image-preview":"max-image-preview:large","max-video-preview":"max-video-preview:-1"},"canonical":"https:\/\/verdianpower.com\/es\/","og_locale":"es_ES","og_type":"article","og_title":"VERDIAN \u2013 Energ\u00eda 100% renovable para Europa","og_description":"Las acciones de hoy impulsan la energ\u00eda limpia del ma\u00f1ana Generamos energ\u00eda 100% limpia para un mundo m\u00e1s sostenible, trabajando mano a mano con las comunidades donde producimos la energ\u00eda, y colaborando activamente con ellas para proteger su entorno natural, su patrimonio cultural y su desarrollo socioecon\u00f3mico. Tu aliado para el cambio en el sector [&hellip;]","og_url":"https:\/\/verdianpower.com\/es\/","og_site_name":"VERDIAN","article_modified_time":"2025-10-25T07:23:54+00:00","og_image":[{"url":"https:\/\/verdianpower.com\/wp-content\/uploads\/2025\/09\/energy-sector.png","type":"","width":"","height":""}],"twitter_card":"summary_large_image","twitter_misc":{"Tiempo de lectura":"2 minutos"},"schema":{"@context":"https:\/\/schema.org","@graph":[{"@type":"WebPage","@id":"https:\/\/verdianpower.com\/es\/","url":"https:\/\/verdianpower.com\/es\/","name":"VERDIAN \u2013 Energ\u00eda 100% renovable para Europa","isPartOf":{"@id":"https:\/\/verdianpower.com\/es\/#website"},"primaryImageOfPage":{"@id":"https:\/\/verdianpower.com\/es\/#primaryimage"},"image":{"@id":"https:\/\/verdianpower.com\/es\/#primaryimage"},"thumbnailUrl":"https:\/\/verdianpower.com\/wp-content\/uploads\/2025\/09\/energy-sector.png","datePublished":"2022-11-18T10:45:32+00:00","dateModified":"2025-10-25T07:23:54+00:00","breadcrumb":{"@id":"https:\/\/verdianpower.com\/es\/#breadcrumb"},"inLanguage":"es","potentialAction":[{"@type":"ReadAction","target":["https:\/\/verdianpower.com\/es\/"]}]},{"@type":"ImageObject","inLanguage":"es","@id":"https:\/\/verdianpower.com\/es\/#primaryimage","url":"https:\/\/verdianpower.com\/wp-content\/uploads\/2025\/09\/energy-sector.png","contentUrl":"https:\/\/verdianpower.com\/wp-content\/uploads\/2025\/09\/energy-sector.png"},{"@type":"BreadcrumbList","@id":"https:\/\/verdianpower.com\/es\/#breadcrumb","itemListElement":[{"@type":"ListItem","position":1,"name":"Portada","item":"https:\/\/verdianpower.com\/es\/"},{"@type":"ListItem","position":2,"name":"Inicio"}]},{"@type":"WebSite","@id":"https:\/\/verdianpower.com\/es\/#website","url":"https:\/\/verdianpower.com\/es\/","name":"VERDIAN","description":"","potentialAction":[{"@type":"SearchAction","target":{"@type":"EntryPoint","urlTemplate":"https:\/\/verdianpower.com\/es\/?s={search_term_string}"},"query-input":{"@type":"PropertyValueSpecification","valueRequired":true,"valueName":"search_term_string"}}],"inLanguage":"es"}]}},"_links":{"self":[{"href":"https:\/\/verdianpower.com\/es\/wp-json\/wp\/v2\/pages\/1286","targetHints":{"allow":["GET"]}}],"collection":[{"href":"https:\/\/verdianpower.com\/es\/wp-json\/wp\/v2\/pages"}],"about":[{"href":"https:\/\/verdianpower.com\/es\/wp-json\/wp\/v2\/types\/page"}],"author":[{"embeddable":true,"href":"https:\/\/verdianpower.com\/es\/wp-json\/wp\/v2\/users\/5"}],"replies":[{"embeddable":true,"href":"https:\/\/verdianpower.com\/es\/wp-json\/wp\/v2\/comments?post=1286"}],"version-history":[{"count":1,"href":"https:\/\/verdianpower.com\/es\/wp-json\/wp\/v2\/pages\/1286\/revisions"}],"predecessor-version":[{"id":1827,"href":"https:\/\/verdianpower.com\/es\/wp-json\/wp\/v2\/pages\/1286\/revisions\/1827"}],"wp:attachment":[{"href":"https:\/\/verdianpower.com\/es\/wp-json\/wp\/v2\/media?parent=1286"}],"curies":[{"name":"wp","href":"https:\/\/api.w.org\/{rel}","templated":true}]}}