{"id":1582,"date":"2025-09-29T17:42:46","date_gmt":"2025-09-29T15:42:46","guid":{"rendered":"https:\/\/verdianpower.com\/privacy-policy\/"},"modified":"2025-09-29T18:27:29","modified_gmt":"2025-09-29T16:27:29","slug":"politica-de-privacitat","status":"publish","type":"page","link":"https:\/\/verdianpower.com\/ca\/politica-de-privacitat\/","title":{"rendered":"Pol\u00edtica de privacitat"},"content":{"rendered":"\t\t<div data-elementor-type=\"wp-page\" data-elementor-id=\"1582\" class=\"elementor elementor-1582 elementor-1516\" data-elementor-post-type=\"page\">\n\t\t\t\t<div class=\"elementor-element elementor-element-96f7e77 e-flex e-con-boxed e-con e-parent\" data-id=\"96f7e77\" data-element_type=\"container\" data-e-type=\"container\" data-settings=\"{&quot;background_background&quot;:&quot;classic&quot;}\">\n\t\t\t\t\t<div class=\"e-con-inner\">\n\t\t\t\t<div class=\"elementor-element elementor-element-8a8a0ff elementor-widget elementor-widget-theme-post-title elementor-page-title elementor-widget-heading\" data-id=\"8a8a0ff\" data-element_type=\"widget\" data-e-type=\"widget\" data-widget_type=\"theme-post-title.default\">\n\t\t\t\t<div class=\"elementor-widget-container\">\n\t\t\t\t\t<h1 class=\"elementor-heading-title elementor-size-default\">Pol\u00edtica de privacitat<\/h1>\t\t\t\t<\/div>\n\t\t\t\t<\/div>\n\t\t\t\t\t<\/div>\n\t\t\t\t<\/div>\n\t\t<div class=\"elementor-element elementor-element-db04590 e-flex e-con-boxed e-con e-parent\" data-id=\"db04590\" data-element_type=\"container\" data-e-type=\"container\">\n\t\t\t\t\t<div class=\"e-con-inner\">\n\t\t\t\t<div class=\"elementor-element elementor-element-8a35c4e elementor-widget elementor-widget-text-editor\" data-id=\"8a35c4e\" data-element_type=\"widget\" data-e-type=\"widget\" data-widget_type=\"text-editor.default\">\n\t\t\t\t<div class=\"elementor-widget-container\">\n\t\t\t\t\t\t\t\t\t<p>La privacitat i confidencialitat de la informaci\u00f3 de l&#8217;usuari \u00e9s important per a VERDIAN BV i les seves societats filials (d&#8217;ara endavant Grup Verdian). Estem compromesos amb la privacitat i la seguretat de la informaci\u00f3 de l&#8217;usuari.<br \/><br \/>Podem actualitzar aquesta pol\u00edtica de tant en tant, aix\u00ed que si us plau, revisi-la amb freq\u00fc\u00e8ncia.<br \/><br \/>Aquesta pol\u00edtica de privacitat t\u00e9 com a objectiu ajudar-vos a entendre:<\/p><ul><li>Identificar qui \u00e9s el responsable del tractament de les vostres dades;<\/li><li>Quina normativa \u00e9s aplicable;<\/li><li>Quina informaci\u00f3 personal recopilem sobre vosaltres;<\/li><li>Com utilitzem, revelem i protegim la vostra informaci\u00f3 personal;<\/li><li>Amb qui podem comunicar les vostres dades personals;<\/li><li>Com podeu actualitzar, gestionar, exportar i eliminar la vostra informaci\u00f3;<\/li><li>Quin \u00e9s el termini de conservaci\u00f3 de les vostres dades personals;<\/li><li>Quins s\u00f3n els vostres drets en mat\u00e8ria de protecci\u00f3 de dades personals;<\/li><li>Com podeu contactar amb nosaltres per saber-ne m\u00e9s sobre les nostres pr\u00e0ctiques de privacitat.<\/li><\/ul><p><br \/><strong>1.- RESPONSABLE DEL TRACTAMENT DE LES DADES PERSONALS<\/strong><br \/><br \/>En termes de protecci\u00f3 de dades, el Grup Verdian ha de ser considerat Responsable del Tractament en relaci\u00f3 amb les dades personals que recull i les activitats de tractament que realitza a trav\u00e9s del present lloc web o per qualsevol altra via, com ara tel\u00e8fon, correu electr\u00f2nic, presencialment, en paper a trav\u00e9s de formularis o documents legals, etc., amb les seg\u00fcents dades identificatives:<\/p><ul><li><strong>Ra\u00f3 social:<\/strong> VERDIAN BV<\/li><li><strong>NIF holand\u00e8s:<\/strong> 82780390<\/li><li><strong>NIF espanyol:<\/strong> N0111337B<\/li><li><strong>Adre\u00e7a postal:<\/strong> Hoogoorddreef 15, 1101 BA, Amsterdam (Pa\u00efsos Baixos)<\/li><li><strong>Correu electr\u00f2nic:<\/strong> contact@verdianpower.com<\/li><\/ul><p><br \/><strong>2.- NORMATIVA<\/strong><br \/><br \/>El Grup Verdian es compromet a protegir la privacitat de les persones titulars de dades personals ajustant-se al compliment de la normativa vigent:<\/p><ul><li>Reglament (UE) 2016\/679 del Parlament Europeu i del Consell, de 27 d\u2019abril de 2016 (RGPD)<\/li><li>Llei Org\u00e0nica 3\/2018, de 5 de desembre, de Protecci\u00f3 de Dades Personals i garantia dels drets digitals<\/li><\/ul><p><br \/><strong>3.- INFORMACI\u00d3 QUE RECOPILEM DE VOST\u00c8<\/strong><br \/><br \/>Podem recopilar la seg\u00fcent informaci\u00f3 quan completeu el formulari de contacte disponible a la p\u00e0gina web de Verdian:<\/p><ul><li>Nom i cognoms<\/li><li>Adre\u00e7a de correu electr\u00f2nic<\/li><\/ul><p><br \/>La base legal per a aquest tractament \u00e9s el vostre consentiment expr\u00e9s en acceptar la pol\u00edtica de privacitat de la web.<br \/><br \/><strong>Finalitat del tractament:<\/strong> Resoldre consultes i enviar la informaci\u00f3 sol\u00b7licitada.<br \/><br \/><strong>4.- MENORS D\u2019EDAT<\/strong><br \/><br \/>Els menors d\u2019edat no poden fer \u00fas dels serveis oferts a trav\u00e9s del lloc web sense l\u2019autoritzaci\u00f3 pr\u00e8via dels seus pares, tutors o representants legals, que seran responsables de tots els actes realitzats a trav\u00e9s del lloc web pels menors al seu c\u00e0rrec.<br \/><br \/><strong>5.- COMUNICACI\u00d3 A TERCERS<\/strong><br \/><br \/>Verdian <strong>no ven ni lloga<\/strong> les vostres dades personals a tercers i nom\u00e9s les comunicar\u00e0 a persones o entitats amb el vostre <strong>consentiment previ<\/strong> o quan <strong>la llei ho exigeixi<\/strong>.<br \/><br \/>Podem compartir dades amb prove\u00efdors de serveis del Grup Verdian necessaris per a les finalitats descrites, aix\u00ed com amb les societats filials seg\u00fcents quan calgui per atendre la vostra consulta o per complir obligacions legals:<\/p><table><thead><tr><td><strong>Societat<\/strong><\/td><td><strong>Pa\u00eds<\/strong><\/td><td><strong>Adre\u00e7a<\/strong><\/td><td><strong>N\u00ba identificaci\u00f3<\/strong><\/td><\/tr><\/thead><tbody><tr><td>Verdian B.V.<\/td><td>Pa\u00efsos Baixos<\/td><td>Hoogoorddreef 15, 1101BA Amsterdam<\/td><td>NL862601824B01<\/td><\/tr><tr><td>CEF Italsun, Srl<\/td><td>It\u00e0lia<\/td><td>Via Guido d\u2019Arezzo, 15, 20145, Mil\u00e0<\/td><td>12853400963<\/td><\/tr><tr><td>Verdian ServiceCo S.L.<\/td><td>Espanya<\/td><td>Passeig de Gr\u00e0cia, 50 5\u00e8, 08007 Barcelona<\/td><td>B09663303<\/td><\/tr><tr><td>CEF Spanish Sun S.L.<\/td><td>Espanya<\/td><td>Passeig de Gr\u00e0cia, 50 5\u00e8, 08007 Barcelona<\/td><td>B44835445<\/td><\/tr><tr><td>CEF Portugal Solar, Unipessoal Lda<\/td><td>Portugal<\/td><td>Beloura Office Park, Edif. 7, 1r, 2710-444 Sintra<\/td><td>518391850<\/td><\/tr><\/tbody><\/table><p><br \/><strong>6.- DURADA DEL TRACTAMENT<\/strong><br \/><br \/>Les dades es conservaran mentre siguin necess\u00e0ries per a la finalitat per la qual es van recollir o mentre hi hagi obligacions legals que obliguin a conservar-les.<br \/><br \/><strong>7.- EXERCICI DELS DRETS<\/strong><br \/><br \/>Podeu exercir els seg\u00fcents drets en qualsevol moment:<\/p><ul><li>Retirar el consentiment<\/li><li>Accedir a les vostres dades<\/li><li>Rectificar dades incorrectes o incompletes<\/li><li>Sol\u00b7licitar la supressi\u00f3 de les dades<\/li><li>Oposar-vos al tractament<\/li><li>Sol\u00b7licitar la limitaci\u00f3 del tractament<\/li><li>Exercir el dret a la portabilitat<\/li><li>Presentar una reclamaci\u00f3 davant l\u2019<strong>Ag\u00e8ncia Espanyola de Protecci\u00f3 de Dades<\/strong> (<a href=\"https:\/\/www.aepd.es\">www.aepd.es<\/a>)<\/li><\/ul><p><br \/>Per a aix\u00f2, envieu una sol\u00b7licitud amb el vostre nom, cognoms, adre\u00e7a, dret que voleu exercir i c\u00f2pia del vostre DNI a:<\/p><ul><li><strong>Adre\u00e7a postal:<\/strong> VERDIAN B.V., Hoogoorddreef 15, 1101 BA, Amsterdam<\/li><li><strong>Correu electr\u00f2nic:<\/strong> contact@verdianpower.com<\/li><\/ul><p><br \/><strong>8.- CANVIS EN LA POL\u00cdTICA DE PRIVACITAT<\/strong><br \/><br \/>Som una empresa en evoluci\u00f3 constant. Aquesta pol\u00edtica pot actualitzar-se peri\u00f2dicament segons nous serveis, tecnologies o exig\u00e8ncies legals. Els canvis importants es comunicaran en aquesta mateixa secci\u00f3.<br \/><br \/><strong>Pol\u00edtica de privacitat del Canal \u00c8tic<\/strong><br \/><br \/><strong>10.1. RESPONSABLE DEL TRACTAMENT<\/strong><br \/><br \/>Verdian BV \u00e9s el responsable del tractament de dades relacionades amb den\u00fancies, queixes i reclamacions rebudes a trav\u00e9s del Canal \u00c8tic.<br \/><br \/><strong>10.2. DADES OBJECTE DE TRACTAMENT<\/strong><br \/><br \/>Les dades poden incloure:<\/p><ul><li>Nom i dades de contacte del denunciant (excepte si \u00e9s an\u00f2nim)<\/li><li>Dades de la persona reclamada o afectada<\/li><li>Descripci\u00f3 dels fets denunciats o de la queixa\/reclamaci\u00f3<\/li><\/ul><p><br \/><strong>10.3. FINALITAT<\/strong><\/p><ul><li>Gestionar i investigar den\u00fancies internes per infraccions \u00e8tiques, legals o corporatives<\/li><li>Tramitar queixes i reclamacions<\/li><li>Prendre mesures disciplin\u00e0ries o legals si escau<\/li><\/ul><p><br \/><strong>10.4. BASE LEGAL<\/strong><br \/><br \/>La base legal \u00e9s l&#8217;inter\u00e8s p\u00fablic (art. 6.1.e del RGPD) i el compliment d\u2019obligacions legals segons la Llei Org\u00e0nica 3\/2018, art. 24.<br \/><br \/><strong>10.5. DESTINATARIS<\/strong><br \/><br \/>Les dades poden ser comunicades a:<\/p><ul><li>Empresa gestora del Canal \u00c8tic<\/li><li>\u00d2rgan de Supervisi\u00f3 de Verdian<\/li><li>Societats del Grup implicades<\/li><li>Investigadors o assessors externs<\/li><li>Forces i cossos de seguretat si cal<\/li><\/ul><p><br \/><strong>10.6. CONSERVACI\u00d3 DE LES DADES<\/strong><\/p><ul><li>M\u00e0xim de <strong>6 mesos<\/strong> en el sistema del Canal \u00c8tic, excepte si cal per obligaci\u00f3 legal<\/li><li>En cas d\u2019investigaci\u00f3, es poden conservar fora del sistema el temps necessari<\/li><li>En queixes i reclamacions, durant el temps de tramitaci\u00f3 i posteriorment amb finalitats estad\u00edstiques o de qualitat<\/li><\/ul><p><br \/><strong>10.7. DRETS<\/strong><br \/><br \/>Les persones afectades poden exercir els mateixos drets detallats anteriorment. Tamb\u00e9 es pot presentar una reclamaci\u00f3 davant l&#8217;autoritat de protecci\u00f3 de dades competent.<\/p>\t\t\t\t\t\t\t\t<\/div>\n\t\t\t\t<\/div>\n\t\t\t\t\t<\/div>\n\t\t\t\t<\/div>\n\t\t\t\t<\/div>\n\t\t","protected":false},"excerpt":{"rendered":"<p>La privacitat i confidencialitat de la informaci\u00f3 de l&#8217;usuari \u00e9s important per a VERDIAN BV i les seves societats filials (d&#8217;ara endavant Grup Verdian). Estem compromesos amb la privacitat i la seguretat de la informaci\u00f3 de l&#8217;usuari. Podem actualitzar aquesta pol\u00edtica de tant en tant, aix\u00ed que si us plau, revisi-la amb freq\u00fc\u00e8ncia. Aquesta pol\u00edtica [&hellip;]<\/p>\n","protected":false},"author":5,"featured_media":0,"parent":0,"menu_order":0,"comment_status":"closed","ping_status":"closed","template":"elementor_header_footer","meta":{"footnotes":""},"class_list":["post-1582","page","type-page","status-publish","hentry"],"yoast_head":"<!-- This site is optimized with the Yoast SEO plugin v27.2 - https:\/\/yoast.com\/product\/yoast-seo-wordpress\/ -->\n<title>Pol\u00edtica de privacitat - VERDIAN<\/title>\n<meta name=\"robots\" content=\"noindex, follow\" \/>\n<meta property=\"og:locale\" content=\"ca_ES\" \/>\n<meta property=\"og:type\" content=\"article\" \/>\n<meta property=\"og:title\" content=\"Pol\u00edtica de privacitat - VERDIAN\" \/>\n<meta property=\"og:description\" content=\"La privacitat i confidencialitat de la informaci\u00f3 de l&#8217;usuari \u00e9s important per a VERDIAN BV i les seves societats filials (d&#8217;ara endavant Grup Verdian). Estem compromesos amb la privacitat i la seguretat de la informaci\u00f3 de l&#8217;usuari. Podem actualitzar aquesta pol\u00edtica de tant en tant, aix\u00ed que si us plau, revisi-la amb freq\u00fc\u00e8ncia. Aquesta pol\u00edtica [&hellip;]\" \/>\n<meta property=\"og:url\" content=\"https:\/\/verdianpower.com\/ca\/politica-de-privacitat\/\" \/>\n<meta property=\"og:site_name\" content=\"VERDIAN\" \/>\n<meta property=\"article:modified_time\" content=\"2025-09-29T16:27:29+00:00\" \/>\n<meta name=\"twitter:card\" content=\"summary_large_image\" \/>\n<meta name=\"twitter:label1\" content=\"Temps estimat de lectura\" \/>\n\t<meta name=\"twitter:data1\" content=\"13 minuts\" \/>\n<script type=\"application\/ld+json\" class=\"yoast-schema-graph\">{\"@context\":\"https:\/\/schema.org\",\"@graph\":[{\"@type\":\"WebPage\",\"@id\":\"https:\/\/verdianpower.com\/ca\/politica-de-privacitat\/\",\"url\":\"https:\/\/verdianpower.com\/ca\/politica-de-privacitat\/\",\"name\":\"Pol\u00edtica de privacitat - VERDIAN\",\"isPartOf\":{\"@id\":\"https:\/\/verdianpower.com\/ca\/#website\"},\"datePublished\":\"2025-09-29T15:42:46+00:00\",\"dateModified\":\"2025-09-29T16:27:29+00:00\",\"breadcrumb\":{\"@id\":\"https:\/\/verdianpower.com\/ca\/politica-de-privacitat\/#breadcrumb\"},\"inLanguage\":\"ca\",\"potentialAction\":[{\"@type\":\"ReadAction\",\"target\":[\"https:\/\/verdianpower.com\/ca\/politica-de-privacitat\/\"]}]},{\"@type\":\"BreadcrumbList\",\"@id\":\"https:\/\/verdianpower.com\/ca\/politica-de-privacitat\/#breadcrumb\",\"itemListElement\":[{\"@type\":\"ListItem\",\"position\":1,\"name\":\"Portada\",\"item\":\"https:\/\/verdianpower.com\/ca\/\"},{\"@type\":\"ListItem\",\"position\":2,\"name\":\"Pol\u00edtica de privacitat\"}]},{\"@type\":\"WebSite\",\"@id\":\"https:\/\/verdianpower.com\/ca\/#website\",\"url\":\"https:\/\/verdianpower.com\/ca\/\",\"name\":\"VERDIAN\",\"description\":\"\",\"potentialAction\":[{\"@type\":\"SearchAction\",\"target\":{\"@type\":\"EntryPoint\",\"urlTemplate\":\"https:\/\/verdianpower.com\/ca\/?s={search_term_string}\"},\"query-input\":{\"@type\":\"PropertyValueSpecification\",\"valueRequired\":true,\"valueName\":\"search_term_string\"}}],\"inLanguage\":\"ca\"}]}<\/script>\n<!-- \/ Yoast SEO plugin. -->","yoast_head_json":{"title":"Pol\u00edtica de privacitat - VERDIAN","robots":{"index":"noindex","follow":"follow"},"og_locale":"ca_ES","og_type":"article","og_title":"Pol\u00edtica de privacitat - VERDIAN","og_description":"La privacitat i confidencialitat de la informaci\u00f3 de l&#8217;usuari \u00e9s important per a VERDIAN BV i les seves societats filials (d&#8217;ara endavant Grup Verdian). Estem compromesos amb la privacitat i la seguretat de la informaci\u00f3 de l&#8217;usuari. Podem actualitzar aquesta pol\u00edtica de tant en tant, aix\u00ed que si us plau, revisi-la amb freq\u00fc\u00e8ncia. Aquesta pol\u00edtica [&hellip;]","og_url":"https:\/\/verdianpower.com\/ca\/politica-de-privacitat\/","og_site_name":"VERDIAN","article_modified_time":"2025-09-29T16:27:29+00:00","twitter_card":"summary_large_image","twitter_misc":{"Temps estimat de lectura":"13 minuts"},"schema":{"@context":"https:\/\/schema.org","@graph":[{"@type":"WebPage","@id":"https:\/\/verdianpower.com\/ca\/politica-de-privacitat\/","url":"https:\/\/verdianpower.com\/ca\/politica-de-privacitat\/","name":"Pol\u00edtica de privacitat - VERDIAN","isPartOf":{"@id":"https:\/\/verdianpower.com\/ca\/#website"},"datePublished":"2025-09-29T15:42:46+00:00","dateModified":"2025-09-29T16:27:29+00:00","breadcrumb":{"@id":"https:\/\/verdianpower.com\/ca\/politica-de-privacitat\/#breadcrumb"},"inLanguage":"ca","potentialAction":[{"@type":"ReadAction","target":["https:\/\/verdianpower.com\/ca\/politica-de-privacitat\/"]}]},{"@type":"BreadcrumbList","@id":"https:\/\/verdianpower.com\/ca\/politica-de-privacitat\/#breadcrumb","itemListElement":[{"@type":"ListItem","position":1,"name":"Portada","item":"https:\/\/verdianpower.com\/ca\/"},{"@type":"ListItem","position":2,"name":"Pol\u00edtica de privacitat"}]},{"@type":"WebSite","@id":"https:\/\/verdianpower.com\/ca\/#website","url":"https:\/\/verdianpower.com\/ca\/","name":"VERDIAN","description":"","potentialAction":[{"@type":"SearchAction","target":{"@type":"EntryPoint","urlTemplate":"https:\/\/verdianpower.com\/ca\/?s={search_term_string}"},"query-input":{"@type":"PropertyValueSpecification","valueRequired":true,"valueName":"search_term_string"}}],"inLanguage":"ca"}]}},"_links":{"self":[{"href":"https:\/\/verdianpower.com\/ca\/wp-json\/wp\/v2\/pages\/1582","targetHints":{"allow":["GET"]}}],"collection":[{"href":"https:\/\/verdianpower.com\/ca\/wp-json\/wp\/v2\/pages"}],"about":[{"href":"https:\/\/verdianpower.com\/ca\/wp-json\/wp\/v2\/types\/page"}],"author":[{"embeddable":true,"href":"https:\/\/verdianpower.com\/ca\/wp-json\/wp\/v2\/users\/5"}],"replies":[{"embeddable":true,"href":"https:\/\/verdianpower.com\/ca\/wp-json\/wp\/v2\/comments?post=1582"}],"version-history":[{"count":0,"href":"https:\/\/verdianpower.com\/ca\/wp-json\/wp\/v2\/pages\/1582\/revisions"}],"wp:attachment":[{"href":"https:\/\/verdianpower.com\/ca\/wp-json\/wp\/v2\/media?parent=1582"}],"curies":[{"name":"wp","href":"https:\/\/api.w.org\/{rel}","templated":true}]}}