{"id":1565,"date":"2025-09-29T17:42:13","date_gmt":"2025-09-29T15:42:13","guid":{"rendered":"https:\/\/verdianpower.com\/terms-and-conditions\/"},"modified":"2025-09-29T18:20:39","modified_gmt":"2025-09-29T16:20:39","slug":"avis-legal","status":"publish","type":"page","link":"https:\/\/verdianpower.com\/ca\/avis-legal\/","title":{"rendered":"Av\u00eds legal"},"content":{"rendered":"\t\t<div data-elementor-type=\"wp-page\" data-elementor-id=\"1565\" class=\"elementor elementor-1565 elementor-1514\" data-elementor-post-type=\"page\">\n\t\t\t\t<div class=\"elementor-element elementor-element-cbaf38c e-flex e-con-boxed e-con e-parent\" data-id=\"cbaf38c\" data-element_type=\"container\" data-e-type=\"container\" data-settings=\"{&quot;background_background&quot;:&quot;classic&quot;}\">\n\t\t\t\t\t<div class=\"e-con-inner\">\n\t\t\t\t<div class=\"elementor-element elementor-element-3d83ac5 elementor-widget elementor-widget-theme-post-title elementor-page-title elementor-widget-heading\" data-id=\"3d83ac5\" data-element_type=\"widget\" data-e-type=\"widget\" data-widget_type=\"theme-post-title.default\">\n\t\t\t\t<div class=\"elementor-widget-container\">\n\t\t\t\t\t<h1 class=\"elementor-heading-title elementor-size-default\">Av\u00eds legal<\/h1>\t\t\t\t<\/div>\n\t\t\t\t<\/div>\n\t\t\t\t\t<\/div>\n\t\t\t\t<\/div>\n\t\t<div class=\"elementor-element elementor-element-368af9e e-flex e-con-boxed e-con e-parent\" data-id=\"368af9e\" data-element_type=\"container\" data-e-type=\"container\">\n\t\t\t\t\t<div class=\"e-con-inner\">\n\t\t\t\t<div class=\"elementor-element elementor-element-3f5928c elementor-widget elementor-widget-text-editor\" data-id=\"3f5928c\" data-element_type=\"widget\" data-e-type=\"widget\" data-widget_type=\"text-editor.default\">\n\t\t\t\t<div class=\"elementor-widget-container\">\n\t\t\t\t\t\t\t\t\t<ol><li><strong> INFORMACI\u00d3 GENERAL<\/strong><\/li><\/ol><p>En compliment del que disposa l\u2019article 10 de la Llei 34\/2002, d\u201911 de juliol, de Serveis de la Societat de la Informaci\u00f3 i Comer\u00e7 Electr\u00f2nic, s\u2019informa que la titular del present lloc web \u00e9s:<\/p><ul><li><strong>Verdian BV<\/strong>, societat constitu\u00efda segons les lleis dels Pa\u00efsos Baixos.<\/li><li>N\u00famero d\u2019identificaci\u00f3 fiscal neerland\u00e8s: <strong>862601824<\/strong>.<\/li><li>N\u00famero d\u2019identificaci\u00f3 fiscal espanyol: <strong>N0111337B<\/strong>.<\/li><li>Domicili social: <strong>Hoogoorddreef 15, 1101 BA, Amsterdam (Pa\u00efsos Baixos)<\/strong>.<\/li><li>Inscrita en el Registre Mercantil neerland\u00e8s amb el n\u00famero <strong>82780390<\/strong>.<\/li><\/ul><p>Es recomana revisar aquest document peri\u00f2dicament per estar degudament informat sobre possibles canvis.<\/p><ol start=\"2\"><li><strong> SERVEI<\/strong><\/li><\/ol><p>Verdian ofereix el contingut disponible al seu lloc web, subjecte al present av\u00eds legal, aix\u00ed com a la Pol\u00edtica de Privacitat.<\/p><ol start=\"3\"><li><strong> LEGISLACI\u00d3 I JURISDICCI\u00d3<\/strong><\/li><\/ol><p>Les relacions entre el propietari del lloc web i els usuaris estan subjectes a la legislaci\u00f3 dels <strong>Pa\u00efsos Baixos<\/strong>, encara que si resideixes en un altre pa\u00eds, conservar\u00e0s el benefici de les proteccions obligat\u00f2ries que t\u2019atorguin les lleis del teu estat.<\/p><p>En cas de litigi, el propietari del lloc web i l\u2019usuari se sotmeten a la jurisdicci\u00f3 i compet\u00e8ncia exclusiva dels tribunals dels Pa\u00efsos Baixos, tot i que, si resideixes en un altre pa\u00eds, conservar\u00e0s les proteccions legals que et corresponguin.<\/p><ol start=\"4\"><li><strong> ACTUALITZACI\u00d3 DELS TERMES I CONDICIONS<\/strong><\/li><\/ol><p>L\u2019usuari est\u00e0 informat i accepta que l\u2019acc\u00e9s a aquest lloc web no implica, en cap cas, l\u2019inici d\u2019una relaci\u00f3 comercial amb Verdian.<\/p><p>El propietari del lloc web es reserva el dret de realitzar els canvis que consideri oportuns, i pot modificar, eliminar o afegir continguts i serveis.<\/p><ol start=\"5\"><li><strong> INVALIDESA I EFIC\u00c0CIA DE LES CL\u00c0USULES<\/strong><\/li><\/ol><p>Si alguna de les cl\u00e0usules incloses en aquest av\u00eds \u00e9s declarada nul\u00b7la o parcialment nul\u00b7la, nom\u00e9s afectar\u00e0 aquesta cl\u00e0usula o la part nul\u00b7la, i la resta del document continuar\u00e0 vigent.<\/p><ol start=\"6\"><li><strong> PROPIETAT INTEL\u00b7LECTUAL<\/strong><\/li><\/ol><p>Tots els continguts del lloc web (incloent-hi, sense car\u00e0cter limitador, bases de dades, imatges, fotografies, dibuixos, gr\u00e0fics i arxius de text) s\u00f3n propietat de <strong>Verdian<\/strong> o dels prove\u00efdors de contingut, havent estat llicenciats o cedits per aquests, i estan protegits per les normatives nacionals o internacionals de propietat intel\u00b7lectual.<\/p><p>La recopilaci\u00f3, disseny, ordenaci\u00f3 i muntatge de tot el contingut \u00e9s propietat exclusiva de Verdian i est\u00e0 protegida per les normes de propietat industrial i intel\u00b7lectual.<\/p><p>Les marques, r\u00e8tols, signes distintius o logotips s\u00f3n titularitat de Verdian i estan registrats. Els textos, dades i dibuixos gr\u00e0fics s\u00f3n propietat de Verdian o de les entitats prove\u00efdores d\u2019informaci\u00f3, i no poden ser modificats, copiats, transformats, alterats, reprodu\u00efts, adaptats o tradu\u00efts per tercers sense autoritzaci\u00f3 expressa. La disponibilitat d\u2019aquests continguts no implica la cessi\u00f3 de la seva titularitat ni l\u2019atorgament de drets d\u2019explotaci\u00f3, reproducci\u00f3, difusi\u00f3, transformaci\u00f3, distribuci\u00f3 o transmissi\u00f3, excepte el dret d\u2019\u00fas leg\u00edtim per part de l\u2019usuari.<\/p><ol start=\"7\"><li><strong> CONTINGUT DEL LLOC WEB I ENLLA\u00c7OS (LINKS)<\/strong><\/li><\/ol><p>Verdian no es fa responsable del mal \u00fas dels continguts del lloc web; l\u2019\u00fanic responsable \u00e9s la persona que hi accedeix o els utilitza.<\/p><p>Els titulars d\u2019altres llocs web que vulguin crear un <strong>hipervincle<\/strong> es comprometen a no establir enlla\u00e7os amb llocs que no mostrin el logotip de Verdian ni a fer declaracions falses, inexactes o incorrectes que puguin induir a error o contr\u00e0ries a la llei. Tampoc es poden enlla\u00e7ar a llocs amb continguts racistes, xen\u00f2fobs, pornogr\u00e0fics, d\u2019apologia del terrorisme o que puguin perjudicar la imatge de Verdian.<\/p><p>La inclusi\u00f3 d\u2019hipervincles no implica necess\u00e0riament cap relaci\u00f3 comercial o associativa amb el lloc web que els cont\u00e9. Verdian no garanteix ni es responsabilitza de la comercialitzaci\u00f3, idone\u00eftat, qualitat o qualsevol altre aspecte dels productes, serveis o informaci\u00f3 accessibles a trav\u00e9s d\u2019aquests enlla\u00e7os.<\/p><p>Aquesta exempci\u00f3 no \u00e9s aplicable si el prove\u00efdor del contingut actua sota direcci\u00f3, autoritat o control de Verdian.<\/p><ol start=\"8\"><li><strong> SEGURETAT<\/strong><\/li><\/ol><p>Verdian declara que aquest lloc web disposa de la tecnologia adequada per permetre\u2019n l\u2019acc\u00e9s i \u00fas. No obstant aix\u00f2, no es responsabilitza de la possible pres\u00e8ncia de virus o altres elements nocius introdu\u00efts per tercers que puguin afectar els sistemes inform\u00e0tics. El lloc web pot contenir inexactituds, omissions rellevants o errors tipogr\u00e0fics. Verdian no garanteix l\u2019exactitud, veracitat ni actualitat de la informaci\u00f3.<\/p><p>L\u2019usuari exonera Verdian de qualsevol responsabilitat derivada de la fiabilitat o expectatives generades pel lloc web.<\/p><ol start=\"9\"><li><strong> LIMITACI\u00d3 DE RESPONSABILITAT<\/strong><\/li><\/ol><p>Verdian no ofereix garanties de cap mena sobre el funcionament del lloc web ni de la informaci\u00f3 que cont\u00e9. No ser\u00e0 responsable dels danys i perjudicis derivats de l\u2019\u00fas del lloc web.<\/p><p>Tamb\u00e9 s\u2019exclou qualsevol responsabilitat sobre la legalitat, contingut i qualitat de la informaci\u00f3 proporcionada per tercers a trav\u00e9s del web.<\/p>\t\t\t\t\t\t\t\t<\/div>\n\t\t\t\t<\/div>\n\t\t\t\t\t<\/div>\n\t\t\t\t<\/div>\n\t\t\t\t<\/div>\n\t\t","protected":false},"excerpt":{"rendered":"<p>INFORMACI\u00d3 GENERAL En compliment del que disposa l\u2019article 10 de la Llei 34\/2002, d\u201911 de juliol, de Serveis de la Societat de la Informaci\u00f3 i Comer\u00e7 Electr\u00f2nic, s\u2019informa que la titular del present lloc web \u00e9s: Verdian BV, societat constitu\u00efda segons les lleis dels Pa\u00efsos Baixos. N\u00famero d\u2019identificaci\u00f3 fiscal neerland\u00e8s: 862601824. N\u00famero d\u2019identificaci\u00f3 fiscal espanyol: [&hellip;]<\/p>\n","protected":false},"author":5,"featured_media":0,"parent":0,"menu_order":0,"comment_status":"closed","ping_status":"closed","template":"elementor_header_footer","meta":{"footnotes":""},"class_list":["post-1565","page","type-page","status-publish","hentry"],"yoast_head":"<!-- This site is optimized with the Yoast SEO plugin v27.2 - https:\/\/yoast.com\/product\/yoast-seo-wordpress\/ -->\n<title>Av\u00eds legal - VERDIAN<\/title>\n<meta name=\"robots\" content=\"noindex, follow\" \/>\n<meta property=\"og:locale\" content=\"ca_ES\" \/>\n<meta property=\"og:type\" content=\"article\" \/>\n<meta property=\"og:title\" content=\"Av\u00eds legal - VERDIAN\" \/>\n<meta property=\"og:description\" content=\"INFORMACI\u00d3 GENERAL En compliment del que disposa l\u2019article 10 de la Llei 34\/2002, d\u201911 de juliol, de Serveis de la Societat de la Informaci\u00f3 i Comer\u00e7 Electr\u00f2nic, s\u2019informa que la titular del present lloc web \u00e9s: Verdian BV, societat constitu\u00efda segons les lleis dels Pa\u00efsos Baixos. N\u00famero d\u2019identificaci\u00f3 fiscal neerland\u00e8s: 862601824. N\u00famero d\u2019identificaci\u00f3 fiscal espanyol: [&hellip;]\" \/>\n<meta property=\"og:url\" content=\"https:\/\/verdianpower.com\/ca\/avis-legal\/\" \/>\n<meta property=\"og:site_name\" content=\"VERDIAN\" \/>\n<meta property=\"article:modified_time\" content=\"2025-09-29T16:20:39+00:00\" \/>\n<meta name=\"twitter:card\" content=\"summary_large_image\" \/>\n<meta name=\"twitter:label1\" content=\"Temps estimat de lectura\" \/>\n\t<meta name=\"twitter:data1\" content=\"4 minuts\" \/>\n<script type=\"application\/ld+json\" class=\"yoast-schema-graph\">{\"@context\":\"https:\/\/schema.org\",\"@graph\":[{\"@type\":\"WebPage\",\"@id\":\"https:\/\/verdianpower.com\/ca\/avis-legal\/\",\"url\":\"https:\/\/verdianpower.com\/ca\/avis-legal\/\",\"name\":\"Av\u00eds legal - VERDIAN\",\"isPartOf\":{\"@id\":\"https:\/\/verdianpower.com\/ca\/#website\"},\"datePublished\":\"2025-09-29T15:42:13+00:00\",\"dateModified\":\"2025-09-29T16:20:39+00:00\",\"breadcrumb\":{\"@id\":\"https:\/\/verdianpower.com\/ca\/avis-legal\/#breadcrumb\"},\"inLanguage\":\"ca\",\"potentialAction\":[{\"@type\":\"ReadAction\",\"target\":[\"https:\/\/verdianpower.com\/ca\/avis-legal\/\"]}]},{\"@type\":\"BreadcrumbList\",\"@id\":\"https:\/\/verdianpower.com\/ca\/avis-legal\/#breadcrumb\",\"itemListElement\":[{\"@type\":\"ListItem\",\"position\":1,\"name\":\"Portada\",\"item\":\"https:\/\/verdianpower.com\/ca\/\"},{\"@type\":\"ListItem\",\"position\":2,\"name\":\"Av\u00eds legal\"}]},{\"@type\":\"WebSite\",\"@id\":\"https:\/\/verdianpower.com\/ca\/#website\",\"url\":\"https:\/\/verdianpower.com\/ca\/\",\"name\":\"VERDIAN\",\"description\":\"\",\"potentialAction\":[{\"@type\":\"SearchAction\",\"target\":{\"@type\":\"EntryPoint\",\"urlTemplate\":\"https:\/\/verdianpower.com\/ca\/?s={search_term_string}\"},\"query-input\":{\"@type\":\"PropertyValueSpecification\",\"valueRequired\":true,\"valueName\":\"search_term_string\"}}],\"inLanguage\":\"ca\"}]}<\/script>\n<!-- \/ Yoast SEO plugin. -->","yoast_head_json":{"title":"Av\u00eds legal - VERDIAN","robots":{"index":"noindex","follow":"follow"},"og_locale":"ca_ES","og_type":"article","og_title":"Av\u00eds legal - VERDIAN","og_description":"INFORMACI\u00d3 GENERAL En compliment del que disposa l\u2019article 10 de la Llei 34\/2002, d\u201911 de juliol, de Serveis de la Societat de la Informaci\u00f3 i Comer\u00e7 Electr\u00f2nic, s\u2019informa que la titular del present lloc web \u00e9s: Verdian BV, societat constitu\u00efda segons les lleis dels Pa\u00efsos Baixos. N\u00famero d\u2019identificaci\u00f3 fiscal neerland\u00e8s: 862601824. N\u00famero d\u2019identificaci\u00f3 fiscal espanyol: [&hellip;]","og_url":"https:\/\/verdianpower.com\/ca\/avis-legal\/","og_site_name":"VERDIAN","article_modified_time":"2025-09-29T16:20:39+00:00","twitter_card":"summary_large_image","twitter_misc":{"Temps estimat de lectura":"4 minuts"},"schema":{"@context":"https:\/\/schema.org","@graph":[{"@type":"WebPage","@id":"https:\/\/verdianpower.com\/ca\/avis-legal\/","url":"https:\/\/verdianpower.com\/ca\/avis-legal\/","name":"Av\u00eds legal - VERDIAN","isPartOf":{"@id":"https:\/\/verdianpower.com\/ca\/#website"},"datePublished":"2025-09-29T15:42:13+00:00","dateModified":"2025-09-29T16:20:39+00:00","breadcrumb":{"@id":"https:\/\/verdianpower.com\/ca\/avis-legal\/#breadcrumb"},"inLanguage":"ca","potentialAction":[{"@type":"ReadAction","target":["https:\/\/verdianpower.com\/ca\/avis-legal\/"]}]},{"@type":"BreadcrumbList","@id":"https:\/\/verdianpower.com\/ca\/avis-legal\/#breadcrumb","itemListElement":[{"@type":"ListItem","position":1,"name":"Portada","item":"https:\/\/verdianpower.com\/ca\/"},{"@type":"ListItem","position":2,"name":"Av\u00eds legal"}]},{"@type":"WebSite","@id":"https:\/\/verdianpower.com\/ca\/#website","url":"https:\/\/verdianpower.com\/ca\/","name":"VERDIAN","description":"","potentialAction":[{"@type":"SearchAction","target":{"@type":"EntryPoint","urlTemplate":"https:\/\/verdianpower.com\/ca\/?s={search_term_string}"},"query-input":{"@type":"PropertyValueSpecification","valueRequired":true,"valueName":"search_term_string"}}],"inLanguage":"ca"}]}},"_links":{"self":[{"href":"https:\/\/verdianpower.com\/ca\/wp-json\/wp\/v2\/pages\/1565","targetHints":{"allow":["GET"]}}],"collection":[{"href":"https:\/\/verdianpower.com\/ca\/wp-json\/wp\/v2\/pages"}],"about":[{"href":"https:\/\/verdianpower.com\/ca\/wp-json\/wp\/v2\/types\/page"}],"author":[{"embeddable":true,"href":"https:\/\/verdianpower.com\/ca\/wp-json\/wp\/v2\/users\/5"}],"replies":[{"embeddable":true,"href":"https:\/\/verdianpower.com\/ca\/wp-json\/wp\/v2\/comments?post=1565"}],"version-history":[{"count":0,"href":"https:\/\/verdianpower.com\/ca\/wp-json\/wp\/v2\/pages\/1565\/revisions"}],"wp:attachment":[{"href":"https:\/\/verdianpower.com\/ca\/wp-json\/wp\/v2\/media?parent=1565"}],"curies":[{"name":"wp","href":"https:\/\/api.w.org\/{rel}","templated":true}]}}