{"id":1274,"date":"2022-11-18T11:45:32","date_gmt":"2022-11-18T10:45:32","guid":{"rendered":"https:\/\/verdianpower.com\/inici\/"},"modified":"2025-10-25T09:24:57","modified_gmt":"2025-10-25T07:24:57","slug":"inici","status":"publish","type":"page","link":"https:\/\/verdianpower.com\/ca\/","title":{"rendered":"Inici"},"content":{"rendered":"\t\t<div data-elementor-type=\"wp-page\" data-elementor-id=\"1274\" class=\"elementor elementor-1274 elementor-66\" data-elementor-post-type=\"page\">\n\t\t\t\t<div class=\"elementor-element elementor-element-39a328e e-flex e-con-boxed e-con e-parent\" data-id=\"39a328e\" data-element_type=\"container\" data-e-type=\"container\" data-settings=\"{&quot;background_background&quot;:&quot;classic&quot;}\">\n\t\t\t\t\t<div class=\"e-con-inner\">\n\t\t\t\t<div class=\"elementor-element elementor-element-e6774a2 elementor-widget__width-initial elementor-widget-mobile__width-inherit elementor-widget elementor-widget-heading\" data-id=\"e6774a2\" data-element_type=\"widget\" data-e-type=\"widget\" data-widget_type=\"heading.default\">\n\t\t\t\t<div class=\"elementor-widget-container\">\n\t\t\t\t\t<h2 class=\"elementor-heading-title elementor-size-default\">Les accions d'avui impulsen l'<span class=\"subrayado\">energia<\/span> neta de dem\u00e0\n<\/h2>\t\t\t\t<\/div>\n\t\t\t\t<\/div>\n\t\t\t\t<div class=\"elementor-element elementor-element-e5ffca7 elementor-widget__width-initial elementor-widget-mobile__width-inherit elementor-widget elementor-widget-heading\" data-id=\"e5ffca7\" data-element_type=\"widget\" data-e-type=\"widget\" data-widget_type=\"heading.default\">\n\t\t\t\t<div class=\"elementor-widget-container\">\n\t\t\t\t\t<p class=\"elementor-heading-title elementor-size-default\">Generem energia 100% neta per un m\u00f3n m\u00e9s sostenible, treballant de la m\u00e0 de les comunitats on produ\u00efm l\u2019energia, col\u00b7laborant activament amb elles per protegir el seu entorn natural, el seu patrimoni cultural i el seu desenvolupament socioecon\u00f2mic.<\/p>\t\t\t\t<\/div>\n\t\t\t\t<\/div>\n\t\t\t\t\t<\/div>\n\t\t\t\t<\/div>\n\t\t<div class=\"elementor-element elementor-element-9df1e69 e-flex e-con-boxed e-con e-parent\" data-id=\"9df1e69\" data-element_type=\"container\" data-e-type=\"container\">\n\t\t\t\t\t<div class=\"e-con-inner\">\n\t\t<div class=\"elementor-element elementor-element-b91d4ba e-con-full e-flex e-con e-child\" data-id=\"b91d4ba\" data-element_type=\"container\" data-e-type=\"container\">\n\t\t\t\t<div class=\"elementor-element elementor-element-080c501 elementor-widget elementor-widget-heading\" data-id=\"080c501\" data-element_type=\"widget\" data-e-type=\"widget\" data-widget_type=\"heading.default\">\n\t\t\t\t<div class=\"elementor-widget-container\">\n\t\t\t\t\t<h2 class=\"elementor-heading-title elementor-size-default\">El teu aliat pel canvi en el sector de les energies renovables<\/h2>\t\t\t\t<\/div>\n\t\t\t\t<\/div>\n\t\t\t\t<div class=\"elementor-element elementor-element-0255492 elementor-widget elementor-widget-text-editor\" data-id=\"0255492\" data-element_type=\"widget\" data-e-type=\"widget\" data-widget_type=\"text-editor.default\">\n\t\t\t\t<div class=\"elementor-widget-container\">\n\t\t\t\t\t\t\t\t\t<p>Verdian vol ser part de la soluci\u00f3, generant energia completament neta i renovable que contribueixi a la independ\u00e8ncia energ\u00e8tica d\u2019Europa, des d\u2019una perspectiva sostenible que suposi un canvi real en l\u2019emerg\u00e8ncia clim\u00e0tica.<\/p><p>El nostre equip, els prove\u00efdors i els clients estan compromesos amb la protecci\u00f3 del medi ambient i amb fomentar els vincles comunitaris, fent front al canvi clim\u00e0tic a les zones on treballem, per\u00f2 tamb\u00e9 a escala global.<\/p>\t\t\t\t\t\t\t\t<\/div>\n\t\t\t\t<\/div>\n\t\t\t\t<\/div>\n\t\t<div class=\"elementor-element elementor-element-096f829 e-con-full e-flex e-con e-child\" data-id=\"096f829\" data-element_type=\"container\" data-e-type=\"container\">\n\t\t\t\t<div class=\"elementor-element elementor-element-5b58e33 elementor-widget elementor-widget-image\" data-id=\"5b58e33\" data-element_type=\"widget\" data-e-type=\"widget\" data-widget_type=\"image.default\">\n\t\t\t\t<div class=\"elementor-widget-container\">\n\t\t\t\t\t\t\t\t\t\t\t\t\t\t\t<img fetchpriority=\"high\" decoding=\"async\" width=\"800\" height=\"800\" src=\"https:\/\/verdianpower.com\/wp-content\/uploads\/2025\/09\/energy-sector.png\" class=\"attachment-large size-large wp-image-208\" alt=\"\" srcset=\"https:\/\/verdianpower.com\/wp-content\/uploads\/2025\/09\/energy-sector.png 885w, https:\/\/verdianpower.com\/wp-content\/uploads\/2025\/09\/energy-sector-300x300.png 300w, https:\/\/verdianpower.com\/wp-content\/uploads\/2025\/09\/energy-sector-150x150.png 150w, https:\/\/verdianpower.com\/wp-content\/uploads\/2025\/09\/energy-sector-768x768.png 768w\" sizes=\"(max-width: 800px) 100vw, 800px\" \/>\t\t\t\t\t\t\t\t\t\t\t\t\t\t\t<\/div>\n\t\t\t\t<\/div>\n\t\t\t\t<\/div>\n\t\t\t\t\t<\/div>\n\t\t\t\t<\/div>\n\t\t<div class=\"elementor-element elementor-element-d9b554d e-flex e-con-boxed e-con e-parent\" data-id=\"d9b554d\" data-element_type=\"container\" data-e-type=\"container\" data-settings=\"{&quot;background_background&quot;:&quot;classic&quot;}\">\n\t\t\t\t\t<div class=\"e-con-inner\">\n\t\t\t\t<div class=\"elementor-element elementor-element-0060760 elementor-widget elementor-widget-heading\" data-id=\"0060760\" data-element_type=\"widget\" data-e-type=\"widget\" data-widget_type=\"heading.default\">\n\t\t\t\t<div class=\"elementor-widget-container\">\n\t\t\t\t\t<h2 class=\"elementor-heading-title elementor-size-default\">Com et podem ajudar?<\/h2>\t\t\t\t<\/div>\n\t\t\t\t<\/div>\n\t\t\t\t<div class=\"elementor-element elementor-element-1d6b34d elementor-widget__width-initial elementor-widget-mobile__width-inherit elementor-widget elementor-widget-text-editor\" data-id=\"1d6b34d\" data-element_type=\"widget\" data-e-type=\"widget\" data-widget_type=\"text-editor.default\">\n\t\t\t\t<div class=\"elementor-widget-container\">\n\t\t\t\t\t\t\t\t\t<p>M\u00e9s enll\u00e0 de la visi\u00f3 corporativa volem avan\u00e7ar des d\u2019una perspectiva humana, posant les comunitats al centre de cada projecte.<\/p>\t\t\t\t\t\t\t\t<\/div>\n\t\t\t\t<\/div>\n\t\t<div class=\"elementor-element elementor-element-5c86ea0 e-grid e-con-full e-con e-child\" data-id=\"5c86ea0\" data-element_type=\"container\" data-e-type=\"container\">\n\t\t<div class=\"elementor-element elementor-element-072644a e-con-full e-flex e-con e-child\" data-id=\"072644a\" data-element_type=\"container\" data-e-type=\"container\">\n\t\t\t\t<div class=\"elementor-element elementor-element-d94e56e elementor-widget elementor-widget-heading\" data-id=\"d94e56e\" data-element_type=\"widget\" data-e-type=\"widget\" data-widget_type=\"heading.default\">\n\t\t\t\t<div class=\"elementor-widget-container\">\n\t\t\t\t\t<h2 class=\"elementor-heading-title elementor-size-default\">M\u00e9s proximitat amb les comunitats<\/h2>\t\t\t\t<\/div>\n\t\t\t\t<\/div>\n\t\t\t\t<div class=\"elementor-element elementor-element-3f1248b elementor-widget elementor-widget-text-editor\" data-id=\"3f1248b\" data-element_type=\"widget\" data-e-type=\"widget\" data-widget_type=\"text-editor.default\">\n\t\t\t\t<div class=\"elementor-widget-container\">\n\t\t\t\t\t\t\t\t\t<p>A Verdian Power estem a prop de les comunitats en qu\u00e8 operem. Treballem activament per protegir l\u2019entorn natural i disminuir els efectes del canvi clim\u00e0tic en l\u2019\u00e0mbit local i global.<\/p>\t\t\t\t\t\t\t\t<\/div>\n\t\t\t\t<\/div>\n\t\t\t\t<\/div>\n\t\t<div class=\"elementor-element elementor-element-a76a31d e-con-full e-flex e-con e-child\" data-id=\"a76a31d\" data-element_type=\"container\" data-e-type=\"container\">\n\t\t\t\t<div class=\"elementor-element elementor-element-5555382 elementor-widget elementor-widget-heading\" data-id=\"5555382\" data-element_type=\"widget\" data-e-type=\"widget\" data-widget_type=\"heading.default\">\n\t\t\t\t<div class=\"elementor-widget-container\">\n\t\t\t\t\t<h2 class=\"elementor-heading-title elementor-size-default\">Les persones s\u00f3n el primer<\/h2>\t\t\t\t<\/div>\n\t\t\t\t<\/div>\n\t\t\t\t<div class=\"elementor-element elementor-element-82b11ee elementor-widget elementor-widget-text-editor\" data-id=\"82b11ee\" data-element_type=\"widget\" data-e-type=\"widget\" data-widget_type=\"text-editor.default\">\n\t\t\t\t<div class=\"elementor-widget-container\">\n\t\t\t\t\t\t\t\t\tEn particular, la poblaci\u00f3 de zones rurals i les dones estudiants i professionals del sector de les STEM\t\t\t\t\t\t\t\t<\/div>\n\t\t\t\t<\/div>\n\t\t\t\t<\/div>\n\t\t<div class=\"elementor-element elementor-element-347b32c e-con-full e-flex e-con e-child\" data-id=\"347b32c\" data-element_type=\"container\" data-e-type=\"container\">\n\t\t\t\t<div class=\"elementor-element elementor-element-da36f21 elementor-widget elementor-widget-heading\" data-id=\"da36f21\" data-element_type=\"widget\" data-e-type=\"widget\" data-widget_type=\"heading.default\">\n\t\t\t\t<div class=\"elementor-widget-container\">\n\t\t\t\t\t<h2 class=\"elementor-heading-title elementor-size-default\">Sent part de la soluci\u00f3<\/h2>\t\t\t\t<\/div>\n\t\t\t\t<\/div>\n\t\t\t\t<div class=\"elementor-element elementor-element-ab07ca8 elementor-widget elementor-widget-text-editor\" data-id=\"ab07ca8\" data-element_type=\"widget\" data-e-type=\"widget\" data-widget_type=\"text-editor.default\">\n\t\t\t\t<div class=\"elementor-widget-container\">\n\t\t\t\t\t\t\t\t\tGenerant energia 100% neta que contribueixi a la sostenibilitat global i a la independ\u00e8ncia energ\u00e8tica d\u2019Europa.\t\t\t\t\t\t\t\t<\/div>\n\t\t\t\t<\/div>\n\t\t\t\t<\/div>\n\t\t\t\t<\/div>\n\t\t\t\t\t<\/div>\n\t\t\t\t<\/div>\n\t\t<div class=\"elementor-element elementor-element-c4c28c7 e-flex e-con-boxed e-con e-parent\" data-id=\"c4c28c7\" data-element_type=\"container\" data-e-type=\"container\" data-settings=\"{&quot;background_background&quot;:&quot;classic&quot;}\">\n\t\t\t\t\t<div class=\"e-con-inner\">\n\t\t\t\t<div class=\"elementor-element elementor-element-154793c elementor-widget elementor-widget-heading\" data-id=\"154793c\" data-element_type=\"widget\" data-e-type=\"widget\" data-widget_type=\"heading.default\">\n\t\t\t\t<div class=\"elementor-widget-container\">\n\t\t\t\t\t<h2 class=\"elementor-heading-title elementor-size-default\">Sostenibilitat en tot el que fem\n<\/h2>\t\t\t\t<\/div>\n\t\t\t\t<\/div>\n\t\t\t\t<div class=\"elementor-element elementor-element-60f0c23 elementor-widget__width-initial elementor-widget-mobile__width-inherit elementor-icon-list--layout-traditional elementor-list-item-link-full_width elementor-widget elementor-widget-icon-list\" data-id=\"60f0c23\" data-element_type=\"widget\" data-e-type=\"widget\" data-widget_type=\"icon-list.default\">\n\t\t\t\t<div class=\"elementor-widget-container\">\n\t\t\t\t\t\t\t<ul class=\"elementor-icon-list-items\">\n\t\t\t\t\t\t\t<li class=\"elementor-icon-list-item\">\n\t\t\t\t\t\t\t\t\t\t\t<span class=\"elementor-icon-list-icon\">\n\t\t\t\t\t\t\t<svg xmlns=\"http:\/\/www.w3.org\/2000\/svg\" viewBox=\"0 0 16 16\"><g><path d=\"m2.00276 9.99724 7.99724.002762-.001488-8-.998512-.001381.000107 6.29438-8.293-8.293-.707107.707107 8.293 8.293h-6.293z\" transform=\"translate(3 3)\"><\/path><\/g><\/svg>\t\t\t\t\t\t<\/span>\n\t\t\t\t\t\t\t\t\t\t<span class=\"elementor-icon-list-text\"><strong>Donem prioritat a la protecci\u00f3 del medi ambient i la reducci\u00f3 d\u2019emissions.<\/strong><br> Les nostres operacions estan dissenyades per minimitzar l\u2019empremta de carboni, emprant tecnologies que promouen un futur m\u00e9s sostenible i ecol\u00f2gic.<\/span>\n\t\t\t\t\t\t\t\t\t<\/li>\n\t\t\t\t\t\t\t\t<li class=\"elementor-icon-list-item\">\n\t\t\t\t\t\t\t\t\t\t\t<span class=\"elementor-icon-list-icon\">\n\t\t\t\t\t\t\t<svg xmlns=\"http:\/\/www.w3.org\/2000\/svg\" viewBox=\"0 0 16 16\"><g><path d=\"m2.00276 9.99724 7.99724.002762-.001488-8-.998512-.001381.000107 6.29438-8.293-8.293-.707107.707107 8.293 8.293h-6.293z\" transform=\"translate(3 3)\"><\/path><\/g><\/svg>\t\t\t\t\t\t<\/span>\n\t\t\t\t\t\t\t\t\t\t<span class=\"elementor-icon-list-text\"><strong>Involucrem activament a les comunitats locals en els nostres projectes<\/strong>, escoltant les seves demandes i preocupacions per maximitzar l\u2019impacte positiu de la nostra activitat a cada zona. Relacionar-nos amb tots els actors i donar suport al desenvolupament comunitari \u00e9s fonamental per la nostra empresa. <br>El nostre objectiu \u00e9s crear un valor compartit i contribuir al benestar de les comunitats en qu\u00e8 treballem.<\/span>\n\t\t\t\t\t\t\t\t\t<\/li>\n\t\t\t\t\t\t\t\t<li class=\"elementor-icon-list-item\">\n\t\t\t\t\t\t\t\t\t\t\t<span class=\"elementor-icon-list-icon\">\n\t\t\t\t\t\t\t<svg xmlns=\"http:\/\/www.w3.org\/2000\/svg\" viewBox=\"0 0 16 16\"><g><path d=\"m2.00276 9.99724 7.99724.002762-.001488-8-.998512-.001381.000107 6.29438-8.293-8.293-.707107.707107 8.293 8.293h-6.293z\" transform=\"translate(3 3)\"><\/path><\/g><\/svg>\t\t\t\t\t\t<\/span>\n\t\t\t\t\t\t\t\t\t\t<span class=\"elementor-icon-list-text\"><strong>Ens adherim a estrictes est\u00e0ndards de compliment, transpar\u00e8ncia i \u00e8tica.<\/strong><br> Complim amb tots els requisits normatius i ens comuniquem amb les parts interessades de manera transparent per establir una relaci\u00f3 de confian\u00e7a. El nostre comprom\u00eds s'est\u00e9n a la cadena de producci\u00f3, on prioritzem les pr\u00e0ctiques \u00e8tiques i perfeccionem el nostre enfocament de governan\u00e7a per evolucionar amb els exigents est\u00e0ndards de la ind\u00fastria.<\/span>\n\t\t\t\t\t\t\t\t\t<\/li>\n\t\t\t\t\t\t<\/ul>\n\t\t\t\t\t\t<\/div>\n\t\t\t\t<\/div>\n\t\t\t\t\t<\/div>\n\t\t\t\t<\/div>\n\t\t\t\t<\/div>\n\t\t","protected":false},"excerpt":{"rendered":"<p>Les accions d&#8217;avui impulsen l&#8217;energia neta de dem\u00e0 Generem energia 100% neta per un m\u00f3n m\u00e9s sostenible, treballant de la m\u00e0 de les comunitats on produ\u00efm l\u2019energia, col\u00b7laborant activament amb elles per protegir el seu entorn natural, el seu patrimoni cultural i el seu desenvolupament socioecon\u00f2mic. El teu aliat pel canvi en el sector de [&hellip;]<\/p>\n","protected":false},"author":5,"featured_media":0,"parent":0,"menu_order":0,"comment_status":"closed","ping_status":"closed","template":"","meta":{"footnotes":""},"class_list":["post-1274","page","type-page","status-publish","hentry"],"yoast_head":"<!-- This site is optimized with the Yoast SEO plugin v27.2 - https:\/\/yoast.com\/product\/yoast-seo-wordpress\/ -->\n<title>VERDIAN - Energia 100% renovable per a Europa<\/title>\n<meta name=\"robots\" content=\"index, follow, max-snippet:-1, max-image-preview:large, max-video-preview:-1\" \/>\n<link rel=\"canonical\" href=\"https:\/\/verdianpower.com\/ca\/\" \/>\n<meta property=\"og:locale\" content=\"ca_ES\" \/>\n<meta property=\"og:type\" content=\"article\" \/>\n<meta property=\"og:title\" content=\"VERDIAN - Energia 100% renovable per a Europa\" \/>\n<meta property=\"og:description\" content=\"Les accions d&#8217;avui impulsen l&#8217;energia neta de dem\u00e0 Generem energia 100% neta per un m\u00f3n m\u00e9s sostenible, treballant de la m\u00e0 de les comunitats on produ\u00efm l\u2019energia, col\u00b7laborant activament amb elles per protegir el seu entorn natural, el seu patrimoni cultural i el seu desenvolupament socioecon\u00f2mic. El teu aliat pel canvi en el sector de [&hellip;]\" \/>\n<meta property=\"og:url\" content=\"https:\/\/verdianpower.com\/ca\/\" \/>\n<meta property=\"og:site_name\" content=\"VERDIAN\" \/>\n<meta property=\"article:modified_time\" content=\"2025-10-25T07:24:57+00:00\" \/>\n<meta property=\"og:image\" content=\"https:\/\/verdianpower.com\/wp-content\/uploads\/2025\/09\/energy-sector.png\" \/>\n<meta name=\"twitter:card\" content=\"summary_large_image\" \/>\n<meta name=\"twitter:label1\" content=\"Temps estimat de lectura\" \/>\n\t<meta name=\"twitter:data1\" content=\"2 minuts\" \/>\n<script type=\"application\/ld+json\" class=\"yoast-schema-graph\">{\"@context\":\"https:\/\/schema.org\",\"@graph\":[{\"@type\":\"WebPage\",\"@id\":\"https:\/\/verdianpower.com\/ca\/\",\"url\":\"https:\/\/verdianpower.com\/ca\/\",\"name\":\"VERDIAN - Energia 100% renovable per a Europa\",\"isPartOf\":{\"@id\":\"https:\/\/verdianpower.com\/ca\/#website\"},\"primaryImageOfPage\":{\"@id\":\"https:\/\/verdianpower.com\/ca\/#primaryimage\"},\"image\":{\"@id\":\"https:\/\/verdianpower.com\/ca\/#primaryimage\"},\"thumbnailUrl\":\"https:\/\/verdianpower.com\/wp-content\/uploads\/2025\/09\/energy-sector.png\",\"datePublished\":\"2022-11-18T10:45:32+00:00\",\"dateModified\":\"2025-10-25T07:24:57+00:00\",\"breadcrumb\":{\"@id\":\"https:\/\/verdianpower.com\/ca\/#breadcrumb\"},\"inLanguage\":\"ca\",\"potentialAction\":[{\"@type\":\"ReadAction\",\"target\":[\"https:\/\/verdianpower.com\/ca\/\"]}]},{\"@type\":\"ImageObject\",\"inLanguage\":\"ca\",\"@id\":\"https:\/\/verdianpower.com\/ca\/#primaryimage\",\"url\":\"https:\/\/verdianpower.com\/wp-content\/uploads\/2025\/09\/energy-sector.png\",\"contentUrl\":\"https:\/\/verdianpower.com\/wp-content\/uploads\/2025\/09\/energy-sector.png\"},{\"@type\":\"BreadcrumbList\",\"@id\":\"https:\/\/verdianpower.com\/ca\/#breadcrumb\",\"itemListElement\":[{\"@type\":\"ListItem\",\"position\":1,\"name\":\"Portada\",\"item\":\"https:\/\/verdianpower.com\/ca\/\"},{\"@type\":\"ListItem\",\"position\":2,\"name\":\"Inici\"}]},{\"@type\":\"WebSite\",\"@id\":\"https:\/\/verdianpower.com\/ca\/#website\",\"url\":\"https:\/\/verdianpower.com\/ca\/\",\"name\":\"VERDIAN\",\"description\":\"\",\"potentialAction\":[{\"@type\":\"SearchAction\",\"target\":{\"@type\":\"EntryPoint\",\"urlTemplate\":\"https:\/\/verdianpower.com\/ca\/?s={search_term_string}\"},\"query-input\":{\"@type\":\"PropertyValueSpecification\",\"valueRequired\":true,\"valueName\":\"search_term_string\"}}],\"inLanguage\":\"ca\"}]}<\/script>\n<!-- \/ Yoast SEO plugin. -->","yoast_head_json":{"title":"VERDIAN - Energia 100% renovable per a Europa","robots":{"index":"index","follow":"follow","max-snippet":"max-snippet:-1","max-image-preview":"max-image-preview:large","max-video-preview":"max-video-preview:-1"},"canonical":"https:\/\/verdianpower.com\/ca\/","og_locale":"ca_ES","og_type":"article","og_title":"VERDIAN - Energia 100% renovable per a Europa","og_description":"Les accions d&#8217;avui impulsen l&#8217;energia neta de dem\u00e0 Generem energia 100% neta per un m\u00f3n m\u00e9s sostenible, treballant de la m\u00e0 de les comunitats on produ\u00efm l\u2019energia, col\u00b7laborant activament amb elles per protegir el seu entorn natural, el seu patrimoni cultural i el seu desenvolupament socioecon\u00f2mic. El teu aliat pel canvi en el sector de [&hellip;]","og_url":"https:\/\/verdianpower.com\/ca\/","og_site_name":"VERDIAN","article_modified_time":"2025-10-25T07:24:57+00:00","og_image":[{"url":"https:\/\/verdianpower.com\/wp-content\/uploads\/2025\/09\/energy-sector.png","type":"","width":"","height":""}],"twitter_card":"summary_large_image","twitter_misc":{"Temps estimat de lectura":"2 minuts"},"schema":{"@context":"https:\/\/schema.org","@graph":[{"@type":"WebPage","@id":"https:\/\/verdianpower.com\/ca\/","url":"https:\/\/verdianpower.com\/ca\/","name":"VERDIAN - Energia 100% renovable per a Europa","isPartOf":{"@id":"https:\/\/verdianpower.com\/ca\/#website"},"primaryImageOfPage":{"@id":"https:\/\/verdianpower.com\/ca\/#primaryimage"},"image":{"@id":"https:\/\/verdianpower.com\/ca\/#primaryimage"},"thumbnailUrl":"https:\/\/verdianpower.com\/wp-content\/uploads\/2025\/09\/energy-sector.png","datePublished":"2022-11-18T10:45:32+00:00","dateModified":"2025-10-25T07:24:57+00:00","breadcrumb":{"@id":"https:\/\/verdianpower.com\/ca\/#breadcrumb"},"inLanguage":"ca","potentialAction":[{"@type":"ReadAction","target":["https:\/\/verdianpower.com\/ca\/"]}]},{"@type":"ImageObject","inLanguage":"ca","@id":"https:\/\/verdianpower.com\/ca\/#primaryimage","url":"https:\/\/verdianpower.com\/wp-content\/uploads\/2025\/09\/energy-sector.png","contentUrl":"https:\/\/verdianpower.com\/wp-content\/uploads\/2025\/09\/energy-sector.png"},{"@type":"BreadcrumbList","@id":"https:\/\/verdianpower.com\/ca\/#breadcrumb","itemListElement":[{"@type":"ListItem","position":1,"name":"Portada","item":"https:\/\/verdianpower.com\/ca\/"},{"@type":"ListItem","position":2,"name":"Inici"}]},{"@type":"WebSite","@id":"https:\/\/verdianpower.com\/ca\/#website","url":"https:\/\/verdianpower.com\/ca\/","name":"VERDIAN","description":"","potentialAction":[{"@type":"SearchAction","target":{"@type":"EntryPoint","urlTemplate":"https:\/\/verdianpower.com\/ca\/?s={search_term_string}"},"query-input":{"@type":"PropertyValueSpecification","valueRequired":true,"valueName":"search_term_string"}}],"inLanguage":"ca"}]}},"_links":{"self":[{"href":"https:\/\/verdianpower.com\/ca\/wp-json\/wp\/v2\/pages\/1274","targetHints":{"allow":["GET"]}}],"collection":[{"href":"https:\/\/verdianpower.com\/ca\/wp-json\/wp\/v2\/pages"}],"about":[{"href":"https:\/\/verdianpower.com\/ca\/wp-json\/wp\/v2\/types\/page"}],"author":[{"embeddable":true,"href":"https:\/\/verdianpower.com\/ca\/wp-json\/wp\/v2\/users\/5"}],"replies":[{"embeddable":true,"href":"https:\/\/verdianpower.com\/ca\/wp-json\/wp\/v2\/comments?post=1274"}],"version-history":[{"count":1,"href":"https:\/\/verdianpower.com\/ca\/wp-json\/wp\/v2\/pages\/1274\/revisions"}],"predecessor-version":[{"id":1828,"href":"https:\/\/verdianpower.com\/ca\/wp-json\/wp\/v2\/pages\/1274\/revisions\/1828"}],"wp:attachment":[{"href":"https:\/\/verdianpower.com\/ca\/wp-json\/wp\/v2\/media?parent=1274"}],"curies":[{"name":"wp","href":"https:\/\/api.w.org\/{rel}","templated":true}]}}